{"id":2059,"date":"2025-10-01T20:33:38","date_gmt":"2025-10-01T17:33:38","guid":{"rendered":"https:\/\/mostbetoficial.com\/?page_id=2059"},"modified":"2025-10-01T21:19:55","modified_gmt":"2025-10-01T18:19:55","slug":"proveedores-de-tragaperras","status":"publish","type":"page","link":"https:\/\/mostbetoficial.com\/pt-br\/blog\/proveedores-de-tragaperras\/","title":{"rendered":"Fornecedores de m\u00e1quinas ca\u00e7a-n\u00edqueis"},"content":{"rendered":"\n<div class=\"wp-block-group after-head\"><div class=\"wp-block-group__inner-container is-layout-flow wp-block-group-is-layout-flow\">\n<h1 class=\"wp-block-heading div has-accent-color has-text-color\" id=\"Proveedores-de-Tragaperras\" style=\"font-size:39px\">Conhe\u00e7a os principais <strong>fornecedores de ca\u00e7a-n\u00edqueis<\/strong> e suas inova\u00e7\u00f5es (BTG, NetEnt, Nolimit City)<\/h1>\n\n\n\n<p class=\"has-base-3-color has-text-color\">Voc\u00ea j\u00e1 sabe o que s\u00e3o <strong>Volatilidade<\/strong> e <strong>RTP<\/strong> (Return to Player). Mas para realmente entender um jogo, voc\u00ea precisa saber quem o criou. O desenvolvedor, ou <strong>fornecedor<\/strong>, determina n\u00e3o apenas os gr\u00e1ficos, mas tamb\u00e9m a <em>l\u00f3gica<\/em> do jogo em si: como os ganhos s\u00e3o formados, qual o tamanho deles e quais rodadas de b\u00f4nus esperam por voc\u00ea.  <\/p>\n\n\n\n<p class=\"has-base-3-color has-text-color\">Conhecer os principais provedores e suas <strong>mec\u00e2nicas exclusivas<\/strong> \u00e9 a chave para escolher o ca\u00e7a-n\u00edquel que melhor se adapta ao seu estilo de jogo.<\/p>\n<\/div><\/div>\n\n\n\n<div class=\"wp-block-cover\"><span aria-hidden=\"true\" class=\"wp-block-cover__background has-base-background-color has-background-dim-100 has-background-dim\"><\/span><div class=\"wp-block-cover__inner-container is-layout-constrained wp-block-cover-is-layout-constrained\">\n<div class=\"wp-block-cover\"><span aria-hidden=\"true\" class=\"wp-block-cover__background has-base-2-background-color has-background-dim-100 has-background-dim\"><\/span><div class=\"wp-block-cover__inner-container is-layout-constrained wp-block-cover-is-layout-constrained\"><div class=\"wp-block-image\">\n<figure class=\"aligncenter size-full is-resized\"><img loading=\"lazy\" decoding=\"async\" width=\"931\" height=\"611\" src=\"https:\/\/mostbetoficial.com\/wp-content\/uploads\/2025\/10\/Proveedores-de-Tragaperras-blog.png\" alt=\"Proveedores de Tragaperras blog\" class=\"wp-image-2066\" style=\"aspect-ratio:16\/9;object-fit:contain;width:556px;height:auto\" srcset=\"https:\/\/mostbetoficial.com\/wp-content\/uploads\/2025\/10\/Proveedores-de-Tragaperras-blog.png 931w, https:\/\/mostbetoficial.com\/wp-content\/uploads\/2025\/10\/Proveedores-de-Tragaperras-blog-300x197.png 300w, https:\/\/mostbetoficial.com\/wp-content\/uploads\/2025\/10\/Proveedores-de-Tragaperras-blog-768x504.png 768w, https:\/\/mostbetoficial.com\/wp-content\/uploads\/2025\/10\/Proveedores-de-Tragaperras-blog-150x98.png 150w\" sizes=\"auto, (max-width: 931px) 100vw, 931px\" \/><\/figure>\n<\/div><\/div><\/div>\n\n\n\n<h2 class=\"wp-block-heading has-text-align-center has-accent-color has-text-color has-link-color wp-elements-fc08616d9d593db1c463055c37e0f8f1\" id=\"Big-Time-Gaming\" style=\"text-transform:uppercase\">Big Time Gaming (BTG): A Revolu\u00e7\u00e3o dos Megaways<\/h2>\n\n\n\n<p class=\"has-contrast-color has-text-color has-link-color wp-elements-24a9911792c7d39e5d0d8e7d2907b2b2\">Se voc\u00ea joga ca\u00e7a-n\u00edqueis, provavelmente j\u00e1 ouviu falar de <strong>Megaways<\/strong>. Essa mec\u00e2nica n\u00e3o mudou apenas o setor, ela o <em>reiniciou<\/em>. E foi criada pelo fornecedor australiano <strong>Big Time Gaming (BTG)<\/strong>, cujas inova\u00e7\u00f5es s\u00e3o populares em plataformas como <strong><a href=\"https:\/\/mostbetoficial.com\/pt-br\/\">mostbet oficial<\/a><\/strong>.<\/p>\n\n\n\n<h2 class=\"wp-block-heading has-text-align-center has-accent-color has-text-color has-link-color wp-elements-4d5897f2e3a8ab4005844776ac448df1\" id=\"Mec\u00e1nica-Exclusiva\" style=\"text-transform:uppercase\">Mec\u00e2nica exclusiva: Megaways<\/h2>\n\n\n\n<ul class=\"wp-block-list\">\n<li class=\"has-contrast-color has-text-color has-link-color wp-elements-1437f38335cb30c2bbdaa73469622c3f\"><strong>Ess\u00eancia:<\/strong> Nos ca\u00e7a-n\u00edqueis cl\u00e1ssicos, o n\u00famero de s\u00edmbolos na bobina \u00e9 fixo. No Megaways, ele <strong>muda dinamicamente<\/strong> a cada rodada. De 2 a 7 s\u00edmbolos podem aparecer em cada uma das 6 bobinas.  <\/li>\n\n\n\n<li class=\"has-contrast-color has-text-color has-link-color wp-elements-321ec380b15b61f7373a0fd4a783d56a\"><strong>Resultado:<\/strong> voc\u00ea pode ter <strong>at\u00e9 117.649<\/strong> Maneiras de Ganhar em uma \u00fanica rodada.<\/li>\n\n\n\n<li class=\"has-contrast-color has-text-color has-link-color wp-elements-4fb4d8f3a86f3610488366ad9d7d3345\"><strong>Experi\u00eancia de jogo:<\/strong> Os ca\u00e7a-n\u00edqueis BTG geralmente t\u00eam <strong>alta volatilidade<\/strong>. Elas podem ficar &#8220;silenciosas&#8221; por um longo per\u00edodo, mas o potencial para um ganho colossal na rodada de b\u00f4nus \u00e9 imenso. Os jogos geralmente usam <strong>rolos em cascata<\/strong> (os s\u00edmbolos vencedores desaparecem, dando lugar a novos), permitindo que v\u00e1rios pr\u00eamios sejam acumulados em uma \u00fanica rodada.  <\/li>\n<\/ul>\n\n\n\n<figure class=\"wp-block-table\"><table class=\"has-contrast-color has-text-color has-link-color has-fixed-layout\"><thead><tr><th>Fornecedor<\/th><th>Mec\u00e2nica exclusiva<\/th><th>Slots de chave<\/th><th>Foco principal<\/th><\/tr><\/thead><tbody><tr><td>Big Time Gaming (BTG)<\/td><td>Megaways<\/td><td>Bonanza, Extra Chilli<\/td><td>Alto potencial de ganhos, imprevisibilidade.<\/td><\/tr><\/tbody><\/table><\/figure>\n\n\n\n<p class=\"has-contrast-color has-text-color has-link-color wp-elements-60bf8c67e2b6a9a3c02661d382b116e1\"><\/p>\n\n\n\n<h2 class=\"wp-block-heading has-text-align-center has-accent-color has-text-color has-link-color wp-elements-31361ec534a09b28bdbd591232672c3f\" id=\"NetEnt\" style=\"text-transform:uppercase\">NetEnt: \u00cdcones de qualidade e inova\u00e7\u00e3o<\/h2>\n\n\n\n<p class=\"has-contrast-color has-text-color has-link-color wp-elements-d1a3fb0e6e8cb4fb95ff002abd1b47ea\">O est\u00fadio sueco <strong>NetEnt<\/strong> (Net Entertainment) \u00e9 sin\u00f4nimo de <strong>qualidade premium<\/strong>. Se o BTG trouxe uma revolu\u00e7\u00e3o na matem\u00e1tica, a NetEnt est\u00e1 comprometida com <strong>gr\u00e1ficos, sons e recursos inovadores<\/strong>. <\/p>\n\n\n\n<h2 class=\"wp-block-heading has-contrast-color has-text-color has-link-color wp-elements-e313e2c819a3e9864864a9ae57745e03\">As &#8220;marcas registradas&#8221; da NetEnt.<\/h2>\n\n\n\n<ol class=\"wp-block-list\">\n<li class=\"has-contrast-color has-text-color has-link-color wp-elements-8e5c0c19117a2d173e108381b1b70168\"><strong>Wilds ambulantes:<\/strong> O s\u00edmbolo Wild pousa na bobina e &#8220;caminha&#8221; uma posi\u00e7\u00e3o para a esquerda a cada nova <em>rodada<\/em> gr\u00e1tis, at\u00e9 sair do campo de jogo. Isso prolonga a emo\u00e7\u00e3o e as chances de ganhar<em>(ca\u00e7a-n\u00edqueis: Jack and the Beanstalk, Invisible Man<\/em>).<\/li>\n\n\n\n<li class=\"has-contrast-color has-text-color has-link-color wp-elements-76cc6b9ed1f9228fe414a0efc2ba5c0c\"><strong>Pagamentos agrupados:<\/strong> Esque\u00e7a as linhas! O pr\u00eamio \u00e9 formado quando os mesmos s\u00edmbolos s\u00e3o agrupados em um <strong>conjunto<\/strong> no campo. Quanto maior o grupo, maior o pr\u00eamio. Isso oferece uma din\u00e2mica completamente diferente<em>(Slot: Aloha! Cluster Pays<\/em>). <\/li>\n<\/ol>\n\n\n\n<figure class=\"wp-block-table\"><table class=\"has-contrast-color has-base-background-color has-text-color has-background has-link-color has-fixed-layout\"><thead><tr><th>Fornecedor<\/th><th>Mec\u00e2nica exclusiva<\/th><th>Slots de chave<\/th><th>Foco principal<\/th><\/tr><\/thead><tbody><tr><td>NetEnt<\/td><td>Walking Wilds, Cluster Pays<\/td><td>Starburst, Gonzo&#8217;s Quest, Dead or Alive 2<\/td><td>Qualidade gr\u00e1fica, jogabilidade equilibrada, RTP alto.<\/td><\/tr><\/tbody><\/table><\/figure>\n\n\n\n<h2 class=\"wp-block-heading has-text-align-center has-accent-color has-text-color has-link-color wp-elements-4431f6c376a8928c6f6a80b21c1dafd3\" id=\"Nolimit-City\" style=\"text-transform:uppercase\">Nolimit City: Volatilidade m\u00e1xima para os mais ousados<\/h2>\n\n\n\n<p class=\"has-contrast-color has-text-color has-link-color wp-elements-dece3a54b19f3f6a9786cb111b6a73e5\"><strong>O Nolimit City<\/strong> \u00e9 o provedor para aqueles que buscam o <strong>extremo<\/strong>. Seus ca\u00e7a-n\u00edqueis apresentam um tema exclusivo e escuro e, o mais importante, <g id=\"gid_2\">uma volatilidade recorde<\/g>. Sua mec\u00e2nica exclusiva foi projetada para aumentar o ganho m\u00e1ximo em milhares, \u00e0s vezes centenas de milhares, de vezes a aposta.  <\/p>\n\n\n\n<h2 class=\"wp-block-heading has-contrast-color has-text-color has-link-color wp-elements-22cc5673cf5cd2bc658daf75e2af5706\" id=\"Las-x-Mec\u00e1nicas-Exclusivas\">Os exclusivos x-Mechanical<\/h2>\n\n\n\n<ul class=\"wp-block-list\">\n<li class=\"has-contrast-color has-text-color has-link-color wp-elements-3d38bffec173841e6d88f8f91637b993\"><strong>xNudge:<\/strong> Os s\u00edmbolos Wild s\u00e3o &#8220;empurrados&#8221; para o carretel at\u00e9 preencherem todo o carretel. Cada um desses empurr\u00f5es aumenta o multiplicador. <\/li>\n\n\n\n<li class=\"has-contrast-color has-text-color has-link-color wp-elements-a1b175e60d82d16474e6ca5ab578bd6a\"><strong>xWays:<\/strong> O s\u00edmbolo xWays que cair se abre para revelar de 2 a 4 (\u00e0s vezes mais) s\u00edmbolos id\u00eanticos, aumentando drasticamente o n\u00famero de formas de ganhar.<\/li>\n\n\n\n<li class=\"has-contrast-color has-text-color has-link-color wp-elements-a3dfdc030ec16e42f515af134c7ac456\"><strong>xSplit\/xBomb:<\/strong> esses recursos literalmente <strong>explodem<\/strong> os s\u00edmbolos no campo, dividindo-os ou removendo-os para criar ainda mais posi\u00e7\u00f5es vencedoras e aumentar os multiplicadores.<\/li>\n<\/ul>\n\n\n\n<figure class=\"wp-block-table\"><table class=\"has-contrast-color has-text-color has-link-color has-fixed-layout\"><thead><tr><th>Fornecedor<\/th><th>Mec\u00e2nica exclusiva<\/th><th>Slots de chave<\/th><th>Foco principal<\/th><\/tr><\/thead><tbody><tr><td>Cidade de Nolimit<\/td><td>xNudge, xWays, xSplit<\/td><td>San Quentin xWays, Mental, Deadwood<\/td><td>Volatilidade extremamente alta, potencial de lucro extremo.<\/td><\/tr><\/tbody><\/table><\/figure>\n\n\n\n<h2 class=\"wp-block-heading has-text-align-center has-accent-color has-text-color has-link-color wp-elements-9ad8f0a805143388db93fc664470f786\" id=\"Pragmatic-Play\" style=\"text-transform:uppercase\">Jogo pragm\u00e1tico: torneios e popularidade em massa<\/h2>\n\n\n\n<p class=\"has-contrast-color has-text-color has-link-color wp-elements-ed2382fc6fc1d66acad95c2eae63bcc2\"><strong>A Pragmatic Play<\/strong> conquistou os jogadores por meio de um enorme portf\u00f3lio de jogos, novos lan\u00e7amentos frequentes e, o mais importante, <strong>promo\u00e7\u00f5es em rede<\/strong>.<\/p>\n\n\n\n<h2 class=\"wp-block-heading has-contrast-color has-text-color has-link-color wp-elements-6eb5bc13786fd33150ec4d71353c3756\">Drops &amp; Wins e compra de b\u00f4nus<\/h2>\n\n\n\n<ol class=\"wp-block-list\">\n<li class=\"has-contrast-color has-text-color has-link-color wp-elements-9f0971115bc7eb50b7ae1fd91180245c\"><strong>Drops &amp; Wins (pr\u00eamios di\u00e1rios e torneios):<\/strong> Essa n\u00e3o \u00e9 uma mec\u00e2nica de ca\u00e7a-n\u00edqueis, mas uma <strong>promo\u00e7\u00e3o global<\/strong> que re\u00fane muitos dos jogos do provedor. Ao jogar nos ca\u00e7a-n\u00edqueis da Pragmatic Play, voc\u00ea \u00e9 automaticamente inscrito em sorteios di\u00e1rios de pr\u00eamios em dinheiro e torneios semanais. Isso adiciona uma camada extra de emo\u00e7\u00e3o.  <\/li>\n\n\n\n<li class=\"has-contrast-color has-text-color has-link-color wp-elements-3c16ede40d4aa5751448690d889d565c\"><strong>Comprar b\u00f4nus:<\/strong> A Pragmatic Play foi uma das primeiras a popularizar a op\u00e7\u00e3o de <strong>comprar o acesso \u00e0 rodada de b\u00f4nus<\/strong> (rodadas gr\u00e1tis) em vez de esperar que ela venha naturalmente. Isso \u00e9 ideal para os jogadores que n\u00e3o querem perder tempo com a &#8220;rodada&#8221; do jogo base. <\/li>\n<\/ol>\n\n\n\n<figure class=\"wp-block-table\"><table class=\"has-contrast-color has-text-color has-link-color has-fixed-layout\"><thead><tr><th>Fornecedor<\/th><th>Mec\u00e2nica exclusiva<\/th><th>Slots de chave<\/th><th>Foco principal<\/th><\/tr><\/thead><tbody><tr><td>Jogo pragm\u00e1tico<\/td><td>Drops &amp; Wins, B\u00f4nus de compra<\/td><td>Sweet Bonanza, Wolf Gold, The Dog House<\/td><td>Diversidade de volatilidade, promo\u00e7\u00f5es frequentes, acessibilidade de fun\u00e7\u00f5es.<\/td><\/tr><\/tbody><\/table><\/figure>\n\n\n\n<h2 class=\"wp-block-heading has-text-align-center has-accent-color has-text-color has-link-color wp-elements-8e7f7162c646f3cc6b41943f3f109a66\" id=\"tragamonedas-en-Mostbet\" style=\"text-transform:uppercase\">Jogo respons\u00e1vel<\/h2>\n\n\n\n<p class=\"has-contrast-color has-text-color has-link-color wp-elements-052a472c26617e3a986b8ed7276fc866\">Na Mostbet, promovemos <strong>o jogo respons\u00e1vel<\/strong>. Lembre-se de que os ca\u00e7a-n\u00edqueis s\u00e3o projetados para entretenimento e nunca devem ser vistos como uma forma de obter renda. Estabele\u00e7a limites, jogue com modera\u00e7\u00e3o e aproveite cada sess\u00e3o com aten\u00e7\u00e3o.<br>\ud83d\udc49 Saiba mais em nossa <a class=\"\" href=\"https:\/\/mostbetoficial.com\/pt-br\/jogo-responsavel\/\">\n  <mark style=\"background-color:rgba(0, 0, 0, 0)\" class=\"has-inline-color has-accent-color\">p\u00e1gina de jogo respons\u00e1vel<\/mark>\n<\/a>.  <\/p>\n<\/div><\/div>\n\n\n\n<hr class=\"wp-block-separator has-alpha-channel-opacity\"\/>\n\n\n\n<h2 class=\"wp-block-heading has-text-align-center has-accent-color has-text-color has-link-color has-large-font-size wp-elements-39f2f66699d3fb6ff699059b0af38d9f\" id=\"RTP-Preguntas-Frecuentes\" style=\"text-transform:uppercase\">Perguntas frequentes sobre os provedores de ca\u00e7a-n\u00edqueis<\/h2>\n\n\n<div id=\"rank-math-faq\" class=\"rank-math-block\">\n<div class=\"rank-math-list \">\n<div id=\"faq-question-1653387102959\" class=\"rank-math-list-item\">\n<div class=\"rank-math-question \">Qual \u00e9 a diferen\u00e7a entre o fornecedor e o cassino?<\/div>\n<div class=\"rank-math-answer \">\n\n<p>O <strong>cassino<\/strong> \u00e9 a plataforma (o site) que oferece ao jogador acesso aos jogos. O fornecedor (desenvolvedor) \u00e9 a empresa que cria o software de jogo (os ca\u00e7a-n\u00edqueis). O cassino aluga os jogos do fornecedor. O RTP e a mec\u00e2nica dos ca\u00e7a-n\u00edqueis s\u00e3o definidos pelo fornecedor e n\u00e3o podem ser alterados pelo cassino.   <\/p>\n\n<\/div>\n<\/div>\n<div id=\"faq-question-1653387114039\" class=\"rank-math-list-item\">\n<div class=\"rank-math-question \"><strong><strong>Como posso saber quem \u00e9 o fornecedor de uma m\u00e1quina ca\u00e7a-n\u00edqueis?<\/strong><\/strong><\/div>\n<div class=\"rank-math-answer \">\n\n<p>Normalmente, o nome do fornecedor \u00e9 indicado na <strong>tela de carregamento<\/strong> do jogo, no canto inferior do campo de jogo ou na <strong>se\u00e7\u00e3o de informa\u00e7\u00f5es<\/strong> (regras) da m\u00e1quina ca\u00e7a-n\u00edqueis.<\/p>\n\n<\/div>\n<\/div>\n<div id=\"faq-question-1653387128127\" class=\"rank-math-list-item\">\n<div class=\"rank-math-question \"><strong><strong>Dois fornecedores podem usar a mesma mec\u00e2nica?<\/strong><\/strong><\/div>\n<div class=\"rank-math-answer \">\n\n<p><strong>Sim<\/strong>, mas com nuances. A mec\u00e2nica <strong>Megaways<\/strong> do BTG foi patenteada. No entanto, o BTG vende licen\u00e7as para seu uso a outros provedores (como Red Tiger, Microgaming), que ent\u00e3o lan\u00e7am seus pr\u00f3prios ca\u00e7a-n\u00edqueis Megaways. Isso \u00e9 chamado de <strong>licenciamento da mec\u00e2nica<\/strong>.   <\/p>\n\n<\/div>\n<\/div>\n<div id=\"faq-question-1653387144699\" class=\"rank-math-list-item\">\n<div class=\"rank-math-question \"><strong>Como o conhecimento do fornecedor me ajuda a vencer?<\/strong><\/div>\n<div class=\"rank-math-answer \">\n\n<p>Conhecer o provedor ajuda voc\u00ea a <strong>gerenciar as expectativas<\/strong>:<br \/>&#8211; Se voc\u00ea escolher <strong>Nolimit City<\/strong>, deve estar preparado para per\u00edodos prolongados sem vit\u00f3rias, mas tamb\u00e9m para uma vit\u00f3ria potencialmente enorme.<br \/>&#8211; Se voc\u00ea escolher <strong>NetEnt<\/strong>, geralmente ter\u00e1 um jogo mais equilibrado com pequenas vit\u00f3rias frequentes e jogabilidade de alta qualidade.<\/p>\n\n<\/div>\n<\/div>\n<\/div>\n<\/div>\n\n\n<div class=\"wp-block-cover\"><span aria-hidden=\"true\" class=\"wp-block-cover__background has-base-3-background-color has-background-dim-100 has-background-dim\"><\/span><div class=\"wp-block-cover__inner-container is-layout-constrained wp-block-cover-is-layout-constrained\">\n<h2 class=\"wp-block-heading has-text-align-center has-accent-color has-text-color has-link-color wp-elements-0c0e9be34a45aee8419f546ea81ee7fa\" id=\"\u00a1Queremos-escuchar-tu-opini\u00f3n!\">Queremos ouvir a opini\u00e3o de voc\u00eas!<\/h2>\n\n\n\n<p class=\"has-contrast-color has-text-color has-link-color wp-elements-2ea1ef95282f9fd5130b06a28dce48a3\">Com as informa\u00e7\u00f5es sobre a mec\u00e2nica exclusiva&#8230; isso mudou a maneira como voc\u00ea escolhe um slot?<\/p>\n\n\n\n<p class=\"has-contrast-color has-text-color has-link-color wp-elements-56d1e70511425bf92f49aa3fef0fd9eb\">O que voc\u00ea valoriza mais: a <strong>alta volatilidade<\/strong> de um jogo do Nolimit City ou a <strong>inova\u00e7\u00e3o e a qualidade gr\u00e1fica<\/strong> de um t\u00edtulo da NetEnt?<\/p>\n\n\n\n<p class=\"has-contrast-color has-text-color has-link-color wp-elements-0f435dfdbbeefa267fb4cdb0cd975682\">Diga-nos nos coment\u00e1rios qual fornecedor \u00e9 o seu favorito e qual mec\u00e2nico voc\u00ea acha que \u00e9 o mais revolucion\u00e1rio!<\/p>\n<\/div><\/div>\n\n\n\n<p><\/p>\n","protected":false},"excerpt":{"rendered":"<p>Conhe\u00e7a os principais fornecedores de ca\u00e7a-n\u00edqueis e suas inova\u00e7\u00f5es (BTG, NetEnt, Nolimit City) Voc\u00ea j\u00e1 sabe o que s\u00e3o Volatilidade e RTP (Return to Player). Mas para realmente entender um jogo, voc\u00ea precisa saber quem o criou. O desenvolvedor, ou fornecedor, determina n\u00e3o apenas os gr\u00e1ficos, mas tamb\u00e9m a l\u00f3gica do jogo em si: como &#8230; <a title=\"Fornecedores de m\u00e1quinas ca\u00e7a-n\u00edqueis\" class=\"read-more\" href=\"https:\/\/mostbetoficial.com\/pt-br\/blog\/proveedores-de-tragaperras\/\" aria-label=\"Read more about Fornecedores de m\u00e1quinas ca\u00e7a-n\u00edqueis\">\u0427\u0438\u0442\u0430\u0442\u044c \u0434\u0430\u043b\u0435\u0435<\/a><\/p>\n","protected":false},"author":1,"featured_media":0,"parent":1349,"menu_order":0,"comment_status":"closed","ping_status":"closed","template":"","meta":{"inline_featured_image":false,"_uag_custom_page_level_css":"","footnotes":""},"class_list":["post-2059","page","type-page","status-publish"],"uagb_featured_image_src":{"full":false,"thumbnail":false,"medium":false,"medium_large":false,"large":false,"1536x1536":false,"2048x2048":false},"uagb_author_info":{"display_name":"developer","author_link":"https:\/\/mostbetoficial.com\/pt-br\/author\/developer\/"},"uagb_comment_info":0,"uagb_excerpt":"Conhe\u00e7a os principais fornecedores de ca\u00e7a-n\u00edqueis e suas inova\u00e7\u00f5es (BTG, NetEnt, Nolimit City) Voc\u00ea j\u00e1 sabe o que s\u00e3o Volatilidade e RTP (Return to Player). Mas para realmente entender um jogo, voc\u00ea precisa saber quem o criou. O desenvolvedor, ou fornecedor, determina n\u00e3o apenas os gr\u00e1ficos, mas tamb\u00e9m a l\u00f3gica do jogo em si: como&hellip;","_links":{"self":[{"href":"https:\/\/mostbetoficial.com\/pt-br\/wp-json\/wp\/v2\/pages\/2059","targetHints":{"allow":["GET"]}}],"collection":[{"href":"https:\/\/mostbetoficial.com\/pt-br\/wp-json\/wp\/v2\/pages"}],"about":[{"href":"https:\/\/mostbetoficial.com\/pt-br\/wp-json\/wp\/v2\/types\/page"}],"author":[{"embeddable":true,"href":"https:\/\/mostbetoficial.com\/pt-br\/wp-json\/wp\/v2\/users\/1"}],"replies":[{"embeddable":true,"href":"https:\/\/mostbetoficial.com\/pt-br\/wp-json\/wp\/v2\/comments?post=2059"}],"version-history":[{"count":8,"href":"https:\/\/mostbetoficial.com\/pt-br\/wp-json\/wp\/v2\/pages\/2059\/revisions"}],"predecessor-version":[{"id":2091,"href":"https:\/\/mostbetoficial.com\/pt-br\/wp-json\/wp\/v2\/pages\/2059\/revisions\/2091"}],"up":[{"embeddable":true,"href":"https:\/\/mostbetoficial.com\/pt-br\/wp-json\/wp\/v2\/pages\/1349"}],"wp:attachment":[{"href":"https:\/\/mostbetoficial.com\/pt-br\/wp-json\/wp\/v2\/media?parent=2059"}],"curies":[{"name":"wp","href":"https:\/\/api.w.org\/{rel}","templated":true}]}}