{"id":1997,"date":"2025-08-14T00:51:00","date_gmt":"2025-08-13T21:51:00","guid":{"rendered":"https:\/\/mostbetoficial.com\/?page_id=1997"},"modified":"2026-02-22T04:05:36","modified_gmt":"2026-02-22T02:05:36","slug":"slots-de-simbolos-especiais","status":"publish","type":"page","link":"https:\/\/mostbetoficial.com\/pt-br\/blog\/slots-de-simbolos-especiais\/","title":{"rendered":"slots de s\u00edmbolos especiais"},"content":{"rendered":"\n<div class=\"wp-block-group after-head\"><div class=\"wp-block-group__inner-container is-layout-flow wp-block-group-is-layout-flow\">\n<h1 class=\"wp-block-heading has-accent-color has-text-color\" id=\"Descubre-como-la-volatilidad\">O que s\u00e3o s\u00edmbolos especiais nos ca\u00e7a-n\u00edqueis? Guia completo para jogadores <\/h1>\n\n\n\n<p class=\"has-base-3-color has-text-color\">Os ca\u00e7a-n\u00edqueis modernos oferecem muito mais do que apenas bobinas e linhas de pagamento. Entre os recursos mais interessantes est\u00e3o os <strong>s\u00edmbolos especiais de ca\u00e7a-n\u00edqueis<\/strong>, que podem aumentar as chances de voc\u00ea ganhar e desbloquear recursos exclusivos. Neste guia, voc\u00ea aprender\u00e1 o que s\u00e3o esses s\u00edmbolos, como eles funcionam e como aproveit\u00e1-los ao m\u00e1ximo. Al\u00e9m disso, voc\u00ea ver\u00e1 como eles se relacionam com a <a href=\"https:\/\/mostbetoficial.com\/pt-br\/blog\/volatilidade\/\">volatilidade<\/a> e o <a href=\"https:\/\/mostbetoficial.com\/pt-br\/blog\/rtp-slots\/\">RTP das m\u00e1quinas ca\u00e7a-n\u00edqueis<\/a>, dois fatores fundamentais para escolher o jogo perfeito.   <\/p>\n<\/div><\/div>\n\n<div class=\"wp-block-cover is-light\"><span aria-hidden=\"true\" class=\"wp-block-cover__background has-background-dim-70 has-background-dim\" style=\"background-color:#FFF\"><\/span><div class=\"wp-block-cover__inner-container is-layout-constrained wp-block-cover-is-layout-constrained\">\n<h2 class=\"wp-block-heading has-text-align-center has-accent-color has-text-color has-link-color has-large-font-size wp-elements-92b2a577e7df3d49e76c1ac96104da4b\" id=\"media-y-baja\" style=\"text-transform:uppercase\">Tipos de s\u00edmbolos especiais em m\u00e1quinas ca\u00e7a-n\u00edqueis<\/h2>\n\n\n\n<h3 class=\"wp-block-heading\"><strong>S\u00edmbolo curinga<\/strong><\/h3>\n\n\n\n<p>O <strong>s\u00edmbolo Wild<\/strong> \u00e9 um dos s\u00edmbolos mais populares e apreciados pelos jogadores. Sua principal fun\u00e7\u00e3o \u00e9 substituir outros s\u00edmbolos (exceto os s\u00edmbolos de b\u00f4nus) para completar combina\u00e7\u00f5es vencedoras.<br\/>Existem diferentes tipos: <\/p>\n\n\n\n<ul class=\"wp-block-list\">\n<li><strong>Wild padr\u00e3o<\/strong> &#8211; substitui qualquer s\u00edmbolo regular.<\/li>\n\n\n\n<li><strong>Sticky Wild<\/strong> &#8211; permanece no lugar por v\u00e1rias rodadas.<\/li>\n\n\n\n<li><strong>Wild de expans\u00e3o<\/strong> &#8211; expande-se para cobrir todo o carretel.<\/li>\n\n\n\n<li><strong>Walking Wild<\/strong> &#8211; move-se de uma bobina para outra em cada rodada.<\/li>\n<\/ul>\n\n\n\n<p>Exemplo: jogos como <em>Starburst<\/em> e <em>Book of Dead<\/em> s\u00e3o famosos por seus wilds expansivos.<\/p>\n\n\n\n<h3 class=\"wp-block-heading\"><strong>S\u00edmbolo de dispers\u00e3o<\/strong><\/h3>\n\n\n\n<p>El\u00a0s\u00edmbolo Scatter en una tragaperras\u00a0es la llave para activar giros gratis y rondas de bonificaci\u00f3n. A diferencia de otros s\u00edmbolos, no necesita aparecer en una l\u00ednea de pago espec\u00edfica: basta con obtener el n\u00famero m\u00ednimo en cualquier posici\u00f3n de los carretes.<br\/>En muchos juegos, 3 o m\u00e1s scatters activan\u00a0bonos de free spins\u00a0con multiplicadores adicionales.<\/p>\n\n\n\n<h3 class=\"wp-block-heading\"><strong>Multiplicadores<\/strong><\/h3>\n\n\n\n<p>Os multiplicadores aumentam seus ganhos aplicando um fator (x2, x3, x10, etc.) ao pr\u00eamio ganho.<br\/>Eles podem ser aplicados a:<\/p>\n\n\n\n<ul class=\"wp-block-list\">\n<li>Combina\u00e7\u00f5es espec\u00edficas<\/li>\n\n\n\n<li>Rodadas de b\u00f4nus<\/li>\n\n\n\n<li>Ganhos totais da rodada<\/li>\n<\/ul>\n\n\n\n<h3 class=\"wp-block-heading\"><strong>Rodadas gr\u00e1tis e b\u00f4nus<\/strong><\/h3>\n\n\n\n<p><strong>As rodadas gr\u00e1tis nos ca\u00e7a-n\u00edqueis<\/strong> permitem que voc\u00ea jogue sem gastar seu pr\u00f3prio saldo, mas com a chance de ganhar pr\u00eamios reais. Elas geralmente s\u00e3o acionadas por scatters e costumam incluir recursos especiais: wilds extras, multiplicadores e s\u00edmbolos de expans\u00e3o.<br\/>Para que voc\u00ea tire o m\u00e1ximo proveito delas, confira nosso <a class=\"\">guia de estrat\u00e9gias para ganhar em ca\u00e7a-n\u00edqueis.<\/a> <\/p>\n<\/div><\/div>\n\n<div class=\"wp-block-cover\"><span aria-hidden=\"true\" class=\"wp-block-cover__background has-base-background-color has-background-dim-100 has-background-dim\"><\/span><div class=\"wp-block-cover__inner-container is-layout-constrained wp-block-cover-is-layout-constrained\">\n<h2 class=\"wp-block-heading has-text-align-center has-accent-color has-text-color has-link-color wp-elements-4d9732abf4f6701e6845c345751be1bc\" id=\"volatilidad-en-una-tragaperras\" style=\"text-transform:uppercase\">Como os s\u00edmbolos especiais influenciam sua experi\u00eancia de jogo<\/h2>\n\n\n\n<p class=\"has-contrast-color has-text-color has-link-color wp-elements-ccde53678b4819a2cb7e33097d934745\">Los s\u00edmbolos especiales no solo hacen el juego m\u00e1s emocionante, sino que tambi\u00e9n pueden influir en el\u00a0RTP\u00a0y la\u00a0volatilidad. Un slot con m\u00faltiples funciones especiales puede tener premios m\u00e1s altos, pero menos frecuentes, mientras que uno con pocas funciones puede ofrecer ganancias m\u00e1s constantes.<br\/>\ud83d\udc49 Aprende m\u00e1s en nuestras gu\u00edas sobre\u00a0<mark style=\"background-color:rgba(0, 0, 0, 0)\" class=\"has-inline-color has-contrast-color\">volatilidad en tragamonedas<\/mark>\u00a0y\u00a0<mark style=\"background-color:rgba(0, 0, 0, 0)\" class=\"has-inline-color has-contrast-color\">RTP en las tragaperras<\/mark>.<\/p>\n\n\n\n<h2 class=\"wp-block-heading has-text-align-center has-accent-color has-text-color has-link-color wp-elements-bf3d397a137f0c729ed61dedca25107b\" id=\"alta-volatilidad\" style=\"text-transform:uppercase\">Dicas sobre como aproveitar ao m\u00e1ximo os s\u00edmbolos especiais<\/h2>\n\n\n\n<ol class=\"wp-block-list\">\n<li class=\"has-contrast-color has-text-color has-link-color wp-elements-026656ea1b9c9473d2f0f5cda943042d\"><strong>Escolha jogos com v\u00e1rias fun\u00e7\u00f5es especiais<\/strong> para que voc\u00ea tenha mais variedade.<\/li>\n\n\n\n<li class=\"has-contrast-color has-text-color has-link-color wp-elements-a5f2fbac9c75892f9ae7aed0a941b3df\"><strong>Verifique a tabela de pagamentos<\/strong> antes de voc\u00ea come\u00e7ar a jogar.<\/li>\n\n\n\n<li class=\"has-contrast-color has-text-color has-link-color wp-elements-832f5191c5240dadaf3253e80696dd06\"><strong>Use os b\u00f4nus de cassino<\/strong> para experimentar os ca\u00e7a-n\u00edqueis com wilds e scatters sem arriscar sua conta banc\u00e1ria.<\/li>\n\n\n\n<li class=\"has-contrast-color has-text-color has-link-color wp-elements-13393da918076bf6e94dfd01e0f7a477\">Voc\u00ea pode jogar a vers\u00e3o de demonstra\u00e7\u00e3o para ter uma ideia da din\u00e2mica dos s\u00edmbolos.<\/li>\n\n\n\n<li><\/li>\n<\/ol>\n\n\n\n<div class=\"wp-block-uagb-image aligncenter uagb-block-b65cd8b7 wp-block-uagb-image--layout-default wp-block-uagb-image--effect-static wp-block-uagb-image--align-center\"><figure class=\"wp-block-uagb-image__figure\"><img decoding=\"async\" srcset=\"https:\/\/mostbetoficial.com\/wp-content\/uploads\/2025\/08\/simbolos-especiales-tragamonedas-1024x683.png ,https:\/\/mostbetoficial.com\/wp-content\/uploads\/2025\/08\/simbolos-especiales-tragamonedas.png 780w, https:\/\/mostbetoficial.com\/wp-content\/uploads\/2025\/08\/simbolos-especiales-tragamonedas.png 360w\" sizes=\"auto, (max-width: 480px) 150px\" src=\"https:\/\/mostbetoficial.com\/wp-content\/uploads\/2025\/08\/simbolos-especiales-tragamonedas-1024x683.png\" alt=\"simbolos-especiales-tragamonedas\" class=\"uag-image-2013\" width=\"657\" height=\"379\" title=\"simbolos-especiales-tragamonedas\" loading=\"lazy\" role=\"img\"\/><\/figure><\/div>\n\n\n\n<h2 class=\"wp-block-heading has-text-align-center has-accent-color has-text-color has-link-color wp-elements-e9a32c13e23c0e5e952910db44e6e3a4\" id=\"media\" style=\"text-transform:uppercase\">Os melhores ca\u00e7a-n\u00edqueis com s\u00edmbolos especiais (2025)<\/h2>\n\n\n\n<ul class=\"wp-block-list\">\n<li class=\"has-contrast-color has-text-color has-link-color wp-elements-6ae345dadec37411c9074c2378a64daf\"><strong>Starburst<\/strong> &#8211; Wilds de expans\u00e3o e re-spins &#8211; RTP: <strong>96,09%<\/strong>.<\/li>\n\n\n\n<li class=\"has-contrast-color has-text-color has-link-color wp-elements-a39c13f118d70baf4bb5376df5805251\"><strong>Book of Dead<\/strong> &#8211; S\u00edmbolos de expans\u00e3o durante as rodadas gr\u00e1tis &#8211; RTP: <strong>96,21%<\/strong> RTP: <strong>96,21<\/strong><\/li>\n\n\n\n<li class=\"has-contrast-color has-text-color has-link-color wp-elements-affc725946aebe07291e42c0d56446c5\"><strong>Gonzo&#8217;s Quest<\/strong> &#8211; Multiplicadores progressivos &#8211; RTP: <strong>96%<\/strong>.<\/li>\n\n\n\n<li class=\"has-contrast-color has-text-color has-link-color wp-elements-97d775ac8129b0d2ec7db8ca49768d03\"><strong>Sweet Bonanza<\/strong> &#8211; Scatter com rodadas gr\u00e1tis e multiplicadores &#8211; RTP: <strong>96,51%<\/strong> &#8211; RTP: <strong>96,51%<\/strong>.<\/li>\n\n\n\n<li class=\"has-contrast-color has-text-color has-link-color wp-elements-796efa2ddf82aff3fa2e1ac1b5d61e3f\"><strong>Big Bass Bonanza<\/strong> &#8211; S\u00edmbolo de B\u00f4nus Especial de Pescador &#8211; RTP: <strong>96,71%<\/strong> RTP: <strong>96,71%<\/strong> RTP: <strong>96,71%<\/strong> RTP: <strong>96,71<\/strong><\/li>\n\n\n\n<li class=\"has-contrast-color has-text-color has-link-color wp-elements-f6e758493bc30b1a2f3ae764270b6d4b\"><strong>3 Fortune Souls<\/strong> &#8211; Giros gr\u00e1tis e recursos de b\u00f4nus &#8211; RTP: <strong>96%<\/strong> &#8211; RTP: <strong>96%<\/strong>.<\/li>\n\n\n\n<li class=\"has-contrast-color has-text-color has-link-color wp-elements-5a2edc1947afbce7f358177cc2d27454\"><strong>Crystals Digger<\/strong> &#8211; B\u00f4nus de Rodadas Gr\u00e1tis e Multiplicador &#8211; RTP: <strong>90,39%<\/strong>.<\/li>\n\n\n\n<li class=\"has-contrast-color has-text-color has-link-color wp-elements-2093a1ceb44185fbe77d9db41e4e3aa2\"><strong>Legacy of Dead<\/strong> &#8211; S\u00edmbolos de expans\u00e3o e rodadas de b\u00f4nus &#8211; RTP: <strong>96,58%<\/strong>.<\/li>\n\n\n\n<li class=\"has-contrast-color has-text-color has-link-color wp-elements-7a21914341167879edf9956467cce66b\"><strong>Sweet Bonanza 1000<\/strong> &#8211; Vers\u00e3o aumentada do cl\u00e1ssico, com multiplicadores de x100 &#8211; RTP: <strong>96,53%<\/strong>.<\/li>\n\n\n\n<li class=\"has-contrast-color has-text-color has-link-color wp-elements-e4d0f73f75d950a6c61e8a33d3c43139\"><strong>Mining Rush<\/strong> &#8211; B\u00f4nus especiais e rodadas gr\u00e1tis &#8211; RTP: <strong>96,56%<\/strong>.<\/li>\n\n\n\n<li class=\"has-contrast-color has-text-color has-link-color wp-elements-b6933013505733da7ae850c58e4872d0\"><strong>The Dog House Megaways<\/strong> &#8211; Sticky Wilds e Multiplicadores &#8211; RTP: <strong>96,55%<\/strong>.<\/li>\n\n\n\n<li class=\"has-contrast-color has-text-color has-link-color wp-elements-384151aa01f936c4fc5a0e77761d292c\"><strong>Coin Express<\/strong> &#8211; <strong>Coin<\/strong> Collecting Vouchers &#8211; RTP: <strong>95,69 %<\/strong> RTP: <strong>95,69<\/strong><\/li>\n\n\n\n<li class=\"has-contrast-color has-text-color has-link-color wp-elements-37bba1c522b430c563782c548f905ef5\"><strong>3 Coin Volcanoes<\/strong> &#8211; Bobina tripla com coringas e multiplicadores &#8211; RTP: <strong>95,68%<\/strong>.<\/li>\n\n\n\n<li class=\"has-contrast-color has-text-color has-link-color wp-elements-27077bc0c41339d04f15fcf13ebe1ba3\"><strong>Lightning Roulette<\/strong> &#8211; Jogo de roleta com multiplicadores de at\u00e9 x500 &#8211; RTP: <strong>97,30%<\/strong>.<\/li>\n\n\n\n<li class=\"has-contrast-color has-text-color has-link-color wp-elements-1b48224512b284bf51fb65ed58a3791b\"><strong>Lady Wolf Moon<\/strong> &#8211; Recursos misteriosos e rodadas gr\u00e1tis &#8211; RTP: <em>n\u00e3o especificado<\/em><\/li>\n\n\n\n<li class=\"has-contrast-color has-text-color has-link-color wp-elements-d39dabbf43ba2c48f5c589117d6a08a2\"><strong>40 Super Hot<\/strong> &#8211; S\u00edmbolos empilhados e fun\u00e7\u00e3o de aposta &#8211; RTP: <em>n\u00e3o especificado<\/em><\/li>\n\n\n\n<li class=\"has-contrast-color has-text-color has-link-color wp-elements-2a0d5d8697a060fa1be98345913e83d4\"><strong><a href=\"https:\/\/mostbetoficial.com\/pt-br\/casino\/wanted-dead-or-a-wild\/\"><mark style=\"background-color:rgba(0, 0, 0, 0)\" class=\"has-inline-color has-accent-color\">Procurado: morto ou selvagem<\/mark><\/a><\/strong> &#8211; B\u00f4nus especiais, multiplicadores, rodadas gr\u00e1tis &#8211; RTP: <strong>96,38%<\/strong>.<\/li>\n\n\n\n<li class=\"has-contrast-color has-text-color has-link-color wp-elements-01341285cdb7d7db6527a7a046b47c8a\"><strong><a href=\"https:\/\/mostbetoficial.com\/pt-br\/casino\/jokers-jewels\/\"><mark style=\"background-color:rgba(0, 0, 0, 0)\" class=\"has-inline-color has-accent-color\">Joias do Coringa<\/mark><\/a><\/strong> &#8211; Joker, scatter e s\u00edmbolos de b\u00f4nus &#8211; RTP: <strong>96,50%.<\/strong><\/li>\n<\/ul>\n\n\n\n<h2 class=\"wp-block-heading has-text-align-center has-accent-color has-text-color has-link-color wp-elements-37b0c602baa92b765d27d436a93fa25d\" id=\"Tragaperras-de-baja-volatilidad\" style=\"text-transform:uppercase\">Tabela de compara\u00e7\u00e3o de ca\u00e7a-n\u00edqueis com s\u00edmbolos especiais e RTP (2025)<\/h2>\n\n\n\n<figure class=\"wp-block-table\"><table class=\"has-contrast-color has-text-color has-link-color has-fixed-layout\"><thead><tr><th>Ca\u00e7a-n\u00edqueis<\/th><th>Principais s\u00edmbolos especiais<\/th><th>RTP<\/th><th>Fornecedor<\/th><\/tr><\/thead><tbody><tr><td>Starburst<\/td><td>Wilds de expans\u00e3o, re-spins<\/td><td>96,09 %<\/td><td>NetEnt<\/td><\/tr><tr><td>Livro dos mortos<\/td><td>S\u00edmbolos de expans\u00e3o, rodadas gr\u00e1tis<\/td><td>96,09 %<\/td><td>Play&#8217;n GO<\/td><\/tr><tr><td>Gonzo&#8217;s Quest<\/td><td>Multiplicadores progressivos, bobinas Avalanche<\/td><td>96,21 %<\/td><td>NetEnt<\/td><\/tr><tr><td>Doce Bonan\u00e7a<\/td><td>Scatter, rodadas gr\u00e1tis, multiplicadores de at\u00e9 x100<\/td><td>96 %<\/td><td>Jogo pragm\u00e1tico<\/td><\/tr><tr><td>Big Bass Bonanza<\/td><td>S\u00edmbolo de peixe, rodadas gr\u00e1tis com multiplicadores<\/td><td>96,51 %<\/td><td>Jogo pragm\u00e1tico<\/td><\/tr><tr><td>3 Almas da Fortuna<\/td><td>Giros gr\u00e1tis, s\u00edmbolos wild e scatter<\/td><td>96,71 %<\/td><td>Amigo Gaming<\/td><\/tr><tr><td>Escavador de cristais<\/td><td>Multiplicadores, rodadas de b\u00f4nus<\/td><td>96 %<\/td><td>Jogo de mesa<\/td><\/tr><tr><td>Legado dos mortos<\/td><td>S\u00edmbolos de expans\u00e3o, rodadas gr\u00e1tis<\/td><td>90,39 %<\/td><td>Play&#8217;n GO<\/td><\/tr><tr><td>Doce Bonanza 1000<\/td><td>Scatter, rodadas gr\u00e1tis, multiplicadores enormes<\/td><td>96,58 %<\/td><td>Jogo pragm\u00e1tico<\/td><\/tr><tr><td>Corrida de minera\u00e7\u00e3o<\/td><td>Rodadas gr\u00e1tis, s\u00edmbolos de b\u00f4nus<\/td><td>96,53 %<\/td><td>Jogo pragm\u00e1tico<\/td><\/tr><tr><td>Megaways da casa do cachorro<\/td><td>Sticky Wilds, multiplicadores<\/td><td>96,56 %<\/td><td>Jogo pragm\u00e1tico<\/td><\/tr><tr><td>Coin Express<\/td><td>Fun\u00e7\u00e3o de coleta de moedas, b\u00f4nus<\/td><td>96,55 %<\/td><td>3 Oaks Gaming<\/td><\/tr><tr><td>3 Vulc\u00f5es de moedas<\/td><td>Wilds, multiplicadores<\/td><td>95,69 %<\/td><td>Booongo<\/td><\/tr><tr><td>Roleta rel\u00e2mpago<\/td><td>Multiplicadores de at\u00e9 x500, jogo de roleta inovador<\/td><td>97,30 %<\/td><td>Evolution Gaming<\/td><\/tr><tr><td>Lady Wolf Moon<\/td><td>Rodadas gr\u00e1tis, s\u00edmbolo de mist\u00e9rio<\/td><td>N\/A<\/td><td>Jogo de mesa<\/td><\/tr><tr><td>40 Super Hot<\/td><td>S\u00edmbolos empilhados, fun\u00e7\u00e3o de aposta<\/td><td>N\/A<\/td><td>EGT Interactive<\/td><\/tr><tr><td>Procurado morto ou selvagem<\/td><td>B\u00f4nus especiais, multiplicadores, rodadas gr\u00e1tis<\/td><td>96,38 %<\/td><td>Hacksaw Gaming<\/td><\/tr><tr><td>Joias do Coringa<\/td><td>Joker, scatter e s\u00edmbolos de b\u00f4nus<\/td><td>96,50 %<\/td><td>Jogo pragm\u00e1tico<\/td><\/tr><\/tbody><\/table><\/figure>\n\n\n\n<h2 class=\"wp-block-heading has-text-align-center has-accent-color has-text-color has-link-color wp-elements-c06be41a8d8320a3c9c04f4f7763a566\" id=\"Juego-responsable\" style=\"text-transform:uppercase\">Jogo respons\u00e1vel<\/h2>\n\n\n\n<p class=\"has-contrast-color has-text-color has-link-color wp-elements-19e607bf3e3be8c2893edda046e46d6f\"><strong>Jogo respons\u00e1vel<\/strong><\/p>\n\n\n\n<p class=\"has-contrast-color has-text-color has-link-color wp-elements-72637a1439f422343f3738775258fac0\">Na <strong>Mostbet Official<\/strong>, acreditamos que os jogos de azar e os ca\u00e7a-n\u00edqueis devem ser sempre uma forma de entretenimento. Jogue com modera\u00e7\u00e3o, estabele\u00e7a limites de tempo e or\u00e7amento e nunca aposte mais do que voc\u00ea est\u00e1 disposto a perder. <\/p>\n\n\n\n<p class=\"has-contrast-color has-text-color has-link-color wp-elements-154e825d44a08197f4e040a87b181865\">Para obter mais informa\u00e7\u00f5es e dicas sobre como manter o controle, visite nosso site de <a class=\"\" href=\"https:\/\/mostbetoficial.com\/pt-br\/jogo-responsavel\/\"><mark style=\"background-color:rgba(0, 0, 0, 0)\" class=\"has-inline-color has-accent-color\">apostas<\/mark> <mark style=\"background-color:rgba(0, 0, 0, 0)\" class=\"has-inline-color has-accent-color\">apostas respons\u00e1veis<\/mark><\/a>onde voc\u00ea encontrar\u00e1 recursos \u00fateis para ajud\u00e1-lo a aproveitar os jogos de azar de forma segura e consciente.<\/p>\n<\/div><\/div>\n\n<!-- BLOQUE DEL AUTOR -->\n<div class=\"author-wrapper\" style=\"max-width:1120px;margin:40px auto;padding:0 16px;\">\n    <div class=\"author-box\" style=\"display:flex;align-items:flex-start;background:#fff;border-radius:12px;padding:24px;box-shadow:0 4px 16px rgba(0,0,0,0.08);\">\n        \n        <!-- Foto -->\n        <img decoding=\"async\" src=\"https:\/\/mostbetoficial.com\/wp-content\/uploads\/2025\/11\/my-1.png\" alt=\"Daniel Morgan \u2013 Analista Senior de Contenidos Digitales\" style=\"width:120px;height:auto;border-radius:8px;margin-right:24px;\"\/>\n        \n        <!-- Texto -->\n        <div>\n            <h3 style=\"margin:0;font-size:22px;color:#1a1a1a;\">Daniel Morgan<\/h3>\n            <p style=\"margin:4px 0 12px;color:#666;font-size:14px;\">\n                Analista Senior de Contenidos Digitales\n            <\/p>\n\n            <p style=\"margin:0 0 12px;font-size:15px;line-height:1.5;color:#444;\">\n                Daniel es el responsable de la revisi\u00f3n, verificaci\u00f3n y actualizaci\u00f3n de todos los art\u00edculos \n                publicados en el blog. Su enfoque combina an\u00e1lisis t\u00e9cnico, claridad informativa y una evaluaci\u00f3n \n                precisa de cada tema relacionado con tragamonedas, funciones especiales y juegos online.\n            <\/p>\n\n            <a href=\"https:\/\/mostbetoficial.com\/pagina-del-autor\/\" style=\"font-size:14px;color:#ff6b00;text-decoration:none;font-weight:600;\">\n               Ver perfil del autor \u2192\n            <\/a>\n        <\/div>\n\n    <\/div>\n<\/div>\n<!-- FIN BLOQUE DEL AUTOR -->\n\n\n<hr class=\"wp-block-separator has-alpha-channel-opacity\"\/>\n\n<h2 class=\"wp-block-heading has-text-align-center has-accent-color has-text-color has-link-color has-large-font-size wp-elements-bdf93806581c61bcd998dc1b240b626f\" id=\"Preguntas-Frecuentes\" style=\"text-transform:uppercase\">Perguntas frequentes<\/h2>\n<div id=\"rank-math-faq\" class=\"rank-math-block\">\n<div class=\"rank-math-list \">\n<div id=\"faq-question-1653387102959\" class=\"rank-math-list-item\">\n<div class=\"rank-math-question \">O que \u00e9 um s\u00edmbolo Wild?<\/div>\n<div class=\"rank-math-answer \">\n\n<p>\u00c9 um s\u00edmbolo que substitui outros s\u00edmbolos para formar combina\u00e7\u00f5es vencedoras.<\/p>\n\n<\/div>\n<\/div>\n<div id=\"faq-question-1653387114039\" class=\"rank-math-list-item\">\n<div class=\"rank-math-question \"><strong><strong>O que significa um s\u00edmbolo de dispers\u00e3o em uma m\u00e1quina ca\u00e7a-n\u00edqueis?<\/strong><\/strong><\/div>\n<div class=\"rank-math-answer \">\n\n<p>Acione rodadas gr\u00e1tis ou rodadas de b\u00f4nus, sem precisar estar em uma linha de pagamento.<\/p>\n\n<\/div>\n<\/div>\n<div id=\"faq-question-1653387128127\" class=\"rank-math-list-item\">\n<div class=\"rank-math-question \"><strong><strong>Quais ca\u00e7a-n\u00edqueis t\u00eam os s\u00edmbolos mais especiais?<\/strong><\/strong><\/div>\n<div class=\"rank-math-answer \">\n\n<p>Jogos como <em>Book of Dead<\/em>, <em>Starburst<\/em> e <em>Gonzo&#8217;s Quest<\/em>, <em>Wanted Dead or a Wild <\/em>s\u00e3o not\u00e1veis por sua ampla variedade de recursos.<\/p>\n\n<\/div>\n<\/div>\n<div id=\"faq-question-1653387144699\" class=\"rank-math-list-item\">\n<div class=\"rank-math-question \"><strong>Os s\u00edmbolos especiais aumentam minhas chances de ganhar?<\/strong><\/div>\n<div class=\"rank-math-answer \">\n\n<p>Sim, eles podem desbloquear recursos que aumentam os pr\u00eamios ou multiplicam os ganhos.<\/p>\n\n<\/div>\n<\/div>\n<div id=\"faq-question-1750936088897\" class=\"rank-math-list-item\">\n<div class=\"rank-math-question \">Posso ativar s\u00edmbolos especiais na vers\u00e3o de demonstra\u00e7\u00e3o?<\/div>\n<div class=\"rank-math-answer \">\n\n<p>Sim, os recursos est\u00e3o dispon\u00edveis no modo de avalia\u00e7\u00e3o, assim como na vers\u00e3o com dinheiro real.<\/p>\n\n<\/div>\n<\/div>\n<\/div>\n<\/div>\n<div class=\"wp-block-cover\"><span aria-hidden=\"true\" class=\"wp-block-cover__background has-base-3-background-color has-background-dim-100 has-background-dim\"><\/span><div class=\"wp-block-cover__inner-container is-layout-constrained wp-block-cover-is-layout-constrained\">\n<h2 class=\"wp-block-heading has-text-align-center has-accent-color has-text-color has-link-color wp-elements-4751ce654b65b1e3872bdb28790e3c5c\" id=\"Qu&#xE9;-opinas-\">O que voc\u00ea acha dos s\u00edmbolos especiais nos ca\u00e7a-n\u00edqueis?<\/h2>\n\n\n\n<p class=\"has-contrast-color has-text-color has-link-color wp-elements-e7873e65a695f2e7a95949d4228bc50b\">Diga-nos nos coment\u00e1rios quais s\u00e3o os seus s\u00edmbolos especiais favoritos &#8211; voc\u00ea prefere Wilds, Scatters, Multiplicadores ou Rodadas Gr\u00e1tis? Compartilhe tamb\u00e9m quais jogos proporcionaram a voc\u00ea as melhores experi\u00eancias &#8211; seu feedback pode ajudar outros jogadores a escolher o pr\u00f3ximo ca\u00e7a-n\u00edquel!  <\/p>\n<\/div><\/div>\n","protected":false},"excerpt":{"rendered":"<p>O que s\u00e3o s\u00edmbolos especiais nos ca\u00e7a-n\u00edqueis? Guia completo para jogadores Os ca\u00e7a-n\u00edqueis modernos oferecem muito mais do que apenas bobinas e linhas de pagamento. Entre os recursos mais interessantes est\u00e3o os s\u00edmbolos especiais de ca\u00e7a-n\u00edqueis, que podem aumentar as chances de voc\u00ea ganhar e desbloquear recursos exclusivos. Neste guia, voc\u00ea aprender\u00e1 o que s\u00e3o &#8230; <a title=\"slots de s\u00edmbolos especiais\" class=\"read-more\" href=\"https:\/\/mostbetoficial.com\/pt-br\/blog\/slots-de-simbolos-especiais\/\" aria-label=\"Read more about slots de s\u00edmbolos especiais\">\u0427\u0438\u0442\u0430\u0442\u044c \u0434\u0430\u043b\u0435\u0435<\/a><\/p>\n","protected":false},"author":1,"featured_media":0,"parent":1349,"menu_order":0,"comment_status":"closed","ping_status":"closed","template":"","meta":{"inline_featured_image":false,"_uag_custom_page_level_css":"","footnotes":""},"class_list":["post-1997","page","type-page","status-publish"],"uagb_featured_image_src":{"full":false,"thumbnail":false,"medium":false,"medium_large":false,"large":false,"1536x1536":false,"2048x2048":false},"uagb_author_info":{"display_name":"developer","author_link":"https:\/\/mostbetoficial.com\/pt-br\/author\/developer\/"},"uagb_comment_info":0,"uagb_excerpt":"O que s\u00e3o s\u00edmbolos especiais nos ca\u00e7a-n\u00edqueis? Guia completo para jogadores Os ca\u00e7a-n\u00edqueis modernos oferecem muito mais do que apenas bobinas e linhas de pagamento. Entre os recursos mais interessantes est\u00e3o os s\u00edmbolos especiais de ca\u00e7a-n\u00edqueis, que podem aumentar as chances de voc\u00ea ganhar e desbloquear recursos exclusivos. Neste guia, voc\u00ea aprender\u00e1 o que s\u00e3o&hellip;","_links":{"self":[{"href":"https:\/\/mostbetoficial.com\/pt-br\/wp-json\/wp\/v2\/pages\/1997","targetHints":{"allow":["GET"]}}],"collection":[{"href":"https:\/\/mostbetoficial.com\/pt-br\/wp-json\/wp\/v2\/pages"}],"about":[{"href":"https:\/\/mostbetoficial.com\/pt-br\/wp-json\/wp\/v2\/types\/page"}],"author":[{"embeddable":true,"href":"https:\/\/mostbetoficial.com\/pt-br\/wp-json\/wp\/v2\/users\/1"}],"replies":[{"embeddable":true,"href":"https:\/\/mostbetoficial.com\/pt-br\/wp-json\/wp\/v2\/comments?post=1997"}],"version-history":[{"count":8,"href":"https:\/\/mostbetoficial.com\/pt-br\/wp-json\/wp\/v2\/pages\/1997\/revisions"}],"predecessor-version":[{"id":2486,"href":"https:\/\/mostbetoficial.com\/pt-br\/wp-json\/wp\/v2\/pages\/1997\/revisions\/2486"}],"up":[{"embeddable":true,"href":"https:\/\/mostbetoficial.com\/pt-br\/wp-json\/wp\/v2\/pages\/1349"}],"wp:attachment":[{"href":"https:\/\/mostbetoficial.com\/pt-br\/wp-json\/wp\/v2\/media?parent=1997"}],"curies":[{"name":"wp","href":"https:\/\/api.w.org\/{rel}","templated":true}]}}