{"id":1925,"date":"2025-07-23T23:15:54","date_gmt":"2025-07-23T20:15:54","guid":{"rendered":"https:\/\/mostbetoficial.com\/?page_id=1925"},"modified":"2025-07-24T00:43:34","modified_gmt":"2025-07-23T21:43:34","slug":"estrategias-slots","status":"publish","type":"page","link":"https:\/\/mostbetoficial.com\/pt-br\/blog\/estrategias-slots\/","title":{"rendered":"estrat\u00e9gias-slots"},"content":{"rendered":"\n<div class=\"wp-block-group after-head\"><div class=\"wp-block-group__inner-container is-layout-flow wp-block-group-is-layout-flow\">\n<h1 class=\"wp-block-heading div has-accent-color has-text-color\" id=\"Rtp-tragamonedas\" style=\"font-size:39px\">Qual \u00e9 a melhor estrat\u00e9gia para voc\u00ea ganhar nos ca\u00e7a-n\u00edqueis?<\/h1>\n\n\n\n<p class=\"has-base-3-color has-text-color\">Introdu\u00e7\u00e3o<\/p>\n\n\n\n<p class=\"has-base-3-color has-text-color\">Las tragamonedas son uno de los juegos m\u00e1s populares en los casinos de toda Am\u00e9rica Latina. Muchos jugadores buscan una &#8220;f\u00f3rmula secreta&#8221; para ganar, pero \u00bfrealmente existe una estrategia que funcione? En este art\u00edculo, analizamos consejos reales, estrategias inteligentes y los mejores juegos para aplicarlas.  <\/p>\n<\/div><\/div>\n\n\n\n<div class=\"wp-block-cover is-light\"><span aria-hidden=\"true\" class=\"wp-block-cover__background has-background-dim-70 has-background-dim\" style=\"background-color:#FFF\"><\/span><div class=\"wp-block-cover__inner-container is-layout-constrained wp-block-cover-is-layout-constrained\">\n<h2 class=\"wp-block-heading has-text-align-center has-accent-color has-text-color has-link-color has-large-font-size wp-elements-f4aac9a0309f6faa7ee30fc73177c892\" id=\"existem-estrategias\" style=\"text-transform:uppercase\">Existem estrat\u00e9gias reais para voc\u00ea ganhar nos ca\u00e7a-n\u00edqueis?<\/h2>\n\n\n\n<p>Os ca\u00e7a-n\u00edqueis funcionam com geradores de n\u00fameros aleat\u00f3rios, portanto, <strong>n\u00e3o h\u00e1 uma maneira garantida de voc\u00ea ganhar.<\/strong> No entanto, voc\u00ea pode fazer escolhas que <strong>aumentem suas chances e estendam seu tempo de jogo<\/strong>, como escolher jogos com um RTP alto, jogar no modo de demonstra\u00e7\u00e3o antes de apostar com dinheiro real e gerenciar bem sua conta banc\u00e1ria. <\/p>\n\n\n\n<p>J\u00e1 discutimos <strong>o RTP<\/strong> e <strong>a volatilidade<\/strong> em outros artigos (recomendamos que voc\u00ea os leia), pois s\u00e3o fatores fundamentais na escolha de um slot:<\/p>\n\n\n\n<ul class=\"wp-block-list\">\n<li>O que \u00e9 volatilidade em ca\u00e7a-n\u00edqueis?<\/li>\n\n\n\n<li>O que \u00e9 RTP em ca\u00e7a-n\u00edqueis?<\/li>\n<\/ul>\n\n\n\n<p>Voc\u00ea tamb\u00e9m pode aplicar essas estrat\u00e9gias em nosso <a href=\"https:\/\/mostbetoficial.com\/pt-br\/casino\/\">cassino<\/a> recomendado.<\/p>\n\n\n\n<div class=\"wp-block-uagb-image aligncenter uagb-block-eb82fe38 wp-block-uagb-image--layout-default wp-block-uagb-image--effect-static wp-block-uagb-image--align-center\"><figure class=\"wp-block-uagb-image__figure\"><img decoding=\"async\" srcset=\"https:\/\/mostbetoficial.com\/wp-content\/uploads\/2025\/07\/estrategias-tragamonedas.png ,https:\/\/mostbetoficial.com\/wp-content\/uploads\/2025\/07\/estrategias-tragamonedas.png 780w, https:\/\/mostbetoficial.com\/wp-content\/uploads\/2025\/07\/estrategias-tragamonedas.png 360w\" sizes=\"auto, (max-width: 480px) 150px\" src=\"https:\/\/mostbetoficial.com\/wp-content\/uploads\/2025\/07\/estrategias-tragamonedas.png\" alt=\"estrategias-tragamonedas\" class=\"uag-image-1678\" width=\"572\" height=\"379\" title=\"estrategias-tragamonedas\" loading=\"lazy\" role=\"img\"\/><\/figure><\/div>\n<\/div><\/div>\n\n\n\n<div class=\"wp-block-cover\"><span aria-hidden=\"true\" class=\"wp-block-cover__background has-base-background-color has-background-dim-100 has-background-dim\"><\/span><div class=\"wp-block-cover__inner-container is-layout-constrained wp-block-cover-is-layout-constrained\">\n<h2 class=\"wp-block-heading has-text-align-center has-accent-color has-text-color has-link-color wp-elements-36b039d38fbd7176cb05573ba20b412e\" id=\"estrategias-populares\" style=\"text-transform:uppercase\">Compara\u00e7\u00e3o de estrat\u00e9gias populares<\/h2>\n\n\n\n<div class=\"wp-block-group has-base-3-background-color has-background\"><div class=\"wp-block-group__inner-container is-layout-constrained wp-block-group-is-layout-constrained\">\n<figure class=\"wp-block-table\"><table class=\"has-contrast-color has-text-color has-link-color has-fixed-layout\"><thead><tr><th><strong><mark style=\"background-color:rgba(0, 0, 0, 0)\" class=\"has-inline-color has-base-3-color\">Estrat\u00e9gia<\/mark><\/strong><\/th><th><strong><mark style=\"background-color:rgba(0, 0, 0, 0)\" class=\"has-inline-color has-base-3-color\">N\u00edvel de risco<\/mark><\/strong><\/th><th><strong><mark style=\"background-color:rgba(0, 0, 0, 0)\" class=\"has-inline-color has-base-3-color\">Voc\u00ea precisa de experi\u00eancia?<\/mark><\/strong><\/th><th><strong><mark style=\"background-color:rgba(0, 0, 0, 0)\" class=\"has-inline-color has-base-3-color\">Voc\u00ea \u00e9 adequado para iniciantes?<\/mark><\/strong><\/th><\/tr><\/thead><tbody><tr><td><mark style=\"background-color:rgba(0, 0, 0, 0)\" class=\"has-inline-color has-contrast-color\">Aposta fixa<\/mark><\/td><td><mark style=\"background-color:rgba(0, 0, 0, 0)\" class=\"has-inline-color has-contrast-color\">Abaixo de<\/mark><\/td><td><mark style=\"background-color:rgba(0, 0, 0, 0)\" class=\"has-inline-color has-contrast-color\">N\u00e3o<\/mark><\/td><td><mark style=\"background-color:rgba(0, 0, 0, 0)\" class=\"has-inline-color has-contrast-color\">Sim<\/mark><\/td><\/tr><tr><td><mark style=\"background-color:rgba(0, 0, 0, 0)\" class=\"has-inline-color has-contrast-color\">Apostas progressivas<\/mark><\/td><td>Alta<\/td><td>Sim<\/td><td>N\u00e3o<\/td><\/tr><tr><td><mark style=\"background-color:rgba(0, 0, 0, 0)\" class=\"has-inline-color has-contrast-color\">Stop-loss \/ Retirada antecipada<\/mark><\/td><td>M\u00e9dio<\/td><td>N\u00e3o<\/td><td>Sim<\/td><\/tr><tr><td><mark style=\"background-color:rgba(0, 0, 0, 0)\" class=\"has-inline-color has-contrast-color\">Escolha de acordo com o RTP<\/mark><\/td><td>Abaixo de<\/td><td>N\u00e3o<\/td><td>Sim<\/td><\/tr><\/tbody><\/table><\/figure>\n\n\n\n<p class=\"has-contrast-color has-text-color has-link-color wp-elements-60bf8c67e2b6a9a3c02661d382b116e1\"><\/p>\n<\/div><\/div>\n\n\n\n<h2 class=\"wp-block-heading has-text-align-center has-accent-color has-text-color has-link-color wp-elements-87a966d37630747d548db2808b8e9f02\" id=\"consejos-jugar\" style=\"text-transform:uppercase\">Dicas importantes para voc\u00ea jogar estrategicamente<\/h2>\n\n\n\n<ul class=\"wp-block-list\">\n<li class=\"has-contrast-color has-text-color has-link-color wp-elements-a0a60315bf431dec90748a8ae0d6d2b7\">\u2696\ufe0f <strong>Gerencie seu saldo banc\u00e1rio<\/strong>: defina um or\u00e7amento e mantenha-se fiel a ele.<\/li>\n\n\n\n<li class=\"has-contrast-color has-text-color has-link-color wp-elements-1f9da81024f9fb485934d86f54453c1c\">\u25b6\ufe0f <strong>Jogue o modo de demonstra\u00e7\u00e3o primeiro<\/strong> para entender a mec\u00e2nica.<\/li>\n\n\n\n<li class=\"has-contrast-color has-text-color has-link-color wp-elements-08eff777e5baebd0cefcbedf13f51f26\"><strong>Estude o jogo<\/strong>: verifique o RTP, os b\u00f4nus e o n\u00edvel de volatilidade.<\/li>\n\n\n\n<li class=\"has-contrast-color has-text-color has-link-color wp-elements-f47b27b929d7eb755884a6d83bc4a5c7\"><strong>Aproveite os b\u00f4nus<\/strong>, especialmente os b\u00f4nus sem dep\u00f3sito.<\/li>\n<\/ul>\n\n\n\n<p class=\"has-contrast-color has-text-color has-link-color wp-elements-7b753928083c56e9e5692d4c29434ba3\">Experimente os jogos no modo de demonstra\u00e7\u00e3o para aplicar estrat\u00e9gias sem riscos.<\/p>\n\n\n\n<h2 class=\"wp-block-heading has-text-align-center has-accent-color has-base-3-background-color has-text-color has-background has-link-color wp-elements-28f01e666f17648f3f9e3a2964078323\" id=\"tipos-de-tragamonedas\" style=\"text-transform:uppercase\">Que tipos de ca\u00e7a-n\u00edqueis s\u00e3o mais adequados para as estrat\u00e9gias?<\/h2>\n\n\n\n<div class=\"wp-block-group has-base-3-background-color has-background\"><div class=\"wp-block-group__inner-container is-layout-constrained wp-block-group-is-layout-constrained\">\n<figure class=\"wp-block-table\"><table class=\"has-contrast-color has-text-color has-link-color has-fixed-layout\"><thead><tr><th><strong>Tipo de slot<\/strong><\/th><th>Ideal para&#8230;<\/th><\/tr><\/thead><tbody><tr><td>Alta volatilidade<\/td><td>Estrat\u00e9gias de alto risco e grandes pr\u00eamios<\/td><\/tr><tr><td>Baixa volatilidade<\/td><td>Sess\u00f5es longas com pr\u00eamios menores frequentes<\/td><\/tr><tr><td>Com compra de b\u00f4nus<\/td><td>Controle de or\u00e7amento e jogo ativo<\/td><\/tr><tr><td>Com o modo de demonstra\u00e7\u00e3o<\/td><td>Teste de estrat\u00e9gia sem risco<\/td><\/tr><\/tbody><\/table><\/figure>\n<\/div><\/div>\n\n\n\n<div class=\"wp-block-uagb-image aligncenter uagb-block-b65cd8b7 wp-block-uagb-image--layout-default wp-block-uagb-image--effect-static wp-block-uagb-image--align-center\"><figure class=\"wp-block-uagb-image__figure\"><img decoding=\"async\" srcset=\"https:\/\/mostbetoficial.com\/wp-content\/uploads\/2025\/07\/estrategias.png ,https:\/\/mostbetoficial.com\/wp-content\/uploads\/2025\/07\/estrategias.png 780w, https:\/\/mostbetoficial.com\/wp-content\/uploads\/2025\/07\/estrategias.png 360w\" sizes=\"auto, (max-width: 480px) 150px\" src=\"https:\/\/mostbetoficial.com\/wp-content\/uploads\/2025\/07\/estrategias.png\" alt=\"estrategias\" class=\"uag-image-1683\" width=\"574\" height=\"379\" title=\"estrategias\" loading=\"lazy\" role=\"img\"\/><\/figure><\/div>\n\n\n\n<p class=\"has-contrast-color has-text-color has-link-color wp-elements-60bf8c67e2b6a9a3c02661d382b116e1\"><\/p>\n\n\n\n<h2 class=\"wp-block-heading has-text-align-center has-accent-color has-text-color has-link-color wp-elements-fd656c1f352e3b9ae4daf2046c28947b\" id=\"melhores-tragamonedas\" style=\"text-transform:uppercase\">Melhores slots para aplicar estrat\u00e9gias<\/h2>\n\n\n\n<h3 class=\"wp-block-heading has-contrast-color has-text-color has-link-color wp-elements-dd02e15bbf3acd412c1cd978ded6c8bd\">Procurado morto ou selvagem<\/h3>\n\n\n\n<p class=\"has-contrast-color has-text-color has-link-color wp-elements-0cae82f24942036faeb014365e281abf\">Alta volatilidade e op\u00e7\u00e3o de compra de b\u00f4nus. Ideal para estrat\u00e9gias agressivas e apostas planejadas. <\/p>\n\n\n\n<h3 class=\"wp-block-heading has-contrast-color has-text-color has-link-color wp-elements-89b0c8732ca434bef77079e7703332dc\">Minas<\/h3>\n\n\n\n<p class=\"has-contrast-color has-text-color has-link-color wp-elements-2b592395cde78e6ce0fe625a009f2046\">Perfeito para quem toma decis\u00f5es com frequ\u00eancia. Requer disciplina para voc\u00ea se retirar a tempo. <\/p>\n\n\n\n<h3 class=\"wp-block-heading has-contrast-color has-text-color has-link-color wp-elements-208c2313fee9e85d614c6f6c39f4fa2f\">Joias do Coringa<\/h3>\n\n\n\n<p class=\"has-contrast-color has-text-color has-link-color wp-elements-b01c3a31544e2f059e8e2513576832a8\">Cl\u00e1ssico com mec\u00e2nica simples e volatilidade m\u00e9dia. Ideal para monitoramento de equil\u00edbrio e an\u00e1lise de padr\u00f5es. <\/p>\n\n\n\n<h3 class=\"wp-block-heading has-contrast-color has-text-color has-link-color wp-elements-afbb85527ba163e8766627febbaa7638\">Aviador<\/h3>\n\n\n\n<p class=\"has-contrast-color has-text-color has-link-color wp-elements-2541aa207d0a7379a90ff9588eed10b6\">Jogo de colis\u00e3o em que o segredo \u00e9 recuar a tempo. Adequado para estrat\u00e9gias de autocontrole e c\u00e1lculo. <\/p>\n\n\n\n<h3 class=\"wp-block-heading has-contrast-color has-text-color has-link-color wp-elements-38d67981a54d67e09ac80b8a38c35d35\">Megaways da casa do cachorro<\/h3>\n\n\n\n<p class=\"has-contrast-color has-text-color has-link-color wp-elements-cdcf5bb2e3850ebfe9f98375b1e16159\">Muitas combina\u00e7\u00f5es, giros gr\u00e1tis e multiplicadores. Perfeito para estrat\u00e9gias baseadas em ciclos de jogo. <\/p>\n\n\n\n<h3 class=\"wp-block-heading has-contrast-color has-text-color has-link-color wp-elements-2a6a59db415dd2c5f5e6c345f7580241\">Voc\u00ea vai ganhar o ouro!<\/h3>\n\n\n\n<p class=\"has-contrast-color has-text-color has-link-color wp-elements-03cd4dd70c82b923e2d20c1ff4ae8065\">B\u00f4nus frequentes. Recomendado para voc\u00ea apostar constantemente e aproveitar os multiplicadores. <\/p>\n\n\n\n<h2 class=\"wp-block-heading has-text-align-center has-accent-color has-text-color has-link-color wp-elements-fb8a554361df28090bf16fc673b5ea78\" id=\"populates-slots\" style=\"text-transform:uppercase\">Mitos populares sobre ganhar nos ca\u00e7a-n\u00edqueis<\/h2>\n\n\n\n<ul class=\"wp-block-list\">\n<li class=\"has-contrast-color has-text-color has-link-color wp-elements-ca3780b67caaacfaf9a947b81042885d\">&#8220;Os ca\u00e7a-n\u00edqueis pagam mais \u00e0 noite&#8221;.<\/li>\n\n\n\n<li class=\"has-contrast-color has-text-color has-link-color wp-elements-0b1ae16ca3cd8fac21da5eb344266cb1\">&#8220;Se o t\u00edtulo ainda n\u00e3o foi lan\u00e7ado, est\u00e1 quase lan\u00e7ado&#8221;.<\/li>\n\n\n\n<li class=\"has-contrast-color has-text-color has-link-color wp-elements-7d49535ab2a24f2478cac8fc39450b89\">&#8220;O bot\u00e3o de parada influencia o resultado&#8221;.<\/li>\n<\/ul>\n\n\n\n<p class=\"has-contrast-color has-text-color has-link-color wp-elements-9170c666171591478611e4cffccd6906\">Todos esses mitos s\u00e3o falsos. Os ca\u00e7a-n\u00edqueis s\u00e3o jogos de azar regulamentados. O sucesso depende de sua estrat\u00e9gia e autocontrole.  <\/p>\n\n\n\n<h2 class=\"wp-block-heading has-text-align-center has-accent-color has-text-color has-link-color wp-elements-e5262ef9962a6443effe2551a7690cfd\" id=\"jugar-movil\" style=\"text-transform:uppercase\">H\u00e1 alguma diferen\u00e7a quando voc\u00ea joga de um telefone celular?<\/h2>\n\n\n\n<p class=\"has-contrast-color has-text-color has-link-color wp-elements-0d62b255e1b2737cf405761856b4d570\">Hoje em dia, a maioria dos ca\u00e7a-n\u00edqueis \u00e9 otimizada para dispositivos m\u00f3veis. Voc\u00ea pode aplicar as mesmas estrat\u00e9gias que no PC, com a conveni\u00eancia adicional de jogar em qualquer lugar. Os b\u00f4nus tamb\u00e9m est\u00e3o dispon\u00edveis no celular.  <\/p>\n\n\n\n<h2 class=\"wp-block-heading has-text-align-center has-accent-color has-text-color has-link-color wp-elements-7bdb6252af9c5b7edb24d416c63ff9ad\" id=\"conclusion\" style=\"text-transform:uppercase\">Conclus\u00e3o<\/h2>\n\n\n\n<p class=\"has-contrast-color has-text-color has-link-color wp-elements-b34736b09495bfb5cbe93791370ccea6\">N\u00e3o existe uma estrat\u00e9gia m\u00e1gica para que voc\u00ea ganhe sempre nos ca\u00e7a-n\u00edqueis, mas h\u00e1 maneiras mais inteligentes de jogar. Estude o RTP e a volatilidade, experimente os jogos no modo de demonstra\u00e7\u00e3o e aplique as estrat\u00e9gias corretas, dependendo do ca\u00e7a-n\u00edquel que voc\u00ea escolher. Isso n\u00e3o garante que voc\u00ea ganhe, mas torna a experi\u00eancia mais consciente e controlada.  <\/p>\n\n\n\n<h2 class=\"wp-block-heading has-text-align-center has-accent-color has-text-color has-link-color wp-elements-8da92acbe34f1576a3a9fffd7fa7ac53\" id=\"Juego-responsable\" style=\"text-transform:uppercase\">Jogue com responsabilidade<\/h2>\n\n\n\n<p class=\"has-contrast-color has-text-color has-link-color wp-elements-1ba1c52202b5b2d0163b389dfae4ea6b\">O jogo deve ser visto como uma forma de entretenimento, n\u00e3o como um m\u00e9todo de ganhar dinheiro. Embora existam estrat\u00e9gias e dicas, <strong>n\u00e3o h\u00e1 garantia de sucesso<\/strong>. Defina seus pr\u00f3prios limites, n\u00e3o corra atr\u00e1s das perdas e sempre jogue com consci\u00eancia.  <\/p>\n\n\n\n<p class=\"has-contrast-color has-text-color has-link-color wp-elements-e9f91896e1083a0d22bc31b5bc4faae8\">Se voc\u00ea acha que o jogo est\u00e1 afetando sua vida, procure ajuda profissional ou visite a se\u00e7\u00e3o sobre <a href=\"https:\/\/mostbetoficial.com\/pt-br\/jogo-responsavel\/\"><mark style=\"background-color:rgba(0, 0, 0, 0)\" class=\"has-inline-color has-accent-color\">Jogo respons\u00e1vel<\/mark><\/a> para obter mais informa\u00e7\u00f5es.<\/p>\n<\/div><\/div>\n\n\n\n<hr class=\"wp-block-separator has-alpha-channel-opacity\"\/>\n\n\n\n<h2 class=\"wp-block-heading has-text-align-center has-accent-color has-text-color has-link-color has-large-font-size wp-elements-6956cdb0e60abb673df65eb2a519d572\" id=\"perguntas-frecuentes-faq\" style=\"text-transform:uppercase\">Perguntas frequentes (FAQ)<\/h2>\n\n\n<div id=\"rank-math-faq\" class=\"rank-math-block\">\n<div class=\"rank-math-list \">\n<div id=\"faq-question-1653387102959\" class=\"rank-math-list-item\">\n<div class=\"rank-math-question \">Existe uma estrat\u00e9gia infal\u00edvel para ganhar nas slots?<\/div>\n<div class=\"rank-math-answer \">\n\n<p>N\u00e3o, n\u00e3o existe uma estrat\u00e9gia 100\u202f% garantida. As slots funcionam com geradores aleat\u00f3rios, o que significa que cada rodada \u00e9 independente. No entanto, \u00e9 poss\u00edvel\u00a0<strong>aumentar suas chances<\/strong>\u00a0escolhendo jogos com RTP alto, uma volatilidade que combine com seu estilo e gerenciando bem seu saldo.<\/p>\n\n<\/div>\n<\/div>\n<div id=\"faq-question-1653387114039\" class=\"rank-math-list-item\">\n<div class=\"rank-math-question \"><strong><strong>O que significa RTP e por que \u00e9 importante?<\/strong><\/strong><\/div>\n<div class=\"rank-math-answer \">\n\n<p>RTP (Return to Player) \u00e9 a porcentagem te\u00f3rica que uma slot retorna aos jogadores a longo prazo. Por exemplo, um RTP de 96\u202f% indica que, em m\u00e9dia, s\u00e3o devolvidos 96\u202f\u20ac a cada 100\u202f\u20ac apostados. Escolher slots com RTP alto pode\u00a0<strong>melhorar suas probabilidades<\/strong>\u00a0com o tempo.<\/p>\n\n<\/div>\n<\/div>\n<div id=\"faq-question-1653387128127\" class=\"rank-math-list-item\">\n<div class=\"rank-math-question \"><strong><strong>Devo jogar em slots de alta ou baixa volatilidade?<\/strong><\/strong><\/div>\n<div class=\"rank-math-answer \">\n\n<p>Depende do que voc\u00ea procura:<br \/>&#8211; <strong>Alta volatilidade<\/strong>: pagamentos menos frequentes, mas maiores. Ideal para quem tem paci\u00eancia e um saldo mais robusto.<br \/>&#8211; <strong>Baixa volatilidade<\/strong>: ganhos menores, mas mais frequentes. Melhor para sess\u00f5es mais longas com risco reduzido.<\/p>\n\n<\/div>\n<\/div>\n<div id=\"faq-question-1653387144699\" class=\"rank-math-list-item\">\n<div class=\"rank-math-question \"><strong>Quanto devo apostar por rodada?<\/strong><\/div>\n<div class=\"rank-math-answer \">\n\n<p>Uma boa pr\u00e1tica \u00e9 n\u00e3o apostar mais do que\u00a0<strong>1 a 2\u202f% do seu saldo por rodada<\/strong>. Isso permite jogar por mais tempo e ter margem para aproveitar b\u00f4nus e poss\u00edveis sequ\u00eancias de vit\u00f3ria.<\/p>\n\n<\/div>\n<\/div>\n<div id=\"faq-question-1750936088897\" class=\"rank-math-list-item\">\n<div class=\"rank-math-question \">Os b\u00f4nus realmente ajudam a ganhar?<\/div>\n<div class=\"rank-math-answer \">\n\n<p>Sim, quando usados com intelig\u00eancia. B\u00f4nus de boas-vindas e rodadas gr\u00e1tis podem dar mais oportunidades sem usar seu pr\u00f3prio saldo, mas\u00a0<strong>sempre leia os termos<\/strong>, como os requisitos de aposta e jogos eleg\u00edveis.<\/p>\n\n<\/div>\n<\/div>\n<div id=\"faq-question-1753286481618\" class=\"rank-math-list-item\">\n<div class=\"rank-math-question \">Existe um hor\u00e1rio melhor para jogar slots?<\/div>\n<div class=\"rank-math-answer \">\n\n<p>Na verdade, n\u00e3o. As chances das slots n\u00e3o mudam conforme o hor\u00e1rio. O mais importante \u00e9\u00a0<strong>jogar com clareza mental, sem pressa e com limites bem definidos<\/strong>\u00a0\u2014 isso sim faz diferen\u00e7a.<\/p>\n\n<\/div>\n<\/div>\n<div id=\"faq-question-1753286495339\" class=\"rank-math-list-item\">\n<div class=\"rank-math-question \">Como saber se uma slot \u00e9 justa?<\/div>\n<div class=\"rank-math-answer \">\n\n<p>Prefira jogos de\u00a0<strong>fornecedores confi\u00e1veis<\/strong>\u00a0(como NetEnt, Pragmatic Play, etc.) e jogue em cassinos com\u00a0<strong>licen\u00e7as v\u00e1lidas<\/strong>. Al\u00e9m disso, verifique se a slot informa seu RTP e se passou por auditorias independentes.<\/p>\n\n<\/div>\n<\/div>\n<\/div>\n<\/div>\n\n\n<div class=\"wp-block-cover\"><span aria-hidden=\"true\" class=\"wp-block-cover__background has-base-3-background-color has-background-dim-100 has-background-dim\"><\/span><div class=\"wp-block-cover__inner-container is-layout-constrained wp-block-cover-is-layout-constrained\">\n<h2 class=\"wp-block-heading has-text-align-center has-accent-color has-text-color has-link-color wp-elements-1ee2739c69450dc6b1ec65044c501b36\" id=\"opinas-sobre-el-RTP\">E voc\u00ea, qual estrat\u00e9gia usa nas slots?<\/h2>\n\n\n\n<p class=\"has-contrast-color has-text-color has-link-color wp-elements-ec512cc55e0669bdae52988626944cb2\">Voc\u00ea prefere jogos com alto RTP, volatilidade alta ou escolhe s\u00f3 pela divers\u00e3o? Conte pra gente nos coment\u00e1rios e compartilhe seus slots favoritos!<\/p>\n<\/div><\/div>\n\n\n\n<p><\/p>\n","protected":false},"excerpt":{"rendered":"<p>Qual \u00e9 a melhor estrat\u00e9gia para voc\u00ea ganhar nos ca\u00e7a-n\u00edqueis? Introdu\u00e7\u00e3o Las tragamonedas son uno de los juegos m\u00e1s populares en los casinos de toda Am\u00e9rica Latina. Muchos jugadores buscan una &#8220;f\u00f3rmula secreta&#8221; para ganar, pero \u00bfrealmente existe una estrategia que funcione? En este art\u00edculo, analizamos consejos reales, estrategias inteligentes y los mejores juegos para &#8230; <a title=\"estrat\u00e9gias-slots\" class=\"read-more\" href=\"https:\/\/mostbetoficial.com\/pt-br\/blog\/estrategias-slots\/\" aria-label=\"Read more about estrat\u00e9gias-slots\">\u0427\u0438\u0442\u0430\u0442\u044c \u0434\u0430\u043b\u0435\u0435<\/a><\/p>\n","protected":false},"author":1,"featured_media":0,"parent":1349,"menu_order":0,"comment_status":"closed","ping_status":"closed","template":"","meta":{"inline_featured_image":false,"_uag_custom_page_level_css":"","footnotes":""},"class_list":["post-1925","page","type-page","status-publish"],"uagb_featured_image_src":{"full":false,"thumbnail":false,"medium":false,"medium_large":false,"large":false,"1536x1536":false,"2048x2048":false},"uagb_author_info":{"display_name":"developer","author_link":"https:\/\/mostbetoficial.com\/pt-br\/author\/developer\/"},"uagb_comment_info":0,"uagb_excerpt":"Qual \u00e9 a melhor estrat\u00e9gia para voc\u00ea ganhar nos ca\u00e7a-n\u00edqueis? Introdu\u00e7\u00e3o Las tragamonedas son uno de los juegos m\u00e1s populares en los casinos de toda Am\u00e9rica Latina. Muchos jugadores buscan una &#8220;f\u00f3rmula secreta&#8221; para ganar, pero \u00bfrealmente existe una estrategia que funcione? En este art\u00edculo, analizamos consejos reales, estrategias inteligentes y los mejores juegos para&hellip;","_links":{"self":[{"href":"https:\/\/mostbetoficial.com\/pt-br\/wp-json\/wp\/v2\/pages\/1925","targetHints":{"allow":["GET"]}}],"collection":[{"href":"https:\/\/mostbetoficial.com\/pt-br\/wp-json\/wp\/v2\/pages"}],"about":[{"href":"https:\/\/mostbetoficial.com\/pt-br\/wp-json\/wp\/v2\/types\/page"}],"author":[{"embeddable":true,"href":"https:\/\/mostbetoficial.com\/pt-br\/wp-json\/wp\/v2\/users\/1"}],"replies":[{"embeddable":true,"href":"https:\/\/mostbetoficial.com\/pt-br\/wp-json\/wp\/v2\/comments?post=1925"}],"version-history":[{"count":13,"href":"https:\/\/mostbetoficial.com\/pt-br\/wp-json\/wp\/v2\/pages\/1925\/revisions"}],"predecessor-version":[{"id":1965,"href":"https:\/\/mostbetoficial.com\/pt-br\/wp-json\/wp\/v2\/pages\/1925\/revisions\/1965"}],"up":[{"embeddable":true,"href":"https:\/\/mostbetoficial.com\/pt-br\/wp-json\/wp\/v2\/pages\/1349"}],"wp:attachment":[{"href":"https:\/\/mostbetoficial.com\/pt-br\/wp-json\/wp\/v2\/media?parent=1925"}],"curies":[{"name":"wp","href":"https:\/\/api.w.org\/{rel}","templated":true}]}}