{"id":1754,"date":"2025-07-23T00:21:19","date_gmt":"2025-07-22T21:21:19","guid":{"rendered":"https:\/\/mostbetoficial.com\/?page_id=1754"},"modified":"2025-07-28T15:14:20","modified_gmt":"2025-07-28T12:14:20","slug":"roulette-live","status":"publish","type":"page","link":"https:\/\/mostbetoficial.com\/pt-br\/casino\/roulette-live\/","title":{"rendered":"Roleta ao vivo"},"content":{"rendered":"\n<div class=\"wp-block-group after-head\"><div class=\"wp-block-group__inner-container is-layout-flow wp-block-group-is-layout-flow\">\n<h1 class=\"wp-block-heading has-accent-color has-text-color\" id=\"Jokers-Jewels\">Roulette Live \u2013 La experiencia de ruleta en vivo definitiva<\/h1>\n\n\n\n<p class=\"has-base-3-color has-text-color\">Introdu\u00e7\u00e3o \u00e0 roleta ao vivo<\/p>\n\n\n\n<p class=\"has-base-3-color has-text-color has-link-color wp-elements-2c5747e187b5ee6e0a5951f5005f7206\"><strong>A Roleta ao Vivo<\/strong> \u00e9 a maneira mais emocionante e aut\u00eantica de voc\u00ea desfrutar da roleta cl\u00e1ssica em qualquer lugar. Transmitida em tempo real de est\u00fadios profissionais ou cassinos reais, essa vers\u00e3o on-line permite que voc\u00ea interaja com dealers reais e outros jogadores por meio de uma interface moderna e fluida. Ideal para quem procura uma <em>roleta ao vivo<\/em> com emo\u00e7\u00e3o e transpar\u00eancia.  <\/p>\n\n\n\n<p class=\"has-base-3-color has-text-color\">Voc\u00ea quer <em>jogar roleta on-line<\/em> com apostas reais e uma atmosfera vibrante de cassino? Ent\u00e3o <strong>o Roulette Live<\/strong> \u00e9 a melhor op\u00e7\u00e3o para voc\u00ea. <\/p>\n<\/div><\/div>\n\n\n\n<h2 class=\"wp-block-heading has-text-align-center has-accent-color has-text-color\" style=\"text-transform:uppercase\">Caracter\u00edsticas de Roulette Live<\/h2>\n\n\n\n<div class=\"wp-block-cover alignfull is-light\"><span aria-hidden=\"true\" class=\"wp-block-cover__background has-white-background-color has-background-dim-100 has-background-dim\"><\/span><div class=\"wp-block-cover__inner-container is-layout-flow wp-block-cover-is-layout-flow\">\n<div class=\"wp-block-group\"><div class=\"wp-block-group__inner-container is-layout-constrained wp-block-group-is-layout-constrained\">\n<figure class=\"wp-block-table\"><table><thead><tr><th>Recurso<\/th><th>Detalhes<\/th><\/tr><\/thead><tbody><tr><td>Transmiss\u00e3o ao vivo<\/td><td>HD em tempo real com v\u00e1rios \u00e2ngulos de c\u00e2mera<\/td><\/tr><tr><td>Crupi\u00eas de verdade<\/td><td>2018<\/td><\/tr><tr><td>Interface interativa<\/td><td>Estat\u00edsticas em tempo real, hist\u00f3rico de apostas e bate-papo ao vivo<\/td><\/tr><tr><td>Limites de apostas<\/td><td>De \u20ac 0,10 a mais de \u20ac 5.000, ideal para todos os perfis.<\/td><\/tr><tr><td>Compat\u00edvel com estrat\u00e9gias<\/td><td>Perfeito para <em>estrat\u00e9gias de roleta<\/em>, como Martingale ou Fibonacci.<\/td><\/tr><tr><td>Dispon\u00edvel no celular<\/td><td>Sim, compat\u00edvel com iOS, Android e tablets<\/td><\/tr><\/tbody><\/table><\/figure>\n<\/div><\/div>\n\n\n\n<h2 class=\"wp-block-heading has-text-align-center has-accent-color has-text-color\" id=\"Como-empezar-a-jugar\" style=\"text-transform:uppercase\">Instrucciones paso a paso para jugar a Roulette Live<\/h2>\n\n\n<div id=\"rank-math-howto\" class=\"rank-math-block\">\n<div class=\"rank-math-howto-description\">\n\n<p>Siga este guia passo a passo para voc\u00ea come\u00e7ar a jogar <strong>Roleta ao Vivo<\/strong> com dinheiro real ou na vers\u00e3o de demonstra\u00e7\u00e3o. Perfeito para iniciantes que desejam conhecer todo o processo. <\/p>\n\n<\/div>\n\n<div class=\"rank-math-steps \">\n<div id=\"howto-step-1651653197364\" class=\"rank-math-step\">\n<h3 class=\"rank-math-step-title \"><strong><strong><strong>Acesse o site oficial do cassino com o Roulette Live a partir do seu navegador favorito<\/strong><\/strong><\/strong><\/h3>\n<div class=\"rank-math-step-content \"><p><font style=\"vertical-align: inherit\"><font style=\"vertical-align: inherit\">Escolha um cassino confi\u00e1vel que ofere\u00e7a jogos ao vivo. Voc\u00ea pode usar mecanismos de busca ou acessar diretamente se j\u00e1 conhecer um (por exemplo, <a href=\"https:\/\/mostbetoficial.com\/pt-br\/\">Mostbet<\/a>, Casino Estrella, Betsson&#8230;). <\/font><\/font><\/p>\n<\/div>\n<\/div>\n<div id=\"howto-step-1651653279969\" class=\"rank-math-step\">\n<h3 class=\"rank-math-step-title \"><strong><strong>Verificar sua conta<\/strong><\/strong><\/h3>\n<div class=\"rank-math-step-content \"><p>Preencha seu perfil: nome, e-mail, n\u00famero de telefone e m\u00e9todo de pagamento. Essa etapa \u00e9 necess\u00e1ria para que voc\u00ea possa acessar os jogos ao vivo e sacar seus ganhos. <\/p>\n<\/div>\n<\/div>\n<div id=\"howto-step-1651653282895\" class=\"rank-math-step\">\n<h3 class=\"rank-math-step-title \"><strong><strong>Fa\u00e7a seu primeiro dep\u00f3sito<\/strong><\/strong><\/h3>\n<div class=\"rank-math-step-content \"><p>Para jogar com dinheiro real, voc\u00ea precisa fazer um dep\u00f3sito m\u00ednimo. Muitos cassinos oferecem <strong><a href=\"https:\/\/mostbetoficial.com\/pt-br\/bonus\/\">b\u00f4nus de boas-vindas<\/a><\/strong> de at\u00e9 100% ou mais para jogos ao vivo. <\/p>\n<\/div>\n<\/div>\n<div id=\"howto-step-1652194535069\" class=\"rank-math-step\">\n<h3 class=\"rank-math-step-title \"><strong><strong>Entre na se\u00e7\u00e3o Live Casino<\/strong><\/strong><\/h3>\n<div class=\"rank-math-step-content \"><p>Procure &#8220;Live Casino&#8221; no menu do site e selecione <strong>Live Roulette<\/strong> ou uma de suas variantes, como Lightning Roulette, Immersive Roulette, etc.<\/p>\n<\/div>\n<\/div>\n<div id=\"howto-step-1652194554029\" class=\"rank-math-step\">\n<h3 class=\"rank-math-step-title \"><strong><strong>Fa\u00e7a sua aposta<\/strong><\/strong><\/h3>\n<div class=\"rank-math-step-content \"><p>Quando a mesa estiver ativa, selecione suas fichas virtuais e coloque-as na mesa (n\u00famero inteiro, vermelho\/preto, par\/\u00edmpar etc.).<\/p>\n<\/div>\n<\/div>\n<div id=\"howto-step-1652704908362\" class=\"rank-math-step\">\n<h3 class=\"rank-math-step-title \"><strong>Veja a mudan\u00e7a em tempo real<\/strong><\/h3>\n<div class=\"rank-math-step-content \"><p>O crupi\u00ea lan\u00e7a a bola e a c\u00e2mera mostrar\u00e1 a rodada ao vivo &#8211; aproveite o momento! <\/p>\n<\/div>\n<\/div>\n<div id=\"howto-step-1750662336625\" class=\"rank-math-step\">\n<h3 class=\"rank-math-step-title \"><strong>Verifique o resultado<\/strong><\/h3>\n<div class=\"rank-math-step-content \"><p>Se voc\u00ea acertar sua aposta, os ganhos ser\u00e3o automaticamente adicionados ao seu saldo. Voc\u00ea pode repetir a aposta ou tentar uma estrat\u00e9gia diferente. <\/p>\n<\/div>\n<\/div>\n<div id=\"howto-step-1750662354217\" class=\"rank-math-step\">\n<h3 class=\"rank-math-step-title \"><strong>(Opcional) Experimente uma vers\u00e3o de demonstra\u00e7\u00e3o<\/strong><\/h3>\n<div class=\"rank-math-step-content \"><p>Alguns cassinos permitem que voc\u00ea jogue um jogo <em>de roleta simulado<\/em> para praticar sem riscos, ideal para se familiarizar com as regras e os tipos de apostas.<\/p>\n<\/div>\n<\/div>\n<\/div>\n<\/div>\n\n\n<h2 class=\"wp-block-heading has-text-align-center has-accent-color has-text-color has-link-color has-large-font-size wp-elements-eb8ea2e5f856648419fbc860b53a2126\" style=\"text-transform:uppercase\">Tipos de apuestas disponibles<\/h2>\n\n\n\n<figure class=\"wp-block-table\"><table class=\"has-fixed-layout\"><thead><tr><th>Tipo de aposta<\/th><th>Pagamentos<\/th><th>Descri\u00e7\u00e3o<\/th><\/tr><\/thead><tbody><tr><td>Plen\u00e1rio (1 edi\u00e7\u00e3o)<\/td><td>35:1<\/td><td>Apostas em um \u00fanico n\u00famero<\/td><\/tr><tr><td>Vermelho \/ Preto<\/td><td>1:1<\/td><td>Aposte na cor do n\u00famero vencedor<\/td><\/tr><tr><td>Par \/ \u00cdmpar<\/td><td>1:1<\/td><td>Apostar no tipo de n\u00famero<\/td><\/tr><tr><td>Dezenas<\/td><td>2:1<\/td><td>Voc\u00ea pode apostar em um dos tr\u00eas grupos de 12 n\u00fameros<\/td><\/tr><tr><td>Rua \/ Foto<\/td><td>11:1 \/ 8:1<\/td><td>Apostas de combina\u00e7\u00e3o de n\u00fameros m\u00faltiplos<\/td><\/tr><\/tbody><\/table><\/figure>\n\n\n<div class=\"wp-block-image is-style-rounded\">\n<figure class=\"aligncenter size-full is-resized\"><img loading=\"lazy\" decoding=\"async\" width=\"679\" height=\"379\" src=\"https:\/\/mostbetoficial.com\/wp-content\/uploads\/2025\/07\/Roulette-Live.png\" alt=\"Roleta ao vivo\" class=\"wp-image-1762\" style=\"object-fit:cover;width:675px;height:379px\" srcset=\"https:\/\/mostbetoficial.com\/wp-content\/uploads\/2025\/07\/Roulette-Live.png 679w, https:\/\/mostbetoficial.com\/wp-content\/uploads\/2025\/07\/Roulette-Live-300x167.png 300w\" sizes=\"auto, (max-width: 679px) 100vw, 679px\" \/><\/figure>\n<\/div>\n\n\n<p class=\"has-medium-font-size\"><\/p>\n\n\n\n<hr class=\"wp-block-separator has-text-color has-css-opacity has-background\" style=\"background-color:#ff4c00;color:#ff4c00\"\/>\n\n\n\n<div class=\"wp-block-group has-base-2-background-color has-background\"><div class=\"wp-block-group__inner-container is-layout-flow wp-block-group-is-layout-flow\">\n<h2 class=\"wp-block-heading has-text-align-center has-accent-color has-text-color\" id=\"Estrategias-Jokers-Jewels\" style=\"font-size:42px;text-transform:uppercase\">Bonificaciones y promociones para Roulette Live<\/h2>\n\n\n\n<p><em>Os b\u00f4nus da roleta ao vivo<\/em> variam de cassino para cassino. Alguns exemplos comuns: <\/p>\n\n\n\n<ul class=\"wp-block-list\">\n<li><strong>B\u00f4nus de boas-vindas<\/strong>: duplica\u00e7\u00e3o do seu primeiro dep\u00f3sito (at\u00e9 100 euros ou mais)<\/li>\n\n\n\n<li><strong>Cashback em jogos ao vivo<\/strong>: porcentagem de cashback sobre perdas semanais<\/li>\n\n\n\n<li><strong>Torneios ao vivo<\/strong>: competi\u00e7\u00f5es de roleta com pr\u00eamios garantidos<\/li>\n<\/ul>\n\n\n\n<figure class=\"wp-block-table\"><table class=\"has-fixed-layout\"><thead><tr><th>Cassino recomendado<\/th><th>B\u00f4nus atual<\/th><th>Principais condi\u00e7\u00f5es<\/th><\/tr><\/thead><tbody><tr><td><a href=\"https:\/\/mostbetoficial.com\/pt-br\/casino\/\">Mostbet<\/a><\/td><td>120% at\u00e9 500 euros<\/td><td>Somente para os primeiros dep\u00f3sitos<\/td><\/tr><tr><td>Cassino Estrella<\/td><td>100% at\u00e9 200 euros<\/td><td>Rollover de 10x em jogos ao vivo<\/td><\/tr><tr><td>PlayUZU<\/td><td>Sem rolagem<\/td><td>Adequado para roleta ao vivo<\/td><\/tr><\/tbody><\/table><\/figure>\n\n\n<div class=\"wp-block-image is-style-rounded\">\n<figure class=\"aligncenter size-full is-resized\"><img loading=\"lazy\" decoding=\"async\" width=\"679\" height=\"379\" src=\"https:\/\/mostbetoficial.com\/wp-content\/uploads\/2025\/07\/Roulette-Live2.png\" alt=\"\" class=\"wp-image-1764\" style=\"object-fit:cover;width:675px;height:379px\" srcset=\"https:\/\/mostbetoficial.com\/wp-content\/uploads\/2025\/07\/Roulette-Live2.png 679w, https:\/\/mostbetoficial.com\/wp-content\/uploads\/2025\/07\/Roulette-Live2-300x167.png 300w\" sizes=\"auto, (max-width: 679px) 100vw, 679px\" \/><\/figure>\n<\/div><\/div><\/div>\n\n\n\n<h2 class=\"wp-block-heading has-text-align-center has-accent-color has-text-color has-link-color has-large-font-size wp-elements-a6656ecc343fa3f7aaed138107baf00d\" id=\"disponible-en-movil\" style=\"text-transform:uppercase\">Ruletas online populares en Latinoam\u00e9rica, Espa\u00f1a y Brasil<\/h2>\n\n\n\n<figure class=\"wp-block-table is-style-regular\"><table class=\"has-fixed-layout\"><thead><tr><th>Nome do jogo<\/th><th>Tipo<\/th><th>Popular em<\/th><th>Breve descri\u00e7\u00e3o<\/th><\/tr><\/thead><tbody><tr><td>Roleta rel\u00e2mpago<\/td><td>Roleta ao vivo<\/td><td>\ud83c\uddf2\ud83c\uddfd \ud83c\udde8\ud83c\uddf4 \ud83c\udde7\ud83c\uddf7 \ud83c\uddea\ud83c\uddf8<\/td><td>Multiplicadores aleat\u00f3rios de at\u00e9 500x<\/td><\/tr><tr><td>Roleta Imersiva<\/td><td>Roleta ao vivo<\/td><td>\ud83c\udde6\ud83c\uddf7 \ud83c\uddf5\ud83c\uddea \ud83c\udde7\ud83c\uddf7 \ud83c\uddea\ud83c\uddf8<\/td><td>C\u00e2mera lenta HD, experi\u00eancia cinematogr\u00e1fica<\/td><\/tr><tr><td>Roleta francesa<\/td><td>Roleta cl\u00e1ssica<\/td><td>\ud83c\uddea\ud83c\uddf8 \ud83c\udde8\ud83c\uddf1 \ud83c\udde7\ud83c\uddf7<\/td><td>Vantagem da casa mais baixa gra\u00e7as \u00e0 regra &#8220;La Partage&#8221;<\/td><\/tr><tr><td>Roleta Americana<\/td><td>Roleta cl\u00e1ssica<\/td><td>\ud83c\uddf2\ud83c\uddfd \ud83c\udde8\ud83c\uddf4 \ud83c\udde6\ud83c\uddf7<\/td><td>Duplo zero (00), estilo mais arriscado<\/td><\/tr><tr><td>Evolu\u00e7\u00e3o da roleta autom\u00e1tica<\/td><td>Roleta autom\u00e1tica<\/td><td>\ud83c\udde8\ud83c\uddf4 \ud83c\uddea\ud83c\uddf8 \ud83c\udde7\ud83c\uddf7 \ud83c\uddf2\ud83c\uddfd<\/td><td>Sem crupi\u00ea, giros r\u00e1pidos e cont\u00ednuos<\/td><\/tr><tr><td>Auto Roulette La Partage<\/td><td>Roleta autom\u00e1tica<\/td><td>\ud83c\uddea\ud83c\uddf8 \ud83c\udde7\ud83c\uddf7<\/td><td>Regras francesas com velocidade autom\u00e1tica<\/td><\/tr><tr><td>Roleta VIP<\/td><td>Roleta ao vivo<\/td><td>\ud83c\udde6\ud83c\uddf7 \ud83c\uddea\ud83c\uddf8 \ud83c\udde7\ud83c\uddf7<\/td><td>Mesas exclusivas para jogadores com grandes or\u00e7amentos<\/td><\/tr><tr><td>Roleta r\u00e1pida<\/td><td>Roleta ao vivo<\/td><td>\ud83c\uddf2\ud83c\uddfd \ud83c\udde8\ud83c\uddf4 \ud83c\udde7\ud83c\uddf7<\/td><td>Curvas ultrarr\u00e1pidas, ideais para especialistas<\/td><\/tr><tr><td>Roleta Azure<\/td><td>Roleta ao vivo<\/td><td>\ud83c\udde7\ud83c\uddf7 \ud83c\uddea\ud83c\uddf8<\/td><td>Elegante, fluido e muito popular no Brasil e na Europa.<\/td><\/tr><\/tbody><\/table><\/figure>\n\n\n\n<hr class=\"wp-block-separator has-alpha-channel-opacity\"\/>\n\n\n\n<h2 class=\"wp-block-heading has-text-align-center has-accent-color has-text-color has-link-color wp-elements-8ab183b2b4f0b81a16f1d6741b5927fc\" id=\"jokers-jewels-opinion-del-editor\" style=\"text-transform:uppercase\">Disponible en m\u00f3vil y tablet<\/h2>\n\n\n\n<div class=\"wp-block-group\"><div class=\"wp-block-group__inner-container is-layout-constrained wp-block-group-is-layout-constrained\">\n<figure class=\"wp-block-table\"><table class=\"has-fixed-layout\"><thead><tr><th>Dispositivo<\/th><th>Compatibilidade<\/th><\/tr><\/thead><tbody><tr><td>iOS (iPhone, iPad)<\/td><td>\u2705<\/td><\/tr><tr><td>Android<\/td><td>\u2705<\/td><\/tr><tr><td>Windows Phone<\/td><td>\u2705<\/td><\/tr><tr><td>Navegadores m\u00f3veis<\/td><td>\u2705<\/td><\/tr><\/tbody><\/table><\/figure>\n<\/div><\/div>\n\n\n\n<p>Voc\u00ea n\u00e3o precisa fazer download de nada: basta fazer login no navegador do seu celular e acessar o jogo diretamente.<\/p>\n\n\n\n<h2 class=\"wp-block-heading has-text-align-center has-accent-color has-text-color has-link-color has-large-font-size wp-elements-d2da07d0bf50b1fda6875fc50c2a5347\" style=\"text-transform:uppercase\"> \u00bfVale la pena jugar a Roulette Live?<\/h2>\n\n\n\n<p>Sim, se voc\u00ea est\u00e1 procurando uma experi\u00eancia imersiva, jogar com dealers reais e a possibilidade de usar estrat\u00e9gias inteligentes, ent\u00e3o <strong>a Roulette Live<\/strong> \u00e9 perfeita para voc\u00ea. Al\u00e9m disso, ela oferece uma emo\u00e7\u00e3o descomplicada com total transpar\u00eancia.  <\/p>\n\n\n\n<hr class=\"wp-block-separator has-alpha-channel-opacity\"\/>\n\n\n\n<h2 class=\"wp-block-heading has-text-align-center has-accent-color has-text-color\" id=\"Joker-jewels-faq\" style=\"text-transform:uppercase\"> Preguntas frecuentes (FAQ)<\/h2>\n<\/div><\/div>\n\n\n<div id=\"rank-math-faq\" class=\"rank-math-block\">\n<div class=\"rank-math-list \">\n<div id=\"faq-question-1653388484245\" class=\"rank-math-list-item\">\n<h3 class=\"rank-math-question \"><strong><strong>O Roulette Live \u00e9 realmente ao vivo?<\/strong><\/strong><\/h3>\n<div class=\"rank-math-answer \">\n\n<p>Sim, o dealer joga a bola em tempo real, e voc\u00ea pode assistir a tudo isso por meio de v\u00eddeo ao vivo.<\/p>\n\n<\/div>\n<\/div>\n<div id=\"faq-question-1653388497872\" class=\"rank-math-list-item\">\n<h3 class=\"rank-math-question \"><strong><strong>Quais estrat\u00e9gias podem ser usadas?<\/strong><\/strong><\/h3>\n<div class=\"rank-math-answer \">\n\n<p>Martingale, Fibonacci, D&#8217;Alembert e outros. Embora n\u00e3o garantam lucros, eles ajudam a gerenciar o risco. <\/p>\n\n<\/div>\n<\/div>\n<div id=\"faq-question-1653388510942\" class=\"rank-math-list-item\">\n<h3 class=\"rank-math-question \"><strong><strong>Posso jogar com meu celular?<\/strong><\/strong><\/h3>\n<div class=\"rank-math-answer \">\n\n<p>Obviamente, o jogo \u00e9 100% otimizado para celulares e tablets.<\/p>\n\n<\/div>\n<\/div>\n<div id=\"faq-question-1653388532178\" class=\"rank-math-list-item\">\n<h3 class=\"rank-math-question \"><strong>\u00c9 seguro jogar?<\/strong><\/h3>\n<div class=\"rank-math-answer \">\n\n<p>Sim, desde que voc\u00ea escolha um cassino regulamentado e de boa reputa\u00e7\u00e3o.<\/p>\n\n<\/div>\n<\/div>\n<div id=\"faq-question-1653388551306\" class=\"rank-math-list-item\">\n<h3 class=\"rank-math-question \"><strong>Posso experimentar sem dinheiro real?<\/strong><\/h3>\n<div class=\"rank-math-answer \">\n\n<p>Alguns cassinos oferecem vers\u00f5es de demonstra\u00e7\u00e3o ou b\u00f4nus sem dep\u00f3sito para que voc\u00ea comece a jogar de gra\u00e7a.<\/p>\n\n<\/div>\n<\/div>\n<\/div>\n<\/div>\n\n\n<p><\/p>\n","protected":false},"excerpt":{"rendered":"<p>Roulette Live \u2013 La experiencia de ruleta en vivo definitiva Introdu\u00e7\u00e3o \u00e0 roleta ao vivo A Roleta ao Vivo \u00e9 a maneira mais emocionante e aut\u00eantica de voc\u00ea desfrutar da roleta cl\u00e1ssica em qualquer lugar. Transmitida em tempo real de est\u00fadios profissionais ou cassinos reais, essa vers\u00e3o on-line permite que voc\u00ea interaja com dealers reais &#8230; <a title=\"Roleta ao vivo\" class=\"read-more\" href=\"https:\/\/mostbetoficial.com\/pt-br\/casino\/roulette-live\/\" aria-label=\"Read more about Roleta ao vivo\">\u0427\u0438\u0442\u0430\u0442\u044c \u0434\u0430\u043b\u0435\u0435<\/a><\/p>\n","protected":false},"author":1,"featured_media":0,"parent":1367,"menu_order":0,"comment_status":"closed","ping_status":"closed","template":"","meta":{"inline_featured_image":false,"_uag_custom_page_level_css":"","footnotes":""},"class_list":["post-1754","page","type-page","status-publish"],"uagb_featured_image_src":{"full":false,"thumbnail":false,"medium":false,"medium_large":false,"large":false,"1536x1536":false,"2048x2048":false},"uagb_author_info":{"display_name":"developer","author_link":"https:\/\/mostbetoficial.com\/pt-br\/author\/developer\/"},"uagb_comment_info":0,"uagb_excerpt":"Roulette Live \u2013 La experiencia de ruleta en vivo definitiva Introdu\u00e7\u00e3o \u00e0 roleta ao vivo A Roleta ao Vivo \u00e9 a maneira mais emocionante e aut\u00eantica de voc\u00ea desfrutar da roleta cl\u00e1ssica em qualquer lugar. Transmitida em tempo real de est\u00fadios profissionais ou cassinos reais, essa vers\u00e3o on-line permite que voc\u00ea interaja com dealers reais&hellip;","_links":{"self":[{"href":"https:\/\/mostbetoficial.com\/pt-br\/wp-json\/wp\/v2\/pages\/1754","targetHints":{"allow":["GET"]}}],"collection":[{"href":"https:\/\/mostbetoficial.com\/pt-br\/wp-json\/wp\/v2\/pages"}],"about":[{"href":"https:\/\/mostbetoficial.com\/pt-br\/wp-json\/wp\/v2\/types\/page"}],"author":[{"embeddable":true,"href":"https:\/\/mostbetoficial.com\/pt-br\/wp-json\/wp\/v2\/users\/1"}],"replies":[{"embeddable":true,"href":"https:\/\/mostbetoficial.com\/pt-br\/wp-json\/wp\/v2\/comments?post=1754"}],"version-history":[{"count":9,"href":"https:\/\/mostbetoficial.com\/pt-br\/wp-json\/wp\/v2\/pages\/1754\/revisions"}],"predecessor-version":[{"id":1973,"href":"https:\/\/mostbetoficial.com\/pt-br\/wp-json\/wp\/v2\/pages\/1754\/revisions\/1973"}],"up":[{"embeddable":true,"href":"https:\/\/mostbetoficial.com\/pt-br\/wp-json\/wp\/v2\/pages\/1367"}],"wp:attachment":[{"href":"https:\/\/mostbetoficial.com\/pt-br\/wp-json\/wp\/v2\/media?parent=1754"}],"curies":[{"name":"wp","href":"https:\/\/api.w.org\/{rel}","templated":true}]}}