{"id":1542,"date":"2025-07-10T22:44:22","date_gmt":"2025-07-10T19:44:22","guid":{"rendered":"https:\/\/mostbetoficial.com\/?page_id=1542"},"modified":"2025-07-28T15:18:19","modified_gmt":"2025-07-28T12:18:19","slug":"jokers-jewels","status":"publish","type":"page","link":"https:\/\/mostbetoficial.com\/pt-br\/casino\/jokers-jewels\/","title":{"rendered":"Jokers Jewels"},"content":{"rendered":"\n<div class=\"wp-block-group after-head\"><div class=\"wp-block-group__inner-container is-layout-flow wp-block-group-is-layout-flow\">\n<h1 class=\"wp-block-heading has-accent-color has-text-color\" id=\"Jokers-Jewels\">Joker&#8217;s Jewels &#8211; ca\u00e7a-n\u00edqueis cl\u00e1ssico com um toque moderno<\/h1>\n\n\n\n<p class=\"has-base-3-color has-text-color\"><strong>O Joker&#8217;s Jewels<\/strong> \u00e9 um ca\u00e7a-n\u00edqueis popular da <strong>Pragmatic Play<\/strong> que combina o charme dos jogos cl\u00e1ssicos com um design colorido e recursos simples. Ideal para jogadores que procuram uma experi\u00eancia de jogo r\u00e1pida e direta com um toque retr\u00f4, esse t\u00edtulo conquistou o cora\u00e7\u00e3o de muitos usu\u00e1rios na <strong>Argentina e em toda a Am\u00e9rica Latina.<\/strong> <\/p>\n<\/div><\/div>\n\n\n\n<h2 class=\"wp-block-heading has-text-align-center has-accent-color has-text-color\" style=\"text-transform:uppercase\">Recursos do jogo<\/h2>\n\n\n\n<div class=\"wp-block-cover alignfull is-light\"><span aria-hidden=\"true\" class=\"wp-block-cover__background has-white-background-color has-background-dim-100 has-background-dim\"><\/span><div class=\"wp-block-cover__inner-container is-layout-flow wp-block-cover-is-layout-flow\">\n<figure class=\"wp-block-table\"><table><tbody><tr><td>\u26a1\ufe0f <strong>Fornecedor<\/strong><\/td><td>Jogo pragm\u00e1tico<\/td><\/tr><tr><td>\u26a1\ufe0f <strong>Data de lan\u00e7amento:<\/strong><\/td><td>2018<\/td><\/tr><tr><td>\u26a1\ufe0f <strong><strong>Tem\u00e1tico<\/strong><\/strong><\/td><td>Cl\u00e1ssico \/ Circo \/ Coringa<\/td><\/tr><tr><td>\u26a1\ufe0f <strong>Volatilidade<\/strong><\/td><td>M\u00e9dio-Alto<\/td><\/tr><tr><td>\u26a1\ufe0f <strong><strong>RTP<\/strong><\/strong><\/td><td>96.5%<\/td><\/tr><tr><td>\u26a1\ufe0f <strong><strong>Participa\u00e7\u00e3o m\u00ednima\/m\u00e1xima<\/strong><\/strong><\/td><td>0,05 \/ 25 USD (varia de acordo com o cassino)<\/td><\/tr><tr><td>\u26a1\ufe0f <strong><strong>Multiplicador m\u00e1ximo<\/strong><\/strong><\/td><td>x1040<\/td><\/tr><tr><td>\u26a1\ufe0f <strong><strong>Disponibilidade m\u00f3vel<\/strong><\/strong><\/td><td>Sim, compat\u00edvel com todos os dispositivos<\/td><\/tr><\/tbody><\/table><\/figure>\n\n\n\n<h2 class=\"wp-block-heading has-text-align-center has-accent-color has-text-color has-link-color wp-elements-06f0883abc1bb67944f3298d3eca72b5\" id=\"como-se-juega-Joker\" style=\"text-transform:uppercase\">Como voc\u00ea pode jogar Joker Jewels passo a passo?<\/h2>\n\n\n\n<ol class=\"wp-block-list\">\n<li>Fa\u00e7a login no cassino on-line que voc\u00ea escolher.<\/li>\n\n\n\n<li>Procure o jogo <strong>Jokers Jewels<\/strong> na se\u00e7\u00e3o de ca\u00e7a-n\u00edqueis.<\/li>\n\n\n\n<li>Ajuste sua aposta entre o m\u00ednimo e o m\u00e1ximo dispon\u00edveis.<\/li>\n\n\n\n<li>Pressione o bot\u00e3o de giro ou ative o modo autom\u00e1tico.<\/li>\n\n\n\n<li>Voc\u00ea pode esperar combina\u00e7\u00f5es vencedoras nas <strong>5 linhas de pagamento fixas<\/strong>.<\/li>\n<\/ol>\n\n\n\n<p>Esse jogo n\u00e3o tem wilds, rodadas gr\u00e1tis nem recursos complicados. Tudo depende do alinhamento dos s\u00edmbolos cl\u00e1ssicos. <\/p>\n\n\n\n<h3 class=\"wp-block-heading has-medium-font-size\"><strong>B\u00f4nus e fun\u00e7\u00f5es especiais<\/strong><\/h3>\n\n\n\n<p>Ao contr\u00e1rio de muitos ca\u00e7a-n\u00edqueis modernos, <strong>o Joker&#8217;s Jewels n\u00e3o oferece recursos avan\u00e7ados<\/strong>, como rodadas gr\u00e1tis, multiplicadores aleat\u00f3rios ou jogos de b\u00f4nus. No entanto: <\/p>\n\n\n\n<ul class=\"wp-block-list\">\n<li>O s\u00edmbolo <strong>de B\u00d4NUS<\/strong> (a estrela) paga em qualquer posi\u00e7\u00e3o se aparecer 3 ou mais vezes.<\/li>\n\n\n\n<li>O s\u00edmbolo <strong>do Coringa<\/strong> oferece o maior pagamento: 5 s\u00edmbolos = <strong>x1000 sua aposta<\/strong>.<\/li>\n<\/ul>\n\n\n\n<p>Essa abordagem o torna um jogo perfeito para aqueles que preferem <strong>simplicidade e velocidade<\/strong>.<\/p>\n\n\n\n<h3 class=\"wp-block-heading\" style=\"font-size:20px\"><strong>Design e som<\/strong><\/h3>\n\n\n\n<p>O Joker&#8217;s Jewels se destaca por seu design visual <strong>brilhante e colorido<\/strong>, com um estilo que lembra as m\u00e1quinas de cassino f\u00edsicas. O fundo simula um palco de circo, com luzes piscantes e brilhos. <\/p>\n\n\n\n<p>Os efeitos sonoros s\u00e3o simples, mas envolventes, proporcionando uma sensa\u00e7\u00e3o aut\u00eantica e nost\u00e1lgica.<\/p>\n\n\n<div class=\"wp-block-image is-style-rounded\">\n<figure class=\"aligncenter size-full is-resized\"><a href=\"https:\/\/mostbetoficial.com\/go\/most\/\"><img loading=\"lazy\" decoding=\"async\" width=\"750\" height=\"423\" src=\"https:\/\/mostbetoficial.com\/wp-content\/uploads\/2025\/07\/ivuQZwd0.png\" alt=\"Jokers Jewels slot\" class=\"wp-image-1564\" style=\"object-fit:cover;width:675px;height:379px\" srcset=\"https:\/\/mostbetoficial.com\/wp-content\/uploads\/2025\/07\/ivuQZwd0.png 750w, https:\/\/mostbetoficial.com\/wp-content\/uploads\/2025\/07\/ivuQZwd0-300x169.png 300w\" sizes=\"auto, (max-width: 750px) 100vw, 750px\" \/><\/a><\/figure>\n<\/div>\n\n\n<p class=\"has-medium-font-size\"><\/p>\n\n\n\n<hr class=\"wp-block-separator has-text-color has-css-opacity has-background\" style=\"background-color:#ff4c00;color:#ff4c00\"\/>\n\n\n\n<h2 class=\"wp-block-heading has-text-align-center has-accent-color has-text-color\" id=\"Como-empezar-a-jugar\" style=\"text-transform:uppercase\">Como voc\u00ea pode come\u00e7ar a jogar Joker&#8217;s Jewels por dinheiro real?<\/h2>\n\n\n<div id=\"rank-math-howto\" class=\"rank-math-block\">\n<div class=\"rank-math-howto-description\">\n\n<p>Siga este guia passo a passo para se registrar na Mostbet, encontrar o ca\u00e7a-n\u00edquel <strong>Joker&#8217;s Jewels<\/strong> e come\u00e7ar a jogar com dinheiro real ou na vers\u00e3o de demonstra\u00e7\u00e3o. Perfeito para iniciantes que desejam conhecer todo o processo. <\/p>\n\n<\/div>\n\n<div class=\"rank-math-steps \">\n<div id=\"howto-step-1651653197364\" class=\"rank-math-step\">\n<h3 class=\"rank-math-step-title \"><strong><strong><strong>Acesse o site oficial da <a href=\"https:\/\/mostbetoficial.com\/pt-br\/casino\/\">Mostbet<\/a> em seu navegador favorito<\/strong><\/strong><\/strong><\/h3>\n<div class=\"rank-math-step-content \"><p><font style=\"vertical-align: inherit\"><font style=\"vertical-align: inherit\">O registro \u00e9 r\u00e1pido e f\u00e1cil. Voc\u00ea pode usar a m\u00eddia social, o e-mail ou o n\u00famero de telefone. Se voc\u00ea j\u00e1 tiver uma conta, fa\u00e7a login diretamente.  <\/font><\/font><\/p>\n<\/div>\n<\/div>\n<div id=\"howto-step-1651653279969\" class=\"rank-math-step\">\n<h3 class=\"rank-math-step-title \"><strong><strong>Verificar sua conta<\/strong><\/strong><\/h3>\n<div class=\"rank-math-step-content \"><p>Confirme seus dados pessoais (nome, e-mail, telefone e m\u00e9todo de pagamento) para desbloquear todos os recursos do cassino.<\/p>\n<\/div>\n<\/div>\n<div id=\"howto-step-1651653282895\" class=\"rank-math-step\">\n<h3 class=\"rank-math-step-title \"><strong><strong>Fa\u00e7a seu primeiro dep\u00f3sito<\/strong><\/strong><\/h3>\n<div class=\"rank-math-step-content \"><p>Para jogar com dinheiro real, voc\u00ea precisa fazer um dep\u00f3sito m\u00ednimo. A Mostbet oferece at\u00e9 <strong>125% de b\u00f4nus<\/strong> para novos usu\u00e1rios. <\/p>\n<\/div>\n<\/div>\n<div id=\"howto-step-1652194535069\" class=\"rank-math-step\">\n<h3 class=\"rank-math-step-title \"><strong><strong>Jogue a vers\u00e3o de demonstra\u00e7\u00e3o (opcional)<\/strong><\/strong><\/h3>\n<div class=\"rank-math-step-content \"><p>Antes de apostar dinheiro real, voc\u00ea pode experimentar o jogo gratuito para se familiarizar com os s\u00edmbolos, pagamentos e din\u00e2mica geral.<\/p>\n<\/div>\n<\/div>\n<div id=\"howto-step-1652194554029\" class=\"rank-math-step\">\n<h3 class=\"rank-math-step-title \"><strong><strong>Procure por &#8220;Joker&#8217;s Jewels&#8221; no mecanismo de busca<\/strong><\/strong><\/h3>\n<div class=\"rank-math-step-content \"><p>V\u00e1 para a se\u00e7\u00e3o de ca\u00e7a-n\u00edqueis e digite o nome na barra de pesquisa. Voc\u00ea encontrar\u00e1 esse jogo da Pragmatic Play facilmente. <\/p>\n<\/div>\n<\/div>\n<div id=\"howto-step-1652704908362\" class=\"rank-math-step\">\n<h3 class=\"rank-math-step-title \"><strong>Apostas com dinheiro real<\/strong><\/h3>\n<div class=\"rank-math-step-content \"><p>Escolha o valor por rodada. Voc\u00ea pode come\u00e7ar com apostas pequenas e aument\u00e1-las gradualmente. Use o modo autom\u00e1tico ou manual, o que voc\u00ea preferir.  <\/p>\n<\/div>\n<\/div>\n<div id=\"howto-step-1750662336625\" class=\"rank-math-step\">\n<h3 class=\"rank-math-step-title \"><strong>Usa la funci\u00f3n Bonus Buy (opcional)<\/strong><\/h3>\n<div class=\"rank-math-step-content \"><p>Voc\u00ea pode desfrutar do Joker&#8217;s Jewels em qualquer lugar. O jogo \u00e9 totalmente otimizado para Android e iOS. <\/p>\n<\/div>\n<\/div>\n<div id=\"howto-step-1750662354217\" class=\"rank-math-step\">\n<h3 class=\"rank-math-step-title \"><strong>Retira tus ganancias<\/strong><\/h3>\n<div class=\"rank-math-step-content \"><p>Quando voc\u00ea obtiver lucro, fa\u00e7a login em seu perfil e escolha um m\u00e9todo de saque seguro. A Mostbet permite saques r\u00e1pidos e confi\u00e1veis. <\/p>\n<\/div>\n<\/div>\n<\/div>\n<\/div>\n\n\n<div class=\"wp-block-group has-base-2-background-color has-background\"><div class=\"wp-block-group__inner-container is-layout-flow wp-block-group-is-layout-flow\">\n<h2 class=\"wp-block-heading has-text-align-center has-accent-color has-text-color\" id=\"Estrategias-Jokers-Jewels\" style=\"font-size:42px;text-transform:uppercase\">ESTRAT\u00c9GIAS E T\u00c1TICAS PARA O JOKER&#8217;S JEWELS<\/h2>\n\n\n\n<p>Embora <strong>o Joker&#8217;s Jewels<\/strong> seja um slot simples em sua mec\u00e2nica, ter uma estrat\u00e9gia pode ajudar voc\u00ea a tirar o m\u00e1ximo proveito dele. Esse jogo \u00e9 ideal para sess\u00f5es r\u00e1pidas, mas se voc\u00ea jogar com cuidado, ele pode oferecer boas oportunidades de ganho gra\u00e7as ao seu alto multiplicador. <\/p>\n\n\n\n<h3 class=\"wp-block-heading\">Comece com apostas baixas<\/h3>\n\n\n\n<p>Se voc\u00ea estiver apenas come\u00e7ando, \u00e9 aconselh\u00e1vel usar apostas m\u00ednimas para ter uma ideia do ritmo do jogo sem colocar sua banca em risco desde o in\u00edcio.<\/p>\n\n\n\n<h3 class=\"wp-block-heading\">Estudar a tabela de pagamentos<\/h3>\n\n\n\n<p>Antes de voc\u00ea girar, verifique quais s\u00edmbolos pagam mais e como as melhores combina\u00e7\u00f5es s\u00e3o acionadas. Isso o ajudar\u00e1 a identificar quando voc\u00ea est\u00e1 pr\u00f3ximo de uma grande vit\u00f3ria. <\/p>\n\n\n\n<h3 class=\"wp-block-heading\">Jogue com sess\u00f5es curtas, mas frequentes<\/h3>\n\n\n\n<p>Devido \u00e0 sua simplicidade, o Joker&#8217;s Jewels \u00e9 melhor aproveitado em sess\u00f5es curtas. Defina um or\u00e7amento claro por sess\u00e3o e evite estender o jogo sem um objetivo. <\/p>\n\n\n\n<h3 class=\"wp-block-heading\">Mantenha o controle de suas transfer\u00eancias de dinheiro<\/h3>\n\n\n\n<p>Embora o jogo seja 100% aleat\u00f3rio, manter o controle de quantas rodadas voc\u00ea faz entre os pr\u00eamios pode ajud\u00e1-lo a gerenciar seu bankroll de forma mais eficiente.<\/p>\n\n\n\n<h3 class=\"wp-block-heading\">Mantenha a calma e jogue por divers\u00e3o<\/h3>\n\n\n\n<p>N\u00e3o fique frustrado se voc\u00ea n\u00e3o conseguir combina\u00e7\u00f5es vencedoras rapidamente. Esse jogo foi projetado para ser divertido e simples. A paci\u00eancia \u00e9 a chave para voc\u00ea se divertir.  <\/p>\n\n\n\n<h3 class=\"wp-block-heading\">Ative ou desative o som de acordo com seu estilo<\/h3>\n\n\n\n<p>Alguns jogadores preferem jogar com som para se concentrar no ritmo do jogo, enquanto outros o desligam para se concentrar em sua pr\u00f3pria estrat\u00e9gia. Experimente o que funciona melhor para voc\u00ea. <\/p>\n\n\n\n<h3 class=\"wp-block-heading\">Experimente a vers\u00e3o de demonstra\u00e7\u00e3o antes de voc\u00ea apostar<\/h3>\n\n\n\n<p>A vers\u00e3o de demonstra\u00e7\u00e3o \u00e9 perfeita para voc\u00ea entender a din\u00e2mica, os pagamentos e o ritmo do ca\u00e7a-n\u00edqueis sem arriscar dinheiro real. Use-a para criar sua pr\u00f3pria estrat\u00e9gia. <\/p>\n\n\n<div class=\"wp-block-image is-style-rounded\">\n<figure class=\"aligncenter size-full is-resized\"><a href=\"https:\/\/mostbetoficial.com\/go\/most\/\"><img loading=\"lazy\" decoding=\"async\" width=\"1308\" height=\"771\" src=\"https:\/\/mostbetoficial.com\/wp-content\/uploads\/2025\/07\/Q2hnVaUl.png\" alt=\"Joker Jewels\" class=\"wp-image-1567\" style=\"object-fit:cover;width:675px;height:379px\" srcset=\"https:\/\/mostbetoficial.com\/wp-content\/uploads\/2025\/07\/Q2hnVaUl.png 1308w, https:\/\/mostbetoficial.com\/wp-content\/uploads\/2025\/07\/Q2hnVaUl-300x177.png 300w, https:\/\/mostbetoficial.com\/wp-content\/uploads\/2025\/07\/Q2hnVaUl-1024x604.png 1024w, https:\/\/mostbetoficial.com\/wp-content\/uploads\/2025\/07\/Q2hnVaUl-768x453.png 768w\" sizes=\"auto, (max-width: 1308px) 100vw, 1308px\" \/><\/a><\/figure>\n<\/div><\/div><\/div>\n\n\n\n<h2 class=\"wp-block-heading has-text-align-center has-accent-color has-text-color has-link-color has-large-font-size wp-elements-eda5148faec5db4ed001dab15cc69fc5\" id=\"disponible-en-movil\" style=\"text-transform:uppercase\">DISPON\u00cdVEL NO CELULAR<\/h2>\n\n\n\n<p><strong>O Joker&#8217;s Jewels<\/strong> \u00e9 totalmente otimizado para jogar em <strong>dispositivos m\u00f3veis<\/strong>, seja no <strong>Android<\/strong>, <strong>iPhone<\/strong> ou tablet.<br>Gra\u00e7as \u00e0 tecnologia responsiva, o jogo se adapta a qualquer tamanho de tela sem perder a fluidez, a qualidade gr\u00e1fica ou as fun\u00e7\u00f5es essenciais.<br>Voc\u00ea pode acessar o ca\u00e7a-n\u00edqueis pelo navegador do seu celular ou pelo <strong>aplicativo oficial da Mostbet<\/strong>, dispon\u00edvel para download gratuito. Jogue onde quiser, quando quiser! <\/p>\n\n\n\n<hr class=\"wp-block-separator has-alpha-channel-opacity\"\/>\n\n\n\n<h2 class=\"wp-block-heading has-text-align-center has-accent-color has-text-color has-link-color wp-elements-32a7f1eaabc63905c5dfb0818d583979\" id=\"jokers-jewels-opinion-del-editor\" style=\"text-transform:uppercase\">OPINI\u00c3O DO EDITOR<\/h2>\n\n\n\n<p>De acordo com nossa experi\u00eancia, <strong>o Joker&#8217;s Jewels<\/strong> \u00e9 um ca\u00e7a-n\u00edqueis ideal para jogadores que gostam de <strong>simplicidade, velocidade e estilo retr\u00f4<\/strong>.<br>Apesar de n\u00e3o ter recursos modernos, como rodadas gr\u00e1tis e multiplicadores, seu dinamismo e design limpo fazem dele uma escolha popular.<br>\u00c9 especialmente popular na <strong>Am\u00e9rica Latina<\/strong>, onde muitos usu\u00e1rios valorizam uma jogabilidade simples e pagamentos claros.<\/p>\n\n\n\n<p>Recomendado tanto para iniciantes quanto para veteranos que desejam uma pausa nos jogos complexos.<\/p>\n\n\n\n<hr class=\"wp-block-separator has-alpha-channel-opacity\"\/>\n\n\n\n<h2 class=\"wp-block-heading has-text-align-center has-accent-color has-text-color\" id=\"bonos-para-la-tragaperras\" style=\"text-transform:uppercase\">B\u00d4NUS DE SLOT<\/h2>\n\n\n\n<p>A slot <strong>Joker&#8217;s Jewels<\/strong> tamb\u00e9m permite que voc\u00ea aproveite uma variedade de <strong>b\u00f4nus exclusivos<\/strong> na MostBet. Ao se registrar e jogar, voc\u00ea pode acessar promo\u00e7\u00f5es como o <strong>b\u00f4nus de boas-vindas<\/strong>, <strong>recargas<\/strong> e <strong>rodadas gr\u00e1tis<\/strong>. <\/p>\n\n\n\n<p>Entre os vouchers dispon\u00edveis atualmente est\u00e3o:<\/p>\n\n\n\n<figure class=\"wp-block-table\"><table><tbody><tr><td>\u26a1\ufe0f <strong>B\u00f4nus de boas-vindas<\/strong><\/td><td>Ganhe at\u00e9 <strong>125% em seu primeiro dep\u00f3sito<\/strong> e <strong>250 rodadas gr\u00e1tis<\/strong><\/td><\/tr><tr><td>\u26a1\ufe0f <strong>Cassino Cashback<\/strong><\/td><td>Recupere at\u00e9 <strong>10% de suas perdas<\/strong> semanais jogando ca\u00e7a-n\u00edqueis.<\/td><\/tr><tr><td>\u26a1\ufe0f <strong>B\u00f4nus de segundo dep\u00f3sito<\/strong><\/td><td><strong>75% extra<\/strong> + rodadas gr\u00e1tis em jogos do mesmo provedor (Pragmatic).<\/td><\/tr><tr><td>\u26a1\ufe0f <strong>Promo\u00e7\u00f5es especiais do Oeste<\/strong><\/td><td>Participe de torneios com <strong>pr\u00eamios tem\u00e1ticos<\/strong> relacionados a ca\u00e7a-n\u00edqueis cl\u00e1ssicos.<\/td><\/tr><\/tbody><\/table><\/figure>\n\n\n\n<p>Al\u00e9m disso, voc\u00ea pode jogar no <strong>modo de demonstra\u00e7\u00e3o<\/strong> ou apostar com dinheiro real na <strong>vers\u00e3o m\u00f3vel ou no aplicativo oficial da Mostbet<\/strong>, desfrutando de todos esses benef\u00edcios sempre que quiser.<\/p>\n\n\n\n<hr class=\"wp-block-separator has-alpha-channel-opacity\"\/>\n\n\n\n<h2 class=\"wp-block-heading has-text-align-center has-accent-color has-text-color\" id=\"Joker-jewels-faq\" style=\"text-transform:uppercase\">Perguntas frequentes<\/h2>\n<\/div><\/div>\n\n\n<div id=\"rank-math-faq\" class=\"rank-math-block\">\n<div class=\"rank-math-list \">\n<div id=\"faq-question-1653388484245\" class=\"rank-math-list-item\">\n<h3 class=\"rank-math-question \"><strong><strong>O que s\u00e3o as Joias do Coringa?<\/strong><\/strong><\/h3>\n<div class=\"rank-math-answer \">\n\n<p>Este \u00e9 um ca\u00e7a-n\u00edqueis cl\u00e1ssico desenvolvido pela Pragmatic Play. Ele combina um design retr\u00f4 com uma mec\u00e2nica simples e pagamentos diretos. Mais informa\u00e7\u00f5es na <a href=\"https:\/\/mostbetoficial.com\/pt-br\/?page_id=1542#Jokers-Jewels\">introdu\u00e7\u00e3o do jogo<\/a>.  <\/p>\n\n<\/div>\n<\/div>\n<div id=\"faq-question-1653388497872\" class=\"rank-math-list-item\">\n<h3 class=\"rank-math-question \"><strong><strong>Como voc\u00ea pode jogar com dinheiro real na Mostbet?<\/strong><\/strong><\/h3>\n<div class=\"rank-math-answer \">\n\n<p>Primeiro, voc\u00ea deve acessar o site oficial da Mostbet, criar uma conta e verificar seus dados. Em seguida, procure por &#8220;Joker&#8217;s Jewels&#8221;, selecione sua aposta e comece a jogar. Veja os passos completos sobre <a href=\"https:\/\/mostbetoficial.com\/pt-br\/?page_id=1542#Como-empezar-a-jugar\">como voc\u00ea pode jogar<\/a>.  <\/p>\n\n<\/div>\n<\/div>\n<div id=\"faq-question-1653388510942\" class=\"rank-math-list-item\">\n<h3 class=\"rank-math-question \"><strong><strong>Quais s\u00e3o os recursos especiais do Joker&#8217;s Jewels?<\/strong><\/strong><\/h3>\n<div class=\"rank-math-answer \">\n\n<p>O jogo n\u00e3o tem rodadas gr\u00e1tis ou wilds, mas inclui um s\u00edmbolo de B\u00d4NUS que paga em qualquer posi\u00e7\u00e3o e um s\u00edmbolo de Coringa que multiplica a aposta at\u00e9 x1000. Mais detalhes em <a href=\"https:\/\/mostbetoficial.com\/pt-br\/?page_id=1542#bonos-para-la-tragaperras\">b\u00f4nus e recursos<\/a>. <\/p>\n\n<\/div>\n<\/div>\n<div id=\"faq-question-1653388532178\" class=\"rank-math-list-item\">\n<h3 class=\"rank-math-question \"><strong>Posso jogar com meu celular?<\/strong><\/h3>\n<div class=\"rank-math-answer \">\n\n<p>Sim, o Joker&#8217;s Jewels \u00e9 100% otimizado para dispositivos m\u00f3veis e funciona perfeitamente no Android e no iOS. Mais detalhes est\u00e3o <a href=\"https:\/\/mostbetoficial.com\/pt-br\/?page_id=1542#disponible-en-movil\">dispon\u00edveis no celular<\/a>. <\/p>\n\n<\/div>\n<\/div>\n<div id=\"faq-question-1653388551306\" class=\"rank-math-list-item\">\n<h3 class=\"rank-math-question \"><strong>Quais s\u00e3o as melhores estrat\u00e9gias para voc\u00ea jogar Joker&#8217;s Jewels?<\/strong><\/h3>\n<div class=\"rank-math-answer \">\n\n<p>Comece com apostas pequenas, estude a tabela de pagamentos e jogue em sess\u00f5es curtas. Use a vers\u00e3o de demonstra\u00e7\u00e3o para testar as t\u00e1ticas. Encontre mais dicas na <a href=\"https:\/\/mostbetoficial.com\/pt-br\/?page_id=1542#disponible-en-movil\">se\u00e7\u00e3o de estrat\u00e9gia<\/a>.  <\/p>\n\n<\/div>\n<\/div>\n<\/div>\n<\/div>\n\n\n<p><\/p>\n","protected":false},"excerpt":{"rendered":"<p>Joker&#8217;s Jewels &#8211; ca\u00e7a-n\u00edqueis cl\u00e1ssico com um toque moderno O Joker&#8217;s Jewels \u00e9 um ca\u00e7a-n\u00edqueis popular da Pragmatic Play que combina o charme dos jogos cl\u00e1ssicos com um design colorido e recursos simples. Ideal para jogadores que procuram uma experi\u00eancia de jogo r\u00e1pida e direta com um toque retr\u00f4, esse t\u00edtulo conquistou o cora\u00e7\u00e3o de &#8230; <a title=\"Jokers Jewels\" class=\"read-more\" href=\"https:\/\/mostbetoficial.com\/pt-br\/casino\/jokers-jewels\/\" aria-label=\"Read more about Jokers Jewels\">\u0427\u0438\u0442\u0430\u0442\u044c \u0434\u0430\u043b\u0435\u0435<\/a><\/p>\n","protected":false},"author":1,"featured_media":0,"parent":1367,"menu_order":0,"comment_status":"closed","ping_status":"closed","template":"","meta":{"inline_featured_image":false,"_uag_custom_page_level_css":"","footnotes":""},"class_list":["post-1542","page","type-page","status-publish"],"uagb_featured_image_src":{"full":false,"thumbnail":false,"medium":false,"medium_large":false,"large":false,"1536x1536":false,"2048x2048":false},"uagb_author_info":{"display_name":"developer","author_link":"https:\/\/mostbetoficial.com\/pt-br\/author\/developer\/"},"uagb_comment_info":0,"uagb_excerpt":"Joker&#8217;s Jewels &#8211; ca\u00e7a-n\u00edqueis cl\u00e1ssico com um toque moderno O Joker&#8217;s Jewels \u00e9 um ca\u00e7a-n\u00edqueis popular da Pragmatic Play que combina o charme dos jogos cl\u00e1ssicos com um design colorido e recursos simples. Ideal para jogadores que procuram uma experi\u00eancia de jogo r\u00e1pida e direta com um toque retr\u00f4, esse t\u00edtulo conquistou o cora\u00e7\u00e3o de&hellip;","_links":{"self":[{"href":"https:\/\/mostbetoficial.com\/pt-br\/wp-json\/wp\/v2\/pages\/1542","targetHints":{"allow":["GET"]}}],"collection":[{"href":"https:\/\/mostbetoficial.com\/pt-br\/wp-json\/wp\/v2\/pages"}],"about":[{"href":"https:\/\/mostbetoficial.com\/pt-br\/wp-json\/wp\/v2\/types\/page"}],"author":[{"embeddable":true,"href":"https:\/\/mostbetoficial.com\/pt-br\/wp-json\/wp\/v2\/users\/1"}],"replies":[{"embeddable":true,"href":"https:\/\/mostbetoficial.com\/pt-br\/wp-json\/wp\/v2\/comments?post=1542"}],"version-history":[{"count":23,"href":"https:\/\/mostbetoficial.com\/pt-br\/wp-json\/wp\/v2\/pages\/1542\/revisions"}],"predecessor-version":[{"id":1983,"href":"https:\/\/mostbetoficial.com\/pt-br\/wp-json\/wp\/v2\/pages\/1542\/revisions\/1983"}],"up":[{"embeddable":true,"href":"https:\/\/mostbetoficial.com\/pt-br\/wp-json\/wp\/v2\/pages\/1367"}],"wp:attachment":[{"href":"https:\/\/mostbetoficial.com\/pt-br\/wp-json\/wp\/v2\/media?parent=1542"}],"curies":[{"name":"wp","href":"https:\/\/api.w.org\/{rel}","templated":true}]}}