{"id":1491,"date":"2025-07-08T02:17:33","date_gmt":"2025-07-07T23:17:33","guid":{"rendered":"https:\/\/mostbetoficial.com\/blog\/slots-rtp\/"},"modified":"2025-07-23T01:08:22","modified_gmt":"2025-07-22T22:08:22","slug":"rtp-slots","status":"publish","type":"page","link":"https:\/\/mostbetoficial.com\/pt-br\/blog\/rtp-slots\/","title":{"rendered":"Rtp slots"},"content":{"rendered":"\n<div class=\"wp-block-group after-head\"><div class=\"wp-block-group__inner-container is-layout-flow wp-block-group-is-layout-flow\">\n<h1 class=\"wp-block-heading div has-accent-color has-text-color\" id=\"Rtp-tragamonedas\" style=\"font-size:39px\">O que \u00e9 o RTP nos ca\u00e7a-n\u00edqueis? | O que s\u00e3o slots de alto RTP na Mostbet? <\/h1>\n\n\n\n<p class=\"has-base-3-color has-text-color\">Voc\u00ea j\u00e1 se perguntou por que alguns ca\u00e7a-n\u00edqueis parecem pagar mais do que outros? A resposta pode estar no RTP, um dos fatores mais importantes na escolha de um ca\u00e7a-n\u00edqueis. Neste guia, explicamos o que \u00e9 o RTP, como ele funciona e por que ele pode fazer uma grande diferen\u00e7a para voc\u00ea.  <\/p>\n<\/div><\/div>\n\n\n\n<div class=\"wp-block-cover is-light\"><span aria-hidden=\"true\" class=\"wp-block-cover__background has-background-dim-70 has-background-dim\" style=\"background-color:#FFF\"><\/span><div class=\"wp-block-cover__inner-container is-layout-constrained wp-block-cover-is-layout-constrained\">\n<h2 class=\"wp-block-heading has-text-align-center has-accent-color has-text-color has-link-color has-large-font-size wp-elements-18a78df2aa405529c109f735448c3346\" id=\"media-y-baja\" style=\"text-transform:uppercase\">O que \u00e9 RTP em ca\u00e7a-n\u00edqueis e como ele influencia seus resultados?<\/h2>\n\n\n\n<p>Ao jogar ca\u00e7a-n\u00edqueis on-line, voc\u00ea provavelmente j\u00e1 se deparou com o termo &#8220;RTP&#8221;. Esse acr\u00f4nimo \u00e9 fundamental para que voc\u00ea entenda o desempenho de um ca\u00e7a-n\u00edqueis e o quanto ele pode ser lucrativo a longo prazo. Mas o que significa exatamente o RTP e como ele pode ajudar voc\u00ea a tomar melhores decis\u00f5es de jogo?  <\/p>\n\n\n\n<div class=\"wp-block-uagb-image aligncenter uagb-block-eb82fe38 wp-block-uagb-image--layout-default wp-block-uagb-image--effect-static wp-block-uagb-image--align-center\"><figure class=\"wp-block-uagb-image__figure\"><img decoding=\"async\" srcset=\"https:\/\/mostbetoficial.com\/wp-content\/uploads\/2025\/07\/Rtp-tragamonedas-1024x683.png ,https:\/\/mostbetoficial.com\/wp-content\/uploads\/2025\/07\/Rtp-tragamonedas.png 780w, https:\/\/mostbetoficial.com\/wp-content\/uploads\/2025\/07\/Rtp-tragamonedas.png 360w\" sizes=\"auto, (max-width: 480px) 150px\" src=\"https:\/\/mostbetoficial.com\/wp-content\/uploads\/2025\/07\/Rtp-tragamonedas-1024x683.png\" alt=\"Rtp tragamonedas\" class=\"uag-image-1469\" width=\"675\" height=\"379\" title=\"Rtp-tragamonedas\" loading=\"lazy\" role=\"img\"\/><\/figure><\/div>\n<\/div><\/div>\n\n\n\n<div class=\"wp-block-cover\"><span aria-hidden=\"true\" class=\"wp-block-cover__background has-base-background-color has-background-dim-100 has-background-dim\"><\/span><div class=\"wp-block-cover__inner-container is-layout-constrained wp-block-cover-is-layout-constrained\">\n<h2 class=\"wp-block-heading has-text-align-center has-accent-color has-text-color has-link-color wp-elements-02911b5e17c43db66eba53030ba94545\" id=\"que-significa-RTP\" style=\"text-transform:uppercase\">O que significa RTP?<\/h2>\n\n\n\n<p class=\"has-contrast-color has-text-color has-link-color wp-elements-76c6cde53709c5cad5bc4deb4576ad22\">RTP significa<strong>Return to Player (Retorno ao Jogador<\/strong>). \u00c9 uma porcentagem que indica quanto dinheiro, em m\u00e9dia, um ca\u00e7a-n\u00edquel retorna aos jogadores ap\u00f3s um grande n\u00famero de jogos. Por exemplo, um slot com um RTP de 96% teoricamente retornar\u00e1 US$ 96 para cada US$ 100 apostados.  <\/p>\n\n\n\n<p class=\"has-contrast-color has-text-color has-link-color wp-elements-e64e1f6381c3f6e725ce8ba412cac72b\">\u00c9 importante entender que o RTP \u00e9 uma medida estat\u00edstica de longo prazo. Em sess\u00f5es curtas, os resultados podem variar muito devido ao acaso. <\/p>\n\n\n\n<h2 class=\"wp-block-heading has-text-align-center has-accent-color has-text-color has-link-color wp-elements-fa430421fd1a476fe1b68840f0996c01\" id=\"rtp-bueno\" style=\"text-transform:uppercase\">Qual porcentagem do RTP \u00e9 considerada boa?<\/h2>\n\n\n\n<p class=\"has-contrast-color has-text-color has-link-color wp-elements-d27db8b2e24ffe628e8b6a27ec46fe42\">Em geral, um RTP <strong>acima de 95%<\/strong> \u00e9 considerado aceit\u00e1vel, enquanto valores <strong>de 96% ou mais<\/strong> s\u00e3o considerados altos. Alguns ca\u00e7a-n\u00edqueis cl\u00e1ssicos chegam a ultrapassar 98%, mas s\u00e3o menos comuns. <\/p>\n\n\n\n<figure class=\"wp-block-table\"><table class=\"has-contrast-color has-text-color has-link-color has-fixed-layout\"><tbody><tr><td><strong>RTP<\/strong><\/td><td><strong>N\u00edvel<\/strong><\/td><\/tr><tr><td>Menos de 94<\/td><td>Abaixo de<\/td><\/tr><tr><td>94 % &#8211; 96 %<\/td><td>M\u00e9dia<\/td><\/tr><tr><td>Mais de 96<\/td><td>Alta<\/td><\/tr><\/tbody><\/table><\/figure>\n\n\n\n<div class=\"wp-block-uagb-image aligncenter uagb-block-b65cd8b7 wp-block-uagb-image--layout-default wp-block-uagb-image--effect-static wp-block-uagb-image--align-center\"><figure class=\"wp-block-uagb-image__figure\"><img decoding=\"async\" srcset=\"https:\/\/mostbetoficial.com\/wp-content\/uploads\/2025\/07\/rtp-1024x561.png ,https:\/\/mostbetoficial.com\/wp-content\/uploads\/2025\/07\/rtp.png 780w, https:\/\/mostbetoficial.com\/wp-content\/uploads\/2025\/07\/rtp.png 360w\" sizes=\"auto, (max-width: 480px) 150px\" src=\"https:\/\/mostbetoficial.com\/wp-content\/uploads\/2025\/07\/rtp-1024x561.png\" alt=\"rtp\" class=\"uag-image-1472\" width=\"675\" height=\"379\" title=\"rtp\" loading=\"lazy\" role=\"img\"\/><\/figure><\/div>\n\n\n\n<p class=\"has-contrast-color has-text-color has-link-color wp-elements-47623a50b40fc5cfecb0ea28ac9d830c\">Quanto maior o RTP, <strong>maior o valor a longo prazo que um ca\u00e7a-n\u00edquel pode oferecer<\/strong>, embora isso n\u00e3o garanta lucros imediatos.<\/p>\n\n\n\n<h2 class=\"wp-block-heading has-text-align-center has-accent-color has-text-color has-link-color wp-elements-c5afb382e9f93d32967231a41d09da56\" id=\"rtp-vs-volatilidad\" style=\"text-transform:uppercase\">RTP vs. Volatilidade: qual \u00e9 a diferen\u00e7a?<\/h2>\n\n\n\n<p class=\"has-contrast-color has-text-color has-link-color wp-elements-a37818e56b09bfa605ffc97346c80b2a\">\u00c9 comum voc\u00ea confundir RTP com <strong>volatilidade<\/strong>, mas s\u00e3o conceitos diferentes:<\/p>\n\n\n\n<ul class=\"wp-block-list has-contrast-color has-text-color has-link-color wp-elements-003eab1ab88e4920637b69989a04d8fb\">\n<li><strong>O RTP<\/strong> indica quanto uma m\u00e1quina ca\u00e7a-n\u00edqueis retorna em m\u00e9dia.<\/li>\n\n\n\n<li><strong>A volatilidade<\/strong> descreve <strong>a frequ\u00eancia e o tamanho dos pr\u00eamios<\/strong>.<\/li>\n<\/ul>\n\n\n\n<p class=\"has-contrast-color has-text-color has-link-color wp-elements-2b7643fef9266c751d12c80710255dad\">Um ca\u00e7a-n\u00edquel pode ter um RTP alto e ser muito vol\u00e1til (poucos pagamentos grandes), ou ter um RTP m\u00e9dio, mas com pagamentos frequentes. O ideal \u00e9 que voc\u00ea <strong>encontre o equil\u00edbrio<\/strong> de acordo com seu estilo de jogo. <\/p>\n\n\n\n<p class=\"has-contrast-color has-text-color has-link-color wp-elements-088ff3c6ef27c7e750f061499edfa832\">\ud83d\udc49 Se voc\u00ea ainda n\u00e3o est\u00e1 familiarizado com a volatilidade, recomendamos que leia nosso guia completo: <a href=\"https:\/\/mostbetoficial.com\/pt-br\/blog\/volatilidade\/\"><mark style=\"background-color:rgba(0, 0, 0, 0)\" class=\"has-inline-color has-accent-color\">Volatilidade em ca\u00e7a-n\u00edqueis<\/mark><\/a>.<\/p>\n\n\n\n<h2 class=\"wp-block-heading has-text-align-center has-accent-color has-text-color has-link-color wp-elements-384713d0dc8699b08e331340b909e6ab\" id=\"tragamonedas-con-RTP-alto\" style=\"text-transform:uppercase\">Exemplos de ca\u00e7a-n\u00edqueis com RTP alto<\/h2>\n\n\n\n<p class=\"has-contrast-color has-text-color has-link-color wp-elements-54a8cbfa032630e0c410a5675d0b8f6a\">Se voc\u00ea estiver procurando ca\u00e7a-n\u00edqueis com bom retorno, aqui est\u00e1 uma lista de ca\u00e7a-n\u00edqueis populares com RTP competitivo, que voc\u00ea pode encontrar na Mostbet:<\/p>\n\n\n\n<ul class=\"wp-block-list has-contrast-color has-text-color has-link-color wp-elements-12626f9c607ff110d901dfb77d4e4c88\">\n<li><strong><a href=\"https:\/\/mostbetoficial.com\/pt-br\/casino\/wanted-dead-or-a-wild\/\"><mark style=\"background-color:rgba(0, 0, 0, 0)\" class=\"has-inline-color has-accent-color\">Wanted Dead or a Wild<\/mark><\/a><\/strong> (Hacksaw Gaming) &#8211;<strong> RTP 96,4%<\/strong>, alta volatilidade<br>Um ca\u00e7a-n\u00edquel intenso popular entre os jogadores que buscam emo\u00e7\u00e3o.<\/li>\n<\/ul>\n\n\n\n<ul class=\"wp-block-list has-contrast-color has-text-color has-link-color wp-elements-5c3c1b6ae9f20e0957ee87cdce459817\">\n<li><strong><a href=\"https:\/\/mostbetoficial.com\/pt-br\/casino\/jokers-jewels\/\"><mark style=\"background-color:rgba(0, 0, 0, 0)\" class=\"has-inline-color has-accent-color\">Joker Jewels<\/mark><\/a><\/strong> (Pragmatic Play) &#8211; <strong>RTP 96,5%<\/strong>, baixa volatilidade<br>Perfeito para iniciantes ou para aqueles que preferem sess\u00f5es mais est\u00e1veis.<\/li>\n<\/ul>\n\n\n\n<ul class=\"wp-block-list has-contrast-color has-text-color has-link-color wp-elements-035c74ac0a390de406f59967cd887740\">\n<li><strong><a href=\"https:\/\/mostbetoficial.com\/pt-br\/casino\/mines\/\"><mark style=\"background-color:rgba(0, 0, 0, 0)\" class=\"has-inline-color has-accent-color\">Mines<\/mark><\/a><\/strong> (Spribe) &#8211; <strong>RTP 97%<\/strong>, crash game<br>Uma alternativa inovadora para voc\u00ea que busca estrat\u00e9gia e simplicidade.<\/li>\n<\/ul>\n\n\n\n<ul class=\"wp-block-list has-contrast-color has-text-color has-link-color wp-elements-a8a59f02abebf5a42ff4d61585862efe\">\n<li><strong>Book of Dead<\/strong> (Play&#8217;n GO) &#8211; <strong>RTP 96,2%<\/strong>, volatilidade m\u00e9dia-alta<br>Um cl\u00e1ssico moderno com um tema eg\u00edpcio e rodadas de giros gr\u00e1tis.<\/li>\n<\/ul>\n\n\n\n<ul class=\"wp-block-list has-contrast-color has-text-color has-link-color wp-elements-d1f22d47ca43f94fd54965bee764be4d\">\n<li><strong>Sweet Bonanza 1000<\/strong> (Pragmatic Play) &#8211; <strong>RTP 96.0%<\/strong><br>Gr\u00e1ficos coloridos e pagamentos explosivos em combina\u00e7\u00f5es m\u00faltiplas.<\/li>\n<\/ul>\n\n\n\n<ul class=\"wp-block-list has-contrast-color has-text-color has-link-color wp-elements-69cf117d49768ab5afe5c7a0fa29f9d9\">\n<li><strong>The Dog House Megaways<\/strong> (Pragmatic Play) &#8211;<strong> RTP 96,55%<\/strong>, muito vol\u00e1til<br>Divertido e din\u00e2mico, ideal para jogadores que buscam grandes multiplicadores.<\/li>\n<\/ul>\n\n\n\n<p class=\"has-contrast-color has-text-color has-link-color wp-elements-b5748fcc0d68dc3df5a8757d8e75905d\">Todos esses ca\u00e7a-n\u00edqueis est\u00e3o dispon\u00edveis na Mostbet, onde voc\u00ea pode explorar seus recursos, experimentar vers\u00f5es de demonstra\u00e7\u00e3o e jogar com dinheiro real com total seguran\u00e7a.<\/p>\n\n\n\n<h2 class=\"wp-block-heading has-text-align-center has-accent-color has-text-color has-link-color wp-elements-dc35c9e98512d6b7137c0c2867a97611\" id=\"Conclusi\u00f3n\" style=\"text-transform:uppercase\">Conclus\u00e3o<\/h2>\n\n\n\n<p class=\"has-contrast-color has-text-color has-link-color wp-elements-5ee4405ddd450efbfc85effd8912ad2e\">O RTP \u00e9 um elemento fundamental para que voc\u00ea entenda o comportamento de uma m\u00e1quina ca\u00e7a-n\u00edqueis. Embora n\u00e3o determine o resultado de cada sess\u00e3o, ele d\u00e1 a voc\u00ea uma ideia clara do potencial do jogo a longo prazo. A combina\u00e7\u00e3o de um bom RTP com uma volatilidade que corresponda ao seu perfil pode fazer a diferen\u00e7a entre uma experi\u00eancia frustrante e uma divertida e estrat\u00e9gica.  <\/p>\n\n\n\n<p class=\"has-contrast-color has-text-color has-link-color wp-elements-640537e57b7798a0f5662a00bd451269\">Voc\u00ea pode jogar informado e tirar o m\u00e1ximo proveito de cada rodada na Mostbet.<\/p>\n\n\n\n<h2 class=\"wp-block-heading has-text-align-center has-accent-color has-text-color has-link-color wp-elements-398279cb292cb8af8aaa4b7c58472f0c\" id=\"tragamonedas-en-Mostbet\" style=\"text-transform:uppercase\">Mais sobre os ca\u00e7a-n\u00edqueis na Mostbet<\/h2>\n\n\n\n<p class=\"has-contrast-color has-text-color has-link-color wp-elements-225e5b397eadfd7512da1008c7185f87\">Adem\u00e1s del RTP, hay muchos factores que pueden ayudarte a elegir la mejor tragamonedas para ti. Si quieres explorar m\u00e1s juegos, descubrir nuevas promociones o simplemente ver qu\u00e9 t\u00edtulos est\u00e1n disponibles, visita nuestra&nbsp;<a class=\"\" href=\"https:\/\/mostbetoficial.com\/pt-br\/\"><mark style=\"background-color:rgba(0, 0, 0, 0)\" class=\"has-inline-color has-accent-color\">p\u00e1gina principal<\/mark><\/a> o dir\u00edgete directamente al&nbsp;<mark style=\"background-color:rgba(0, 0, 0, 0)\" class=\"has-inline-color has-contrast-color\">Mostbet casino<\/mark>, donde te esperan cientos de tragamonedas emocionantes.<\/p>\n\n\n\n<h2 class=\"wp-block-heading has-text-align-center has-accent-color has-text-color has-link-color wp-elements-36e9897b1189537f4233d827a85bb44e\" id=\"Juego-responsable\" style=\"text-transform:uppercase\">Jogo respons\u00e1vel<\/h2>\n\n\n\n<p class=\"has-contrast-color has-text-color has-link-color wp-elements-9a32587cf1248f9eebdb14ad3a4c7204\">Na Mostbet, promovemos <strong>o jogo respons\u00e1vel<\/strong>. Lembre-se de que os ca\u00e7a-n\u00edqueis s\u00e3o projetados para entretenimento e nunca devem ser vistos como uma forma de obter renda. Estabele\u00e7a limites, jogue com modera\u00e7\u00e3o e aproveite cada sess\u00e3o conscientemente.<br>\ud83d\udc49 Saiba mais em nossa <a class=\"\" href=\"https:\/\/mostbetoficial.com\/pt-br\/jogo-responsavel\/\"><mark style=\"background-color:rgba(0, 0, 0, 0)\" class=\"has-inline-color has-accent-color\">p\u00e1gina de jogo respons\u00e1vel<\/mark><\/a>.  <\/p>\n<\/div><\/div>\n\n\n\n<hr class=\"wp-block-separator has-alpha-channel-opacity\"\/>\n\n\n\n<h2 class=\"wp-block-heading has-text-align-center has-accent-color has-text-color has-link-color has-large-font-size wp-elements-538641ff680b9cfa6061ef34158380f9\" id=\"RTP-Preguntas-Frecuentes\" style=\"text-transform:uppercase\">Perguntas frequentes sobre o RTP<\/h2>\n\n\n<div id=\"rank-math-faq\" class=\"rank-math-block\">\n<div class=\"rank-math-list \">\n<div id=\"faq-question-1653387102959\" class=\"rank-math-list-item\">\n<div class=\"rank-math-question \">O que significa RTP em uma m\u00e1quina ca\u00e7a-n\u00edqueis?<\/div>\n<div class=\"rank-math-answer \">\n\n<p>RTP significa \u201cReturn to Player\u201d o \u201cRetorno al Jugador\u201d, y representa el porcentaje te\u00f3rico que una slot devuelve al jugador a largo plazo.<br \/>\ud83d\udc49\u00a0<a href=\"http:\/\/mostbetoficial.com\/blog\/rtp-tragamonedas\/#que-significa-RTP\">Ver explicaci\u00f3n completa<\/a><\/p>\n\n<\/div>\n<\/div>\n<div id=\"faq-question-1653387114039\" class=\"rank-math-list-item\">\n<div class=\"rank-math-question \"><strong><strong>O que \u00e9 uma boa porcentagem de RTP?<\/strong><\/strong><\/div>\n<div class=\"rank-math-answer \">\n\n<p>Um RTP acima de 96% \u00e9 considerado alto. Quanto mais alto ele for, mais favor\u00e1vel ser\u00e1 para o jogador a longo prazo.<br \/>\ud83d\udc49 <a href=\"http:\/\/mostbetoficial.com\/blog\/rtp-tragamonedas\/#rtp-bueno\">Veja a tabela de RTP<\/a> <\/p>\n\n<\/div>\n<\/div>\n<div id=\"faq-question-1653387128127\" class=\"rank-math-list-item\">\n<div class=\"rank-math-question \"><strong><strong>Qual \u00e9 a diferen\u00e7a entre RTP e volatilidade?<\/strong><\/strong><\/div>\n<div class=\"rank-math-answer \">\n\n<p>Embora ambos os conceitos estejam relacionados ao desempenho do jogo, o RTP reflete o retorno esperado, enquanto a volatilidade indica a frequ\u00eancia e a magnitude dos pagamentos.<br \/>\ud83d\udc49 <a href=\"http:\/\/mostbetoficial.com\/blog\/rtp-tragamonedas\/#rtp-vs-volatilidad\">Veja a compara\u00e7\u00e3o entre RTP e volatilidade<\/a><\/p>\n\n<\/div>\n<\/div>\n<div id=\"faq-question-1653387144699\" class=\"rank-math-list-item\">\n<div class=\"rank-math-question \"><strong>Quais s\u00e3o os ca\u00e7a-n\u00edqueis com o RTP mais alto na Mostbet?<\/strong><\/div>\n<div class=\"rank-math-answer \">\n\n<p>Entre os exemplos est\u00e3o Joker Jewels, Mines, Wanted Dead or a Wild, Book of Dead e Sweet Bonanza 1000, todos dispon\u00edveis na Mostbet.<br \/>\ud83d\udc49 <a href=\"http:\/\/mostbetoficial.com\/blog\/rtp-tragamonedas\/#tragamonedas-con-RTP-alto\">Veja a lista de ca\u00e7a-n\u00edqueis com RTP alto.<\/a><\/p>\n\n<\/div>\n<\/div>\n<div id=\"faq-question-1750936088897\" class=\"rank-math-list-item\">\n<div class=\"rank-math-question \">Onde voc\u00ea pode jogar nos ca\u00e7a-n\u00edqueis com RTP alto?<\/div>\n<div class=\"rank-math-answer \">\n\n<p>Puedes encontrar cientos de tragamonedas con buen RTP en la secci\u00f3n de casino online de Mostbet.<br \/>\ud83d\udc49\u00a0<a href=\"https:\/\/mostbetoficial.com\/casino\/\">Explorar tragamonedas en Mostbet<\/a><\/p>\n\n<\/div>\n<\/div>\n<\/div>\n<\/div>\n\n\n<div class=\"wp-block-cover\"><span aria-hidden=\"true\" class=\"wp-block-cover__background has-base-3-background-color has-background-dim-100 has-background-dim\"><\/span><div class=\"wp-block-cover__inner-container is-layout-constrained wp-block-cover-is-layout-constrained\">\n<h2 class=\"wp-block-heading has-text-align-center has-accent-color has-text-color has-link-color wp-elements-9f9ba8ff349b4c8a5b901ba14cfe5b47\" id=\"opinas-sobre-el-RTP\">O que voc\u00ea acha do RTP nos ca\u00e7a-n\u00edqueis?<\/h2>\n\n\n\n<p class=\"has-contrast-color has-text-color has-link-color wp-elements-6f9ab687bb885bbbc08bd109d56cbb2e\">Voc\u00ea prefere jogos com RTP alto ou considera mais outros fatores, como volatilidade ou design? Conte-nos nos coment\u00e1rios e compartilhe seus ca\u00e7a-n\u00edqueis favoritos! <\/p>\n<\/div><\/div>\n\n\n\n<p><\/p>\n","protected":false},"excerpt":{"rendered":"<p>O que \u00e9 o RTP nos ca\u00e7a-n\u00edqueis? | O que s\u00e3o slots de alto RTP na Mostbet? Voc\u00ea j\u00e1 se perguntou por que alguns ca\u00e7a-n\u00edqueis parecem pagar mais do que outros? A resposta pode estar no RTP, um dos fatores mais importantes na escolha de um ca\u00e7a-n\u00edqueis. Neste guia, explicamos o que \u00e9 o RTP, &#8230; <a title=\"Rtp slots\" class=\"read-more\" href=\"https:\/\/mostbetoficial.com\/pt-br\/blog\/rtp-slots\/\" aria-label=\"Read more about Rtp slots\">\u0427\u0438\u0442\u0430\u0442\u044c \u0434\u0430\u043b\u0435\u0435<\/a><\/p>\n","protected":false},"author":1,"featured_media":0,"parent":1349,"menu_order":0,"comment_status":"closed","ping_status":"closed","template":"","meta":{"inline_featured_image":false,"_uag_custom_page_level_css":"","footnotes":""},"class_list":["post-1491","page","type-page","status-publish"],"uagb_featured_image_src":{"full":false,"thumbnail":false,"medium":false,"medium_large":false,"large":false,"1536x1536":false,"2048x2048":false},"uagb_author_info":{"display_name":"developer","author_link":"https:\/\/mostbetoficial.com\/pt-br\/author\/developer\/"},"uagb_comment_info":0,"uagb_excerpt":"O que \u00e9 o RTP nos ca\u00e7a-n\u00edqueis? | O que s\u00e3o slots de alto RTP na Mostbet? Voc\u00ea j\u00e1 se perguntou por que alguns ca\u00e7a-n\u00edqueis parecem pagar mais do que outros? A resposta pode estar no RTP, um dos fatores mais importantes na escolha de um ca\u00e7a-n\u00edqueis. Neste guia, explicamos o que \u00e9 o RTP,&hellip;","_links":{"self":[{"href":"https:\/\/mostbetoficial.com\/pt-br\/wp-json\/wp\/v2\/pages\/1491","targetHints":{"allow":["GET"]}}],"collection":[{"href":"https:\/\/mostbetoficial.com\/pt-br\/wp-json\/wp\/v2\/pages"}],"about":[{"href":"https:\/\/mostbetoficial.com\/pt-br\/wp-json\/wp\/v2\/types\/page"}],"author":[{"embeddable":true,"href":"https:\/\/mostbetoficial.com\/pt-br\/wp-json\/wp\/v2\/users\/1"}],"replies":[{"embeddable":true,"href":"https:\/\/mostbetoficial.com\/pt-br\/wp-json\/wp\/v2\/comments?post=1491"}],"version-history":[{"count":41,"href":"https:\/\/mostbetoficial.com\/pt-br\/wp-json\/wp\/v2\/pages\/1491\/revisions"}],"predecessor-version":[{"id":1799,"href":"https:\/\/mostbetoficial.com\/pt-br\/wp-json\/wp\/v2\/pages\/1491\/revisions\/1799"}],"up":[{"embeddable":true,"href":"https:\/\/mostbetoficial.com\/pt-br\/wp-json\/wp\/v2\/pages\/1349"}],"wp:attachment":[{"href":"https:\/\/mostbetoficial.com\/pt-br\/wp-json\/wp\/v2\/media?parent=1491"}],"curies":[{"name":"wp","href":"https:\/\/api.w.org\/{rel}","templated":true}]}}