{"id":1384,"date":"2022-05-11T18:24:20","date_gmt":"2022-05-11T15:24:20","guid":{"rendered":"https:\/\/mostbetoficial.com\/regulamentos-legais\/"},"modified":"2025-08-10T08:06:51","modified_gmt":"2025-08-10T05:06:51","slug":"regulamentos-legais","status":"publish","type":"page","link":"https:\/\/mostbetoficial.com\/pt-br\/regulamentos-legais\/","title":{"rendered":"REGULAMENTOS LEGAIS"},"content":{"rendered":"\n<div class=\"wp-block-group after-head\"><div class=\"wp-block-group__inner-container is-layout-flow wp-block-group-is-layout-flow\">\n<h1 class=\"has-accent-color has-text-color wp-block-heading\">REGULAMENTOS LEGAIS &#8211; MOSTBET<\/h1>\n\n\n\n<p class=\"has-base-3-color has-text-color\"><\/p>\n<\/div><\/div>\n\n<div class=\"wp-block-cover alignfull is-light\"><span aria-hidden=\"true\" class=\"wp-block-cover__background has-white-background-color has-background-dim-100 has-background-dim\"><\/span><div class=\"wp-block-cover__inner-container is-layout-flow wp-block-cover-is-layout-flow\">\n<div class=\"wp-block-columns is-layout-flex wp-container-core-columns-is-layout-9d6595d7 wp-block-columns-is-layout-flex\">\n<div class=\"wp-block-column is-layout-flow wp-block-column-is-layout-flow\"><\/div>\n\n\n\n<div class=\"wp-block-column is-layout-flow wp-block-column-is-layout-flow\"><\/div>\n<\/div>\n\n\n\n<hr class=\"wp-block-separator has-text-color has-css-opacity has-background\" style=\"background-color:#ff4c00;color:#ff4c00\"\/>\n\n\n\n<div class=\"wp-block-group has-base-2-background-color has-background\"><div class=\"wp-block-group__inner-container is-layout-flow wp-block-group-is-layout-flow\">\n<p>1. as apostas s\u00e3o aceitas de pessoas que tenham atingido a idade de 18 anos ou a maioridade em sua jurisdi\u00e7\u00e3o (se essa idade for superior a 18 anos) e que concordem com as Regras de Apostas oferecidas pela empresa de apostas.<\/p>\n\n\n\n<p>2) N\u00e3o s\u00e3o aceitas apostas em:<\/p>\n\n\n\n<ul class=\"wp-block-list\"><li>pessoas com menos de 18 anos de idade no momento da realiza\u00e7\u00e3o das apostas;<\/li><li>participantes de eventos de apostas (atletas, t\u00e9cnicos, ju\u00edzes, propriet\u00e1rios ou dirigentes de clubes esportivos e outras pessoas que tenham a oportunidade de influenciar o resultado do evento), bem como pessoas agindo em seu nome;<\/li><li>pessoas que representam os interesses de outras empresas de apostas;<\/li><li>Outras pessoas cuja participa\u00e7\u00e3o no contrato com a empresa de apostas seja proibida pela lei aplic\u00e1vel.<\/li><\/ul>\n\n\n\n<p>3. A viola\u00e7\u00e3o do par\u00e1grafo 2 destas Regras \u00e9 de responsabilidade do apostador. Em caso de viola\u00e7\u00e3o dessas Regras, a empresa de apostas se reserva o direito de recusar o pagamento, devolver a quantia de dinheiro apostada, bem como cancelar quaisquer apostas. A empresa de apostas n\u00e3o tem responsabilidade pelo momento exato em que foi informada de que o cliente se enquadra em uma das categorias de pessoas listadas. Isso significa que a empresa de apostas tem o direito de tomar essas medidas a qualquer momento ap\u00f3s ter sido informada de que o cliente \u00e9 uma das pessoas designadas.   <\/p>\n\n\n\n<p>4. A empresa de apostas tem o direito de recusar apostas de clientes que n\u00e3o cumpram estas Regras. A empresa de apostas se reserva o direito de recusar qualquer aposta de cliente se o cliente violar as normas sociais de comportamento e a ordem p\u00fablica. <\/p>\n\n\n\n<p>5. A casa de apostas se reserva o direito de se recusar a aceitar apostas de qualquer pessoa sem explica\u00e7\u00e3o.<\/p>\n\n\n\n<p>6. Todas as apostas s\u00e3o calculadas com base nas informa\u00e7\u00f5es fornecidas pelo centro de processamento.<\/p>\n\n\n\n<p>7. A Empresa se reserva o direito de encerrar uma conta de apostas e cancelar todas as apostas feitas nela se for determinado que:<\/p>\n\n\n\n<ul class=\"wp-block-list\"><li>o apostador tinha informa\u00e7\u00f5es sobre o resultado do evento no momento em que fez as apostas;<\/li><li>o apostador teve a oportunidade de influenciar o resultado do evento sendo um participante direto da partida (atletas, \u00e1rbitros, t\u00e9cnicos, etc.) ou agindo em seu nome;<\/li><li>as apostas foram feitas por um grupo de apostadores agindo em colabora\u00e7\u00e3o (sindicato) para exceder os limites estabelecidos pela empresa;<\/li><li>um apostador tem v\u00e1rias contas de jogo (registro m\u00faltiplo);<\/li><li>Suspeita-se que o apostador use um software especial ou outros meios t\u00e9cnicos para automatizar o processo de apostas;<\/li><li>Outros meios injustos foram usados para obter informa\u00e7\u00f5es ou para contornar limites e restri\u00e7\u00f5es estabelecidos pela empresa.<\/li><\/ul>\n\n\n\n<p>8. Os saldos das contas dos clientes nas situa\u00e7\u00f5es descritas acima podem n\u00e3o ser reembols\u00e1veis ap\u00f3s a conclus\u00e3o dos procedimentos. O valor do saldo \u00e9 determinado sem levar em conta a renda recebida por meios injustos. A empresa se reserva o direito de se recusar a pagar uma compensa\u00e7\u00e3o pelas perdas do jogador relacionadas \u00e0s comiss\u00f5es dos sistemas de pagamento ao depositar e\/ou retirar fundos da conta da empresa de apostas <a href=\"https:\/\/mostbetoficial.com\/pt-br\/\">MostBet<\/a>.  <\/p>\n\n\n\n<p>9. A empresa se reserva o direito de realizar o processo de confirma\u00e7\u00e3o da identidade do propriet\u00e1rio por meio de uma videoconfer\u00eancia e solicitar documentos de identifica\u00e7\u00e3o.<\/p>\n\n\n\n<p>10. Se o servi\u00e7o de seguran\u00e7a da empresa de apostas tiver d\u00favidas sobre a identidade do apostador ou sobre a veracidade das informa\u00e7\u00f5es fornecidas (endere\u00e7o, cart\u00e3o de cr\u00e9dito ou d\u00e9bito, outros dados), ele tem o direito de solicitar qualquer documento de identifica\u00e7\u00e3o do apostador escolhido pela empresa, confirmar sua identidade e outros dados transmitidos pelo cliente, bem como cancelar qualquer pagamento at\u00e9 que todas as informa\u00e7\u00f5es sejam verificadas. A verifica\u00e7\u00e3o dos documentos pode levar at\u00e9 24 horas a partir do momento do recebimento dos documentos. Se as informa\u00e7\u00f5es obtidas n\u00e3o forem confi\u00e1veis, a empresa tem o direito de cancelar todas as apostas por um per\u00edodo indefinido e suspender todos os pagamentos.  <\/p>\n\n\n\n<p>11. O propriet\u00e1rio da conta confirma\/concorda que todas as a\u00e7\u00f5es executadas na conta s\u00e3o realizadas por ele mesmo. Se as a\u00e7\u00f5es na conta forem realizadas por terceiros, o propriet\u00e1rio da conta assume a responsabilidade pelo acesso \u00e0 conta. <\/p>\n\n\n\n<p>12. O propriet\u00e1rio da conta confirma\/concorda que todas as a\u00e7\u00f5es realizadas na conta e o uso de seus dados s\u00e3o realizados por ele ou com sua permiss\u00e3o.<\/p>\n\n\n\n<ul class=\"wp-block-list\"><li>Os usu\u00e1rios de pa\u00edses onde as apostas esportivas s\u00e3o ilegais est\u00e3o proibidos de usar os cart\u00f5es de cr\u00e9dito de seu pa\u00eds para transa\u00e7\u00f5es neste site.<\/li><li>O titular do cart\u00e3o \u00e9 obrigado a conhecer a legisla\u00e7\u00e3o de jogos de azar de seu pa\u00eds.<\/li><li>N\u00e3o \u00e9 permitida a participa\u00e7\u00e3o de menores de idade em jogos de azar, bem como o uso de cart\u00f5es de cr\u00e9dito dessas pessoas para transa\u00e7\u00f5es no site do escrit\u00f3rio da empresa de apostas.<\/li><\/ul>\n\n\n\n<p>13. A empresa se reserva o direito de modificar as regras e adicionar novas regras a qualquer momento. Nesse caso, as novas regras, ou a nova vers\u00e3o das regras, entrar\u00e3o em vigor imediatamente e ser\u00e3o aplicadas imediatamente ap\u00f3s sua publica\u00e7\u00e3o no site. <\/p>\n\n\n\n<p>14. Para evitar qualquer problema, a MostBet fornece as seguintes diretrizes a serem seguidas para garantir que voc\u00ea jogue com responsabilidade:<\/p>\n\n\n\n<ul class=\"wp-block-list\"><li>Antes de come\u00e7ar a jogar, estabele\u00e7a limites para a quantidade de tempo e dinheiro que voc\u00ea gastar\u00e1.<\/li><li>Aposte apenas o valor que voc\u00ea pode perder.<\/li><li>N\u00e3o tente se recuperar depois de perder.<\/li><\/ul>\n\n\n\n<p>15. Evite jogar se voc\u00ea estiver sob a influ\u00eancia de \u00e1lcool ou de qualquer outra subst\u00e2ncia.<\/p>\n<\/div><\/div>\n\n\n\n<hr class=\"wp-block-separator has-text-color has-css-opacity has-background\" style=\"background-color:#ff4c00;color:#ff4c00\"\/>\n\n\n\n<p><\/p>\n<\/div><\/div>\n","protected":false},"excerpt":{"rendered":"<p>REGULAMENTOS LEGAIS &#8211; MOSTBET<\/p>\n","protected":false},"author":1,"featured_media":0,"parent":0,"menu_order":0,"comment_status":"closed","ping_status":"closed","template":"","meta":{"inline_featured_image":false,"_uag_custom_page_level_css":"","footnotes":""},"class_list":["post-1384","page","type-page","status-publish"],"uagb_featured_image_src":{"full":false,"thumbnail":false,"medium":false,"medium_large":false,"large":false,"1536x1536":false,"2048x2048":false},"uagb_author_info":{"display_name":"developer","author_link":"https:\/\/mostbetoficial.com\/pt-br\/author\/developer\/"},"uagb_comment_info":0,"uagb_excerpt":"REGULAMENTOS LEGAIS &#8211; MOSTBET","_links":{"self":[{"href":"https:\/\/mostbetoficial.com\/pt-br\/wp-json\/wp\/v2\/pages\/1384","targetHints":{"allow":["GET"]}}],"collection":[{"href":"https:\/\/mostbetoficial.com\/pt-br\/wp-json\/wp\/v2\/pages"}],"about":[{"href":"https:\/\/mostbetoficial.com\/pt-br\/wp-json\/wp\/v2\/types\/page"}],"author":[{"embeddable":true,"href":"https:\/\/mostbetoficial.com\/pt-br\/wp-json\/wp\/v2\/users\/1"}],"replies":[{"embeddable":true,"href":"https:\/\/mostbetoficial.com\/pt-br\/wp-json\/wp\/v2\/comments?post=1384"}],"version-history":[{"count":3,"href":"https:\/\/mostbetoficial.com\/pt-br\/wp-json\/wp\/v2\/pages\/1384\/revisions"}],"predecessor-version":[{"id":1995,"href":"https:\/\/mostbetoficial.com\/pt-br\/wp-json\/wp\/v2\/pages\/1384\/revisions\/1995"}],"wp:attachment":[{"href":"https:\/\/mostbetoficial.com\/pt-br\/wp-json\/wp\/v2\/media?parent=1384"}],"curies":[{"name":"wp","href":"https:\/\/api.w.org\/{rel}","templated":true}]}}