{"id":1374,"date":"2025-06-23T18:37:21","date_gmt":"2025-06-23T15:37:21","guid":{"rendered":"https:\/\/mostbetoficial.com\/cassino\/procurado-morto-ou-selvagem\/"},"modified":"2025-07-23T01:01:39","modified_gmt":"2025-07-22T22:01:39","slug":"wanted-dead-or-a-wild","status":"publish","type":"page","link":"https:\/\/mostbetoficial.com\/pt-br\/casino\/wanted-dead-or-a-wild\/","title":{"rendered":"Wanted Dead or a Wild"},"content":{"rendered":"\n<div class=\"wp-block-group after-head\"><div class=\"wp-block-group__inner-container is-layout-flow wp-block-group-is-layout-flow\">\n<h1 class=\"wp-block-heading has-accent-color has-text-color\" id=\"Wanted-Dead-or-a-Wild\">Wanted Dead or a Wild &#8211; ca\u00e7a-n\u00edqueis popular<\/h1>\n\n\n\n<p class=\"has-base-3-color has-text-color\"><strong>Wanted Dead or a Wild<\/strong> \u00e9 um dos ca\u00e7a-n\u00edqueis mais populares da <strong>Hacksaw Gaming<\/strong>, que chamou a aten\u00e7\u00e3o dos jogadores na <strong>Espanha<\/strong>. Gra\u00e7as \u00e0 sua alta volatilidade, b\u00f4nus din\u00e2micos e design visual marcante, ele se tornou um dos favoritos tanto nos cassinos m\u00f3veis quanto nas transmiss\u00f5es de streamers espanh\u00f3is. <\/p>\n<\/div><\/div>\n\n\n\n<h2 class=\"wp-block-heading has-text-align-center has-accent-color has-text-color\" id=\"general\" style=\"text-transform:uppercase\">Wanted Dead or a Wild Informa\u00e7\u00f5es gerais<\/h2>\n\n\n\n<div class=\"wp-block-cover alignfull is-light\"><span aria-hidden=\"true\" class=\"wp-block-cover__background has-white-background-color has-background-dim-100 has-background-dim\"><\/span><div class=\"wp-block-cover__inner-container is-layout-flow wp-block-cover-is-layout-flow\">\n<figure class=\"wp-block-table\"><table><tbody><tr><td>\u26a1\ufe0f <strong>Fornecedor<\/strong><\/td><td>Hacksaw Gaming<\/td><\/tr><tr><td>\u26a1\ufe0f <strong>Grade:<\/strong><\/td><td>5\u00d75<\/td><\/tr><tr><td>\u26a1\ufe0f <strong><strong>Linhas de pagamento<\/strong><\/strong><\/td><td>Mec\u00e2nica de cluster<\/td><\/tr><tr><td>\u26a1\ufe0f <strong>Volatilidade<\/strong><\/td><td>Alta<\/td><\/tr><tr><td>\u26a1\ufe0f <strong><strong>RTP<\/strong><\/strong><\/td><td>96.38%<\/td><\/tr><tr><td>\u26a1\ufe0f <strong><strong>Compra de voucher<\/strong><\/strong><\/td><td>Sim<\/td><\/tr><tr><td>\u26a1\ufe0f <strong><strong>Vers\u00e3o de demonstra\u00e7\u00e3o<\/strong><\/strong><\/td><td>Dispon\u00edvel<\/td><\/tr><tr><td>\u26a1\ufe0f <strong><strong>Popularidade na Espanha<\/strong><\/strong><\/td><td>Muito alto<\/td><\/tr><\/tbody><\/table><\/figure>\n\n\n\n<h2 class=\"wp-block-heading has-text-align-center has-accent-color has-text-color has-link-color wp-elements-13fa3e153ab0205378b8d05841e5c110\" id=\"Modos-de-bonificacion\" style=\"text-transform:uppercase\">Modos de b\u00f4nus em Wanted Dead or a Wild<\/h2>\n\n\n\n<p>A slot <strong>Wanted Dead or a Wild<\/strong> inclui tr\u00eas modos de b\u00f4nus empolgantes que podem ser ativados durante o jogo base ou adquiridos diretamente por meio do recurso <em>Bonus Buy<\/em>. Cada um deles oferece uma experi\u00eancia distinta e altamente lucrativa: <\/p>\n\n\n\n<h3 class=\"wp-block-heading has-large-font-size\"><strong>Duelo ao amanhecer<\/strong><\/h3>\n\n\n\n<p>Esse modo ativa os s\u00edmbolos <strong>VS Wild<\/strong>, onde dois cowboys se enfrentam em um duelo que pode conceder <strong>multiplicadores de at\u00e9 x100<\/strong>. Esse \u00e9 um dos recursos mais espetaculares e procurados pelos jogadores da Espanha e da Am\u00e9rica Latina, especialmente popular entre os streamers que falam espanhol ao vivo. <\/p>\n\n\n\n<h3 class=\"wp-block-heading has-large-font-size\"><strong>M\u00e3o do homem morto<\/strong><\/h3>\n\n\n\n<p>Uma rodada especial dividida em <strong>tr\u00eas fases<\/strong>:<\/p>\n\n\n\n<ol class=\"wp-block-list\">\n<li>Cole\u00e7\u00e3o de curingas<\/li>\n\n\n\n<li>Cole\u00e7\u00e3o de multiplicadores<\/li>\n\n\n\n<li>Ativa\u00e7\u00e3o de curvas com melhorias combinadas<\/li>\n<\/ol>\n\n\n\n<p>Esse recurso combina estrat\u00e9gia e alto potencial de lucro.<\/p>\n\n\n\n<h3 class=\"wp-block-heading has-large-font-size\"><strong>O Grande Roubo de Trem<\/strong><\/h3>\n\n\n\n<p>Ele oferece <strong>sticky wilds<\/strong> que permanecem nas bobinas durante toda a rodada, aumentando significativamente as chances de combina\u00e7\u00f5es vencedoras.<\/p>\n\n\n<div class=\"wp-block-image is-style-rounded\">\n<figure class=\"aligncenter size-full is-resized\"><a href=\"https:\/\/mostbetoficial.com\/go\/most\/\"><img loading=\"lazy\" decoding=\"async\" width=\"1280\" height=\"720\" src=\"https:\/\/mostbetoficial.com\/wp-content\/uploads\/2025\/06\/Wanted-Dead-or-a-Wild.png\" alt=\"B\u00f4nus de Dead Man's Hand em Wanted Dead or a Wild\" class=\"wp-image-942\" style=\"object-fit:cover;width:675px;height:379px\" srcset=\"https:\/\/mostbetoficial.com\/wp-content\/uploads\/2025\/06\/Wanted-Dead-or-a-Wild.png 1280w, https:\/\/mostbetoficial.com\/wp-content\/uploads\/2025\/06\/Wanted-Dead-or-a-Wild-300x169.png 300w, https:\/\/mostbetoficial.com\/wp-content\/uploads\/2025\/06\/Wanted-Dead-or-a-Wild-1024x576.png 1024w, https:\/\/mostbetoficial.com\/wp-content\/uploads\/2025\/06\/Wanted-Dead-or-a-Wild-768x432.png 768w\" sizes=\"auto, (max-width: 1280px) 100vw, 1280px\" \/><\/a><\/figure>\n<\/div>\n\n\n<p class=\"has-medium-font-size\">Esses modos de b\u00f4nus fazem do <em>Wanted Dead or a Wild<\/em> um ca\u00e7a-n\u00edqueis extremamente atraente tanto para jogadores casuais quanto para aqueles que buscam grandes ganhos. Voc\u00ea pode experiment\u00e1-los na vers\u00e3o de demonstra\u00e7\u00e3o ou jogar diretamente com dinheiro real na <a class=\"\" href=\"https:\/\/mostbetoficial.com\/pt-br\/\">Mostbet<\/a>. <\/p>\n\n\n\n<hr class=\"wp-block-separator has-text-color has-css-opacity has-background\" style=\"background-color:#ff4c00;color:#ff4c00\"\/>\n\n\n\n<h2 class=\"wp-block-heading has-text-align-center has-accent-color has-text-color\" id=\"Como-jugar\" style=\"text-transform:uppercase\">Como jogar Wanted Dead or a Wild?<\/h2>\n\n\n<div id=\"rank-math-howto\" class=\"rank-math-block\">\n<div class=\"rank-math-howto-description\">\n\n<p>Siga este guia passo a passo para se registrar na Mostbet, encontrar o slot Wanted Dead or a Wild e come\u00e7ar a jogar com dinheiro real ou na vers\u00e3o de demonstra\u00e7\u00e3o. Ideal para iniciantes que desejam aprender todo o processo do zero. <\/p>\n\n<\/div>\n\n<div class=\"rank-math-steps \">\n<div id=\"howto-step-1651653197364\" class=\"rank-math-step\">\n<p class=\"rank-math-step-title \"><strong><strong><strong>Acesse o<\/strong> site <strong>oficial <a class=\"\" href=\"https:\/\/mostbetoficial.com\/pt-br\/\">da Mostbet<\/a><\/strong> em seu navegador favorito.<\/strong><\/strong><\/p>\n<div class=\"rank-math-step-content \"><p><font style=\"vertical-align: inherit\"><font style=\"vertical-align: inherit\">O registro na Mostbet \u00e9 r\u00e1pido e f\u00e1cil. Voc\u00ea pode fazer login com sua m\u00eddia social, e-mail ou n\u00famero de telefone. Se voc\u00ea j\u00e1 tiver uma conta, basta fazer o login.  <\/font><\/font><\/p>\n<\/div>\n<\/div>\n<div id=\"howto-step-1651653279969\" class=\"rank-math-step\">\n<p class=\"rank-math-step-title \"><strong><strong>Verificar sua conta<\/strong><\/strong><\/p>\n<div class=\"rank-math-step-content \"><p>Confirme seus dados pessoais (telefone, e-mail, nome e m\u00e9todo de pagamento) para desbloquear todos os recursos do site.<\/p>\n<\/div>\n<\/div>\n<div id=\"howto-step-1651653282895\" class=\"rank-math-step\">\n<p class=\"rank-math-step-title \"><strong><strong>Fa\u00e7a seu primeiro dep\u00f3sito<\/strong><\/strong><\/p>\n<div class=\"rank-math-step-content \"><p>Para acessar os jogos com dinheiro real, voc\u00ea deve completar seu primeiro dep\u00f3sito. A Mostbet oferece at\u00e9 <strong>125% de b\u00f4nus para<\/strong>novos jogadores. <\/p>\n<\/div>\n<\/div>\n<div id=\"howto-step-1652194535069\" class=\"rank-math-step\">\n<p class=\"rank-math-step-title \"><strong><strong>Jogue a vers\u00e3o de demonstra\u00e7\u00e3o (opcional)<\/strong><\/strong><\/p>\n<div class=\"rank-math-step-content \"><p>Antes de apostar com dinheiro real, experimente a vers\u00e3o de demonstra\u00e7\u00e3o do jogo para que voc\u00ea se familiarize com as regras, os s\u00edmbolos e a din\u00e2mica do ca\u00e7a-n\u00edquel.<\/p>\n<\/div>\n<\/div>\n<div id=\"howto-step-1652194554029\" class=\"rank-math-step\">\n<p class=\"rank-math-step-title \"><strong><strong>Procure por &#8220;Wanted Dead or a Wild&#8221; no mecanismo de busca.<\/strong><\/strong><\/p>\n<div class=\"rank-math-step-content \"><p>V\u00e1 para a se\u00e7\u00e3o de ca\u00e7a-n\u00edqueis e use a barra de pesquisa para encontrar rapidamente esse jogo da Hacksaw Gaming.<\/p>\n<\/div>\n<\/div>\n<div id=\"howto-step-1652704908362\" class=\"rank-math-step\">\n<p class=\"rank-math-step-title \"><strong>Apostas com dinheiro real<\/strong><\/p>\n<div class=\"rank-math-step-content \"><p>Selecione o valor da sua aposta por rodada. Voc\u00ea pode come\u00e7ar com valores baixos e usar o modo autom\u00e1tico ou manual, conforme preferir. <\/p>\n<\/div>\n<\/div>\n<div id=\"howto-step-1750662336625\" class=\"rank-math-step\">\n<p class=\"rank-math-step-title \"><strong>Use a fun\u00e7\u00e3o Bonus Buy (opcional)<\/strong><\/p>\n<div class=\"rank-math-step-content \"><p>Wanted Dead or a Wild permite que voc\u00ea compre acesso direto aos modos de b\u00f4nus. Esse recurso pode aumentar as suas chances de ganhar grandes pr\u00eamios. <\/p>\n<\/div>\n<\/div>\n<div id=\"howto-step-1750662354217\" class=\"rank-math-step\">\n<p class=\"rank-math-step-title \"><strong>Retirar seus ganhos<\/strong><\/p>\n<div class=\"rank-math-step-content \"><p>Depois que voc\u00ea tiver obtido um bom lucro, fa\u00e7a login no seu perfil e selecione um m\u00e9todo de saque seguro. A Mostbet permite saques r\u00e1pidos por meio de m\u00e9todos populares em seu pa\u00eds. <\/p>\n<\/div>\n<\/div>\n<\/div>\n<\/div>\n\n\n<div class=\"wp-block-group has-base-2-background-color has-background\"><div class=\"wp-block-group__inner-container is-layout-flow wp-block-group-is-layout-flow\">\n<h2 class=\"wp-block-heading has-text-align-center has-accent-color has-text-color\" id=\"estrategias-y-tacticas\" style=\"text-transform:uppercase\">Estrat\u00e9gias e t\u00e1ticas para Wanted Dead or a Wild<\/h2>\n\n\n\n<p>Antes de voc\u00ea entrar no oeste selvagem de <em>Wanted Dead or a Wild<\/em>, \u00e9 essencial estabelecer uma estrat\u00e9gia de jogo s\u00f3lida. Esse ca\u00e7a-n\u00edqueis \u00e9 conhecido por sua alta volatilidade e pagamentos explosivos em seus modos de b\u00f4nus, portanto, uma boa t\u00e1tica pode fazer a diferen\u00e7a entre uma sess\u00e3o emocionante e um pagamento r\u00e1pido. <\/p>\n\n\n\n<h3 class=\"wp-block-heading\">Comece com estacas pequenas<\/h3>\n\n\n\n<p>Se voc\u00ea estiver apenas come\u00e7ando, \u00e9 aconselh\u00e1vel fazer apostas m\u00ednimas enquanto se familiariza com o ritmo do jogo. Isso permite que voc\u00ea estenda seu tempo de jogo e fique atento ao aparecimento de combina\u00e7\u00f5es vencedoras e s\u00edmbolos de b\u00f4nus. <\/p>\n\n\n\n<h3 class=\"wp-block-heading\">Use a compra de b\u00f4nus com modera\u00e7\u00e3o<\/h3>\n\n\n\n<p>O jogo permite que voc\u00ea ative os modos de b\u00f4nus diretamente por meio do recurso <strong>Bonus Buy<\/strong>, mas essa op\u00e7\u00e3o tem um custo alto. Use-a somente se a sua banca permitir e se voc\u00ea estiver disposto a aceitar a alta volatilidade desses modos. <\/p>\n\n\n\n<h3 class=\"wp-block-heading\">Observe o comportamento das bobinas<\/h3>\n\n\n\n<p>Embora os ca\u00e7a-n\u00edqueis funcionem por RNG (gerador aleat\u00f3rio), muitos jogadores experientes analisam as &#8220;sequ\u00eancias&#8221; do jogo: se voc\u00ea perceber que os b\u00f4nus n\u00e3o aparecem por muitas rodadas, considere pausar ou mudar sua estrat\u00e9gia.<\/p>\n\n\n\n<h3 class=\"wp-block-heading\">Mantenha a calma e evite a gan\u00e2ncia<\/h3>\n\n\n\n<p>Grandes ganhos podem ser tentadores, mas uma mentalidade paciente e disciplinada \u00e9 fundamental. Defina metas realistas de lucros e perdas e mantenha-se fiel a elas. <\/p>\n\n\n\n<h3 class=\"wp-block-heading\">Aprimore sua experi\u00eancia de jogo<\/h3>\n\n\n\n<p>Jogar com o som pode ajudar voc\u00ea a identificar momentos importantes do jogo e a mergulhar mais na est\u00e9tica ocidental do jogo.<\/p>\n\n\n\n<h3 class=\"wp-block-heading\">Teste as estrat\u00e9gias na vers\u00e3o de demonstra\u00e7\u00e3o<\/h3>\n\n\n\n<p>Antes de apostar dinheiro real, experimente suas t\u00e1ticas na vers\u00e3o de demonstra\u00e7\u00e3o. Dessa forma, voc\u00ea pode aprender como os b\u00f4nus funcionam e como o jogo se comporta sem arriscar sua banca. <\/p>\n\n\n<div class=\"wp-block-image is-style-rounded\">\n<figure class=\"aligncenter size-full is-resized\"><a href=\"https:\/\/mostbetoficial.com\/go\/most\/\"><img loading=\"lazy\" decoding=\"async\" width=\"1200\" height=\"630\" src=\"https:\/\/mostbetoficial.com\/wp-content\/uploads\/2025\/06\/Wanted-Dead-Or-A-Wild-1.png\" alt=\"Procurado morto ou selvagem 1\" class=\"wp-image-959\" style=\"object-fit:cover;width:675px;height:379px\" srcset=\"https:\/\/mostbetoficial.com\/wp-content\/uploads\/2025\/06\/Wanted-Dead-Or-A-Wild-1.png 1200w, https:\/\/mostbetoficial.com\/wp-content\/uploads\/2025\/06\/Wanted-Dead-Or-A-Wild-1-300x158.png 300w, https:\/\/mostbetoficial.com\/wp-content\/uploads\/2025\/06\/Wanted-Dead-Or-A-Wild-1-1024x538.png 1024w, https:\/\/mostbetoficial.com\/wp-content\/uploads\/2025\/06\/Wanted-Dead-Or-A-Wild-1-768x403.png 768w\" sizes=\"auto, (max-width: 1200px) 100vw, 1200px\" \/><\/a><\/figure>\n<\/div><\/div><\/div>\n\n\n\n<h2 class=\"wp-block-heading has-text-align-center has-accent-color has-text-color has-link-color has-large-font-size wp-elements-eda5148faec5db4ed001dab15cc69fc5\" id=\"disponible-en-movil\" style=\"text-transform:uppercase\">DISPON\u00cdVEL NO CELULAR<\/h2>\n\n\n\n<p>O <strong>Wanted Dead or a Wild<\/strong> \u00e9 totalmente adaptado para jogos <strong>em celulares<\/strong>. N\u00e3o importa se voc\u00ea est\u00e1 usando um <strong>telefone Android<\/strong> ou um <strong>iPhone<\/strong>, voc\u00ea pode desfrutar do mesmo n\u00edvel de qualidade gr\u00e1fica, efeitos sonoros envolventes e jogabilidade suave.<br>Gra\u00e7as \u00e0 otimiza\u00e7\u00e3o responsiva <strong>da Mostbet<\/strong>, voc\u00ea pode acessar o slot de qualquer navegador m\u00f3vel ou por meio do <strong>aplicativo oficial da Mostbet<\/strong>, dispon\u00edvel para download gratuito. Jogue onde voc\u00ea quiser, quando quiser, sem perder nenhuma funcionalidade.  <\/p>\n\n\n\n<hr class=\"wp-block-separator has-alpha-channel-opacity\"\/>\n\n\n\n<h2 class=\"wp-block-heading has-text-align-center has-accent-color has-text-color has-link-color wp-elements-1859eee960e6efcb22fea114aea0bd9c\" id=\"opinion-del-editor\" style=\"text-transform:uppercase\">OPINI\u00c3O DO EDITOR<\/h2>\n\n\n\n<p>Em nossa experi\u00eancia, <strong>Wanted Dead or a Wild<\/strong> \u00e9 um dos <strong>melhores ca\u00e7a-n\u00edqueis on-line<\/strong> para quem procura <strong>a\u00e7\u00e3o intensa e b\u00f4nus explosivos<\/strong>. Sua ambienta\u00e7\u00e3o <strong>no Velho Oeste<\/strong>, combinada com o design visual de alta qualidade e a mec\u00e2nica de alto risco, fazem dele um t\u00edtulo inesquec\u00edvel.<br>Esse jogo \u00e9 particularmente popular na <strong>Espanha e na Am\u00e9rica Latina<\/strong>, o que o torna ideal tanto para usu\u00e1rios avan\u00e7ados quanto para aqueles que querem explorar novas sensa\u00e7\u00f5es no jogo on-line. Se voc\u00ea estiver procurando por <strong>ca\u00e7a-n\u00edqueis com alto potencial de ganhos<\/strong>, essa \u00e9 uma op\u00e7\u00e3o que n\u00e3o pode faltar no seu repert\u00f3rio.  <\/p>\n\n\n\n<hr class=\"wp-block-separator has-alpha-channel-opacity\"\/>\n\n\n\n<h2 class=\"wp-block-heading has-text-align-center has-accent-color has-text-color\" id=\"bonos-para-la-tragaperras\" style=\"text-transform:uppercase\">B\u00d4NUS DE SLOT<\/h2>\n\n\n\n<p>O ca\u00e7a-n\u00edquel Wanted Dead or a Wild tamb\u00e9m permite que voc\u00ea tire proveito de v\u00e1rios <strong>b\u00f4nus exclusivos<\/strong> na MostBet. Ao se registrar e jogar nesse cassino, voc\u00ea pode acessar promo\u00e7\u00f5es como o <strong>b\u00f4nus de boas-vindas<\/strong>, <strong>recargas de dep\u00f3sito<\/strong> e <strong>rodadas gr\u00e1tis para<\/strong>aumentar a sua experi\u00eancia no Wild West. <\/p>\n\n\n\n<p>Entre os vouchers dispon\u00edveis atualmente est\u00e3o:<\/p>\n\n\n\n<figure class=\"wp-block-table\"><table><tbody><tr><td>\u26a1\ufe0f <strong>B\u00f4nus de boas-vindas<\/strong><\/td><td>Receba at\u00e9 <strong>125% do seu primeiro dep\u00f3sito<\/strong> e <strong>250 rodadas gr\u00e1tis<\/strong> para usar nos ca\u00e7a-n\u00edqueis.<\/td><\/tr><tr><td>\u26a1\ufe0f <strong>Cassino Cashback<\/strong><\/td><td>Voc\u00ea pode recuperar at\u00e9 <strong>10% das perdas<\/strong> semanais ao jogar em ca\u00e7a-n\u00edqueis como Wanted Dead ou Wild.<\/td><\/tr><tr><td>\u26a1\ufe0f <strong>B\u00f4nus de segundo dep\u00f3sito<\/strong><\/td><td><strong>75%<\/strong> de b\u00f4nus extra + rodadas gr\u00e1tis em ca\u00e7a-n\u00edqueis do mesmo provedor (Hacksaw Gaming).<\/td><\/tr><tr><td>\u26a1\ufe0f <strong>Promo\u00e7\u00f5es especiais do Oeste<\/strong><\/td><td>Participe de torneios ou eventos com <strong>pr\u00eamios tem\u00e1ticos<\/strong> do Velho Oeste.<\/td><\/tr><\/tbody><\/table><\/figure>\n\n\n\n<p>Al\u00e9m disso, voc\u00ea pode jogar no <strong>modo de demonstra\u00e7\u00e3o<\/strong> ou apostar com dinheiro real na <strong>vers\u00e3o m\u00f3vel ou no aplicativo oficial da MostBet<\/strong>, aproveitando todos esses b\u00f4nus a qualquer hora e em qualquer lugar.<\/p>\n\n\n\n<hr class=\"wp-block-separator has-alpha-channel-opacity\"\/>\n\n\n\n<h2 class=\"wp-block-heading has-text-align-center has-accent-color has-text-color\" id=\"Preguntas-Frecuentes\" style=\"text-transform:uppercase\">Perguntas frequentes<\/h2>\n<\/div><\/div>\n\n\n<div id=\"rank-math-faq\" class=\"rank-math-block\">\n<div class=\"rank-math-list \">\n<div id=\"faq-question-1653388484245\" class=\"rank-math-list-item\">\n<div class=\"rank-math-question \"><strong><strong>O que \u00e9 Wanted Dead or a Wild?<\/strong><\/strong><\/div>\n<div class=\"rank-math-answer \">\n\n<p>\u00c9 um jogo de ca\u00e7a-n\u00edqueis on-line ambientado no Velho Oeste, desenvolvido pela Hacksaw Gaming. Ele se tornou um dos mais populares entre os jogadores de l\u00edngua espanhola. Mais informa\u00e7\u00f5es na <a href=\"https:\/\/mostbetoficial.com\/casino\/wanted-dead-or-a-wild\/#general\">se\u00e7\u00e3o geral<\/a>.  <\/p>\n\n<\/div>\n<\/div>\n<div id=\"faq-question-1653388497872\" class=\"rank-math-list-item\">\n<div class=\"rank-math-question \"><strong><strong>Como voc\u00ea pode jogar com dinheiro real na Mostbet?<\/strong><\/strong><\/div>\n<div class=\"rank-math-answer \">\n\n<p>Primeiro, voc\u00ea deve acessar o site oficial da Mostbet, criar uma conta e verificar seus dados. Em seguida, procure por &#8220;Wanted Dead or a Wild&#8221;, selecione sua aposta e comece a jogar. Veja os passos completos sobre <a href=\"https:\/\/mostbetoficial.com\/casino\/wanted-dead-or-a-wild\/#Como-jugar\">como voc\u00ea pode jogar<\/a>.  <\/p>\n\n<\/div>\n<\/div>\n<div id=\"faq-question-1653388510942\" class=\"rank-math-list-item\">\n<div class=\"rank-math-question \"><strong><strong>Quais s\u00e3o os modos de b\u00f4nus do jogo?<\/strong><\/strong><\/div>\n<div class=\"rank-math-answer \">\n\n<p>O ca\u00e7a-n\u00edqueis inclui tr\u00eas recursos: Duel at Dawn (VS Wilds), Dead Man&#8217;s Hand (rodada de 3 fases) e The Great Train Robbery (sticky wilds). Descubra-os nos <a href=\"https:\/\/mostbetoficial.com\/casino\/wanted-dead-or-a-wild\/#Modos-de-bonificaci%C3%B3n\">modos de b\u00f4nus<\/a>. <\/p>\n\n<\/div>\n<\/div>\n<div id=\"faq-question-1653388532178\" class=\"rank-math-list-item\">\n<div class=\"rank-math-question \"><strong>Posso jogar com meu celular?<\/strong><\/div>\n<div class=\"rank-math-answer \">\n\n<p>Sim, o jogo \u00e9 100% otimizado para dispositivos m\u00f3veis e funciona perfeitamente no Android e no iOS. Mais detalhes est\u00e3o <a href=\"https:\/\/mostbetoficial.com\/casino\/wanted-dead-or-a-wild\/#disponible-en-movil\">dispon\u00edveis no celular<\/a>. <\/p>\n\n<\/div>\n<\/div>\n<div id=\"faq-question-1653388551306\" class=\"rank-math-list-item\">\n<div class=\"rank-math-question \"><strong>Quais s\u00e3o as melhores estrat\u00e9gias para voc\u00ea jogar Wanted Dead or a Wild?<\/strong><\/div>\n<div class=\"rank-math-answer \">\n\n<p>Para maximizar seus ganhos, recomendamos que voc\u00ea comece com a vers\u00e3o de demonstra\u00e7\u00e3o, use a <strong>compra de b\u00f4nus<\/strong> com modera\u00e7\u00e3o e aproveite os modos de b\u00f4nus, como o Duel at Dawn. Jogar com um fone de ouvido aumenta a imers\u00e3o. Encontre todas as dicas na se\u00e7\u00e3o de <a href=\"https:\/\/mostbetoficial.com\/casino\/wanted-dead-or-a-wild\/#estrategias-y-tacticas\">estrat\u00e9gia de jogo<\/a>.  <\/p>\n\n<\/div>\n<\/div>\n<\/div>\n<\/div>","protected":false},"excerpt":{"rendered":"<p>Wanted Dead or a Wild &#8211; ca\u00e7a-n\u00edqueis popular Wanted Dead or a Wild \u00e9 um dos ca\u00e7a-n\u00edqueis mais populares da Hacksaw Gaming, que chamou a aten\u00e7\u00e3o dos jogadores na Espanha. Gra\u00e7as \u00e0 sua alta volatilidade, b\u00f4nus din\u00e2micos e design visual marcante, ele se tornou um dos favoritos tanto nos cassinos m\u00f3veis quanto nas transmiss\u00f5es de &#8230; <a title=\"Wanted Dead or a Wild\" class=\"read-more\" href=\"https:\/\/mostbetoficial.com\/pt-br\/casino\/wanted-dead-or-a-wild\/\" aria-label=\"Read more about Wanted Dead or a Wild\">\u0427\u0438\u0442\u0430\u0442\u044c \u0434\u0430\u043b\u0435\u0435<\/a><\/p>\n","protected":false},"author":1,"featured_media":0,"parent":1367,"menu_order":0,"comment_status":"closed","ping_status":"closed","template":"","meta":{"inline_featured_image":false,"_uag_custom_page_level_css":"","footnotes":""},"class_list":["post-1374","page","type-page","status-publish"],"uagb_featured_image_src":{"full":false,"thumbnail":false,"medium":false,"medium_large":false,"large":false,"1536x1536":false,"2048x2048":false},"uagb_author_info":{"display_name":"developer","author_link":"https:\/\/mostbetoficial.com\/pt-br\/author\/developer\/"},"uagb_comment_info":0,"uagb_excerpt":"Wanted Dead or a Wild &#8211; ca\u00e7a-n\u00edqueis popular Wanted Dead or a Wild \u00e9 um dos ca\u00e7a-n\u00edqueis mais populares da Hacksaw Gaming, que chamou a aten\u00e7\u00e3o dos jogadores na Espanha. Gra\u00e7as \u00e0 sua alta volatilidade, b\u00f4nus din\u00e2micos e design visual marcante, ele se tornou um dos favoritos tanto nos cassinos m\u00f3veis quanto nas transmiss\u00f5es de&hellip;","_links":{"self":[{"href":"https:\/\/mostbetoficial.com\/pt-br\/wp-json\/wp\/v2\/pages\/1374","targetHints":{"allow":["GET"]}}],"collection":[{"href":"https:\/\/mostbetoficial.com\/pt-br\/wp-json\/wp\/v2\/pages"}],"about":[{"href":"https:\/\/mostbetoficial.com\/pt-br\/wp-json\/wp\/v2\/types\/page"}],"author":[{"embeddable":true,"href":"https:\/\/mostbetoficial.com\/pt-br\/wp-json\/wp\/v2\/users\/1"}],"replies":[{"embeddable":true,"href":"https:\/\/mostbetoficial.com\/pt-br\/wp-json\/wp\/v2\/comments?post=1374"}],"version-history":[{"count":13,"href":"https:\/\/mostbetoficial.com\/pt-br\/wp-json\/wp\/v2\/pages\/1374\/revisions"}],"predecessor-version":[{"id":1987,"href":"https:\/\/mostbetoficial.com\/pt-br\/wp-json\/wp\/v2\/pages\/1374\/revisions\/1987"}],"up":[{"embeddable":true,"href":"https:\/\/mostbetoficial.com\/pt-br\/wp-json\/wp\/v2\/pages\/1367"}],"wp:attachment":[{"href":"https:\/\/mostbetoficial.com\/pt-br\/wp-json\/wp\/v2\/media?parent=1374"}],"curies":[{"name":"wp","href":"https:\/\/api.w.org\/{rel}","templated":true}]}}