{"id":1372,"date":"2025-06-23T23:48:42","date_gmt":"2025-06-23T20:48:42","guid":{"rendered":"https:\/\/mostbetoficial.com\/cassino\/minas\/"},"modified":"2025-07-28T15:38:05","modified_gmt":"2025-07-28T12:38:05","slug":"mines","status":"publish","type":"page","link":"https:\/\/mostbetoficial.com\/pt-br\/casino\/mines\/","title":{"rendered":"Mines"},"content":{"rendered":"\n<div class=\"wp-block-group after-head\"><div class=\"wp-block-group__inner-container is-layout-flow wp-block-group-is-layout-flow\">\n<h1 class=\"wp-block-heading has-accent-color has-text-color\">Mines &#8211; ca\u00e7a-n\u00edqueis popular na Col\u00f4mbia<\/h1>\n\n\n\n<p class=\"has-base-3-color has-text-color\"><strong>O Mines<\/strong> \u00e9 um dos ca\u00e7a-n\u00edqueis mais populares do <strong>Spribe<\/strong>, que conquistou uma grande base de jogadores na <strong>Col\u00f4mbia<\/strong>. Com uma mec\u00e2nica simples, mas viciante, inspirada nos jogos cl\u00e1ssicos de campo minado, esse ca\u00e7a-n\u00edqueis combina emo\u00e7\u00e3o, estrat\u00e9gia e o potencial de grandes ganhos. Seu formato interativo o tornou um favorito entre os usu\u00e1rios de dispositivos m\u00f3veis e em plataformas de streaming.  <\/p>\n<\/div><\/div>\n\n\n\n<h2 class=\"wp-block-heading has-text-align-center has-accent-color has-text-color\" id=\"general\" style=\"text-transform:uppercase\">Minas Informa\u00e7\u00f5es gerais<\/h2>\n\n\n\n<div class=\"wp-block-cover alignfull is-light\"><span aria-hidden=\"true\" class=\"wp-block-cover__background has-white-background-color has-background-dim-100 has-background-dim\"><\/span><div class=\"wp-block-cover__inner-container is-layout-flow wp-block-cover-is-layout-flow\">\n<figure class=\"wp-block-table\"><table><tbody><tr><td>\u26a1\ufe0f <strong>Fornecedor<\/strong><\/td><td>Spribe<\/td><\/tr><tr><td>\u26a1\ufe0f <strong>Tipo de jogo:<\/strong><\/td><td>Tipo de jogo<\/td><\/tr><tr><td>\u26a1\ufe0f<strong>Tamanho da grade:<\/strong><\/td><td>Personaliz\u00e1vel (geralmente 5&#215;5)<\/td><\/tr><tr><td>\u26a1\ufe0f <strong>Participa\u00e7\u00e3o m\u00ednima:<\/strong><\/td><td>Aposta m\u00ednima: a partir de US$ 10 (pode variar)<\/td><\/tr><tr><td>\u26a1\ufe0f <strong><strong>Ganhos m\u00e1ximos:<\/strong><\/strong><\/td><td>Depende do n\u00famero de minas e de elei\u00e7\u00f5es<\/td><\/tr><tr><td>\u26a1\ufe0f <strong><strong>Compat\u00edvel com telefones celulares:<\/strong><\/strong><\/td><td>Sim, 100% otimizado<\/td><\/tr><tr><td>\u26a1\ufe0f<strong> Popularidade:<\/strong><\/td><td>Amplamente jogado em plataformas de apostas on-line<\/td><\/tr><tr><td>\u26a1\ufe0f<strong>Frequ\u00eancia dos pr\u00eamios:<\/strong><\/td><td>Alta, com uma chance de ganhar em cada clique<\/td><\/tr><\/tbody><\/table><\/figure>\n\n\n\n<h2 class=\"wp-block-heading has-text-align-center has-accent-color has-text-color has-link-color wp-elements-e7cdfd2bbb98f20c4a06cf07314d03cb\" id=\"Modos-de-bonificacion\" style=\"text-transform:uppercase\">Modos de b\u00f4nus Mines<\/h2>\n\n\n\n<p>O jogo <em>Mines<\/em> n\u00e3o apresenta b\u00f4nus tradicionais, como rodadas gr\u00e1tis ou multiplicadores acionados por s\u00edmbolos especiais. No entanto, sua mec\u00e2nica propriet\u00e1ria atua como um sistema de b\u00f4nus din\u00e2mico em cada rodada: <\/p>\n\n\n\n<ul class=\"wp-block-list\">\n<li>Ganhos <strong>maiores para cliques bem-sucedidos<\/strong>: cada quadrado seguro descoberto aumenta seu multiplicador. Quanto mais diamantes voc\u00ea encontrar sem tocar em uma mina, maiores ser\u00e3o os seus ganhos. <\/li>\n\n\n\n<li><strong>Retirada manual a qualquer momento<\/strong>: Voc\u00ea pode interromper a rodada e sacar seus ganhos acumulados antes de pisar em uma mina. Esse recurso oferece a voc\u00ea controle total sobre sua estrat\u00e9gia e risco. <\/li>\n\n\n\n<li><strong>Ajuste do n\u00famero de minas<\/strong>: \u00c0 medida que voc\u00ea escolhe mais minas no tabuleiro, o risco aumenta, mas os multiplicadores tamb\u00e9m. Isso permite que voc\u00ea crie rodadas mais arriscadas com maior potencial de pagamento. <\/li>\n\n\n\n<li><strong>B\u00f4nus oculto na tomada de decis\u00f5es<\/strong>: O verdadeiro &#8220;modo de b\u00f4nus&#8221; do <em>Mines<\/em> est\u00e1 na sua capacidade de calcular o risco, o que transforma cada rodada em uma aposta estrat\u00e9gica.<\/li>\n<\/ul>\n\n\n\n<p>Essa estrutura transforma cada jogo em uma experi\u00eancia \u00fanica, na qual suas decis\u00f5es influenciam diretamente as recompensas potenciais. \u00c9 ideal para jogadores que buscam uma abordagem mais interativa do que os ca\u00e7a-n\u00edqueis tradicionais. <\/p>\n\n\n\n<p>Voc\u00ea pode aproveitar esse modo de jogo na <a href=\"https:\/\/mostbetoficial.com\/pt-br\/\">Mostbet<\/a>, onde o Mines est\u00e1 dispon\u00edvel como demonstra\u00e7\u00e3o e com dinheiro real.<\/p>\n\n\n<div class=\"wp-block-image is-style-rounded\">\n<figure class=\"aligncenter size-full is-resized\"><a href=\"https:\/\/mostbetoficial.com\/go\/most\/\"><img loading=\"lazy\" decoding=\"async\" width=\"1280\" height=\"720\" src=\"https:\/\/mostbetoficial.com\/wp-content\/uploads\/2025\/06\/mines.png\" alt=\"mines\" class=\"wp-image-1083\" style=\"object-fit:cover;width:679px;height:378px\" srcset=\"https:\/\/mostbetoficial.com\/wp-content\/uploads\/2025\/06\/mines.png 1280w, https:\/\/mostbetoficial.com\/wp-content\/uploads\/2025\/06\/mines-300x169.png 300w, https:\/\/mostbetoficial.com\/wp-content\/uploads\/2025\/06\/mines-1024x576.png 1024w, https:\/\/mostbetoficial.com\/wp-content\/uploads\/2025\/06\/mines-768x432.png 768w\" sizes=\"auto, (max-width: 1280px) 100vw, 1280px\" \/><\/a><\/figure>\n<\/div>\n\n\n<p class=\"has-medium-font-size\"><\/p>\n\n\n\n<hr class=\"wp-block-separator has-text-color has-css-opacity has-background\" style=\"background-color:#ff4c00;color:#ff4c00\"\/>\n\n\n\n<h2 class=\"wp-block-heading has-text-align-center has-accent-color has-text-color\" id=\"Como-jugar\" style=\"text-transform:uppercase\">Como voc\u00ea pode jogar Mines?<\/h2>\n\n\n<div id=\"rank-math-howto\" class=\"rank-math-block\">\n<div class=\"rank-math-howto-description\">\n\n<p>Descubra como jogar Mines na Mostbet e domine esse jogo baseado em estrat\u00e9gia e risco.<\/p>\n\n<\/div>\n\n<div class=\"rank-math-steps \">\n<div id=\"howto-step-1651653197364\" class=\"rank-math-step\">\n<h3 class=\"rank-math-step-title \"><strong><strong><strong>Fa\u00e7a login na Mostbet<\/strong><\/strong><\/strong><\/h3>\n<div class=\"rank-math-step-content \"><p><font style=\"vertical-align: inherit\"><font style=\"vertical-align: inherit\">Fa\u00e7a login no site oficial <a class=\"\" href=\"https:\/\/mostbetoficial.com\/pt-br\/\">da Mostbet a<\/a> partir de seu navegador favorito. Voc\u00ea pode se registrar em poucos segundos com redes sociais, e-mail ou n\u00famero de celular. <\/font><\/font><\/p>\n<\/div>\n<\/div>\n<div id=\"howto-step-1651653279969\" class=\"rank-math-step\">\n<h3 class=\"rank-math-step-title \"><strong><strong>Verificar sua conta<\/strong><\/strong><\/h3>\n<div class=\"rank-math-step-content \"><p>Confirme sua identidade inserindo um n\u00famero de telefone, e-mail e m\u00e9todo de pagamento. Isso permitir\u00e1 que voc\u00ea ative todos os recursos do site. <\/p>\n<\/div>\n<\/div>\n<div id=\"howto-step-1651653282895\" class=\"rank-math-step\">\n<h3 class=\"rank-math-step-title \"><strong><strong>Fa\u00e7a seu primeiro dep\u00f3sito<\/strong><\/strong><\/h3>\n<div class=\"rank-math-step-content \"><p>Deposite fundos em sua conta para jogar com dinheiro real. A Mostbet oferece b\u00f4nus especiais para novos usu\u00e1rios. <\/p>\n<\/div>\n<\/div>\n<div id=\"howto-step-1652194535069\" class=\"rank-math-step\">\n<h3 class=\"rank-math-step-title \"><strong><strong>Jogue a vers\u00e3o de demonstra\u00e7\u00e3o (opcional)<\/strong><\/strong><\/h3>\n<div class=\"rank-math-step-content \"><p>Antes de apostar com dinheiro, experimente a vers\u00e3o gratuita para ter uma ideia do jogo e praticar suas estrat\u00e9gias.<\/p>\n<\/div>\n<\/div>\n<div id=\"howto-step-1652194554029\" class=\"rank-math-step\">\n<h3 class=\"rank-math-step-title \"><strong><strong>Pesquise por &#8220;Mines&#8221; no mecanismo de busca<\/strong><\/strong><\/h3>\n<div class=\"rank-math-step-content \"><p>Use a barra de pesquisa para encontrar rapidamente o jogo de Spribe na se\u00e7\u00e3o de jogos de colis\u00e3o.<\/p>\n<\/div>\n<\/div>\n<div id=\"howto-step-1652704908362\" class=\"rank-math-step\">\n<h3 class=\"rank-math-step-title \"><strong>Ajuste sua aposta<\/strong><\/h3>\n<div class=\"rank-math-step-content \"><p>Selecione o valor que voc\u00ea deseja apostar. Voc\u00ea pode come\u00e7ar com valores baixos e adapt\u00e1-los ao seu estilo de jogo. <\/p>\n<\/div>\n<\/div>\n<div id=\"howto-step-1750662336625\" class=\"rank-math-step\">\n<h3 class=\"rank-math-step-title \"><strong>Defina a dificuldade<\/strong><\/h3>\n<div class=\"rank-math-step-content \"><p>Escolha quantas minas voc\u00ea quer esconder na grade (entre 1 e 24). Quanto mais minas voc\u00ea tiver, maiores ser\u00e3o os ganhos poss\u00edveis. <\/p>\n<\/div>\n<\/div>\n<div id=\"howto-step-1750662354217\" class=\"rank-math-step\">\n<h3 class=\"rank-math-step-title \"><strong>Jogar e colecionar<\/strong><\/h3>\n<div class=\"rank-math-step-content \"><p>Clique nos quadrados para revelar as pedras preciosas e evitar as minas. Voc\u00ea pode sacar seus ganhos a qualquer momento clicando em &#8220;Cash Out&#8221;. <\/p>\n<\/div>\n<\/div>\n<div id=\"howto-step-1750707935457\" class=\"rank-math-step\">\n<h3 class=\"rank-math-step-title \"><strong>Retirar seus ganhos<\/strong><\/h3>\n<div class=\"rank-math-step-content \"><p>V\u00e1 at\u00e9 seu perfil e selecione o m\u00e9todo de saque. A Mostbet oferece op\u00e7\u00f5es r\u00e1pidas e seguras em seu pa\u00eds. <\/p>\n<\/div>\n<\/div>\n<\/div>\n<\/div>\n\n\n<div class=\"wp-block-group has-base-2-background-color has-background\"><div class=\"wp-block-group__inner-container is-layout-flow wp-block-group-is-layout-flow\">\n<h2 class=\"wp-block-heading has-text-align-center has-accent-color has-text-color\" id=\"estrategias-y-tacticas\" style=\"text-transform:uppercase\">Estrat\u00e9gias e t\u00e1ticas para jogar Mines<\/h2>\n\n\n\n<p>Embora <strong>as minas<\/strong> sejam um jogo de azar, a aplica\u00e7\u00e3o de determinadas estrat\u00e9gias pode ajudar voc\u00ea a gerenciar os riscos e maximizar seus ganhos. Aqui est\u00e3o algumas t\u00e1ticas eficazes usadas por jogadores novatos e experientes: <\/p>\n\n\n\n<h2 class=\"wp-block-heading has-large-font-size\">Come\u00e7a com poucas minas<\/h2>\n\n\n\n<p>Uma das melhores maneiras de voc\u00ea entender a din\u00e2mica do jogo \u00e9 come\u00e7ar com apenas 1 ou 2 minas no tabuleiro. Isso permitir\u00e1 que voc\u00ea fa\u00e7a mais cliques seguros e gere lucros est\u00e1veis com baixo risco. <\/p>\n\n\n\n<p class=\"has-large-font-size\">Uma estrat\u00e9gia em fases<\/p>\n\n\n\n<p>O jogo permite que voc\u00ea ative os modos de b\u00f4nus diretamente por meio do recurso <strong>Bonus Buy<\/strong>, mas essa op\u00e7\u00e3o tem um custo alto. Use-a somente se a sua banca permitir e se voc\u00ea estiver disposto a aceitar a alta volatilidade desses modos. <\/p>\n\n\n\n<h3 class=\"wp-block-heading has-large-font-size\">Coleta antecipada e consistente<\/h3>\n\n\n\n<p>Em vez de procurar grandes multiplicadores, muitos jogadores preferem clicar uma ou duas vezes e sacar o dinheiro imediatamente. Esse estilo &#8220;seguro&#8221; \u00e9 ideal para longas sess\u00f5es sem perder o controle do or\u00e7amento. <\/p>\n\n\n\n<h3 class=\"wp-block-heading has-large-font-size\">Apostas m\u00faltiplas<\/h3>\n\n\n\n<p>Aproveite o sistema de apostas paralelas em plataformas como a <strong>Mostbet<\/strong>, onde voc\u00ea pode jogar v\u00e1rias sess\u00f5es ao mesmo tempo e aplicar configura\u00e7\u00f5es diferentes (por exemplo, um jogo com 3 minas e outro com 10).<\/p>\n\n\n\n<h3 class=\"wp-block-heading has-large-font-size\">Jogar a vers\u00e3o de demonstra\u00e7\u00e3o<\/h3>\n\n\n\n<p>Antes de investir dinheiro de verdade, treine seus reflexos e sua percep\u00e7\u00e3o de risco na vers\u00e3o gratuita. Isso ajudar\u00e1 voc\u00ea a criar uma estrat\u00e9gia que se adapte ao seu estilo de jogo. <\/p>\n\n\n<div class=\"wp-block-image is-style-rounded\">\n<figure class=\"aligncenter size-full is-resized\"><a href=\"https:\/\/mostbetoficial.com\/go\/most\/\"><img loading=\"lazy\" decoding=\"async\" width=\"1280\" height=\"720\" src=\"https:\/\/mostbetoficial.com\/wp-content\/uploads\/2025\/06\/mines-mostbet.png\" alt=\"minas mostbet\" class=\"wp-image-1097\" style=\"object-fit:cover;width:675px;height:379px\" srcset=\"https:\/\/mostbetoficial.com\/wp-content\/uploads\/2025\/06\/mines-mostbet.png 1280w, https:\/\/mostbetoficial.com\/wp-content\/uploads\/2025\/06\/mines-mostbet-300x169.png 300w, https:\/\/mostbetoficial.com\/wp-content\/uploads\/2025\/06\/mines-mostbet-1024x576.png 1024w, https:\/\/mostbetoficial.com\/wp-content\/uploads\/2025\/06\/mines-mostbet-768x432.png 768w\" sizes=\"auto, (max-width: 1280px) 100vw, 1280px\" \/><\/a><\/figure>\n<\/div><\/div><\/div>\n\n\n\n<h2 class=\"wp-block-heading has-text-align-center has-accent-color has-text-color has-link-color has-large-font-size wp-elements-eda5148faec5db4ed001dab15cc69fc5\" id=\"disponible-en-movil\" style=\"text-transform:uppercase\">DISPON\u00cdVEL NO CELULAR<\/h2>\n\n\n\n<p><strong>O Mines<\/strong> \u00e9 totalmente otimizado para dispositivos m\u00f3veis. Voc\u00ea pode aproveitar o jogo em qualquer lugar em seu smartphone ou tablet, seja Android ou iOS, sem comprometer a qualidade visual ou a suavidade do jogo. <\/p>\n\n\n\n<p>Tanto a vers\u00e3o de demonstra\u00e7\u00e3o quanto o modo de dinheiro real est\u00e3o dispon\u00edveis no celular por meio do site oficial da Mostbet, sem a necessidade de baixar um aplicativo externo.<\/p>\n\n\n\n<hr class=\"wp-block-separator has-alpha-channel-opacity\"\/>\n\n\n\n<h2 class=\"wp-block-heading has-text-align-center has-accent-color has-text-color has-link-color wp-elements-1859eee960e6efcb22fea114aea0bd9c\" id=\"opinion-del-editor\" style=\"text-transform:uppercase\">OPINI\u00c3O DO EDITOR<\/h2>\n\n\n\n<p>Em nossa opini\u00e3o, <strong>o Mines<\/strong> \u00e9 um dos ca\u00e7a-n\u00edqueis mais originais do mercado. Sua mec\u00e2nica baseada no cl\u00e1ssico jogo de ca\u00e7a-minas proporciona uma experi\u00eancia diferente dos ca\u00e7a-n\u00edqueis tradicionais, ideal para aqueles que preferem jogos com controle t\u00e1tico e tens\u00e3o constante. <\/p>\n\n\n\n<p>O design simples, por\u00e9m eficaz, aliado ao alto RTP e ao n\u00edvel de personaliza\u00e7\u00e3o do n\u00famero de minas, torna o jogo perfeito tanto para iniciantes quanto para jogadores experientes.<\/p>\n\n\n\n<p>Uma excelente op\u00e7\u00e3o para voc\u00ea que procura algo diferente no cat\u00e1logo de ca\u00e7a-n\u00edqueis da Mostbet.<\/p>\n\n\n\n<hr class=\"wp-block-separator has-alpha-channel-opacity\"\/>\n\n\n\n<h2 class=\"wp-block-heading has-text-align-center has-accent-color has-text-color\" id=\"bonos-para-la-tragaperras\" style=\"text-transform:uppercase\">B\u00d4NUS DE SLOT<\/h2>\n\n\n\n<p>Embora <strong>o Mines<\/strong> n\u00e3o tenha b\u00f4nus no jogo, na <strong>Mostbet<\/strong> voc\u00ea pode aproveitar v\u00e1rias promo\u00e7\u00f5es que se aplicam a esse slot:<\/p>\n\n\n\n<figure class=\"wp-block-table\"><table><tbody><tr><td>\u26a1\ufe0f <strong>B\u00f4nus de boas-vindas<\/strong><\/td><td>Receba at\u00e9 125% a mais em seu primeiro dep\u00f3sito e jogue no Mines desde o in\u00edcio com um saldo maior.<\/td><\/tr><tr><td>\u26a1\ufe0f <strong>Cassino Cashback<\/strong><\/td><td>Recupere uma porcentagem de suas perdas semanais e continue apostando com mais confian\u00e7a.<\/td><\/tr><tr><td>\u26a1\ufe0f <strong>Giros gr\u00e1tis em outros jogos<\/strong><\/td><td>Embora o Mines n\u00e3o ofere\u00e7a giros, voc\u00ea pode combinar seus b\u00f4nus com outros ca\u00e7a-n\u00edqueis do cat\u00e1logo da Mostbet.<\/td><\/tr><tr><td>\u26a1\ufe0f <strong>B\u00f4nus de fidelidade<\/strong><\/td><td>Quanto mais voc\u00ea jogar, mais recompensas receber\u00e1. Use-os tamb\u00e9m em t\u00edtulos como Mines. <\/td><\/tr><\/tbody><\/table><\/figure>\n\n\n\n<p>Al\u00e9m disso, voc\u00ea pode experimentar <strong>o Mines no modo de demonstra\u00e7\u00e3o<\/strong> sem registro, o que lhe permite explorar a din\u00e2mica do jogo antes de apostar com dinheiro real.<\/p>\n\n\n\n<hr class=\"wp-block-separator has-alpha-channel-opacity\"\/>\n\n\n\n<h2 class=\"wp-block-heading has-text-align-center has-accent-color has-text-color\" id=\"Preguntas-Frecuentes\" style=\"text-transform:uppercase\">Perguntas frequentes<\/h2>\n<\/div><\/div>\n\n\n<div id=\"rank-math-faq\" class=\"rank-math-block\">\n<div class=\"rank-math-list \">\n<div id=\"faq-question-1653388484245\" class=\"rank-math-list-item\">\n<h3 class=\"rank-math-question \"><strong><strong>Como voc\u00ea pode jogar Mines com dinheiro real?<\/strong><\/strong><\/h3>\n<div class=\"rank-math-answer \">\n\n<p>Para jogar com dinheiro real na Mostbet, primeiro <a href=\"https:\/\/mostbetoficial.com\/casino\/mines\/#bonos-para-la-tragaperras\">v\u00e1 para a se\u00e7\u00e3o de instru\u00e7\u00f5es<\/a>, onde explicamos passo a passo como voc\u00ea pode come\u00e7ar: desde o registro at\u00e9 a escolha das minas e o gerenciamento das apostas.<\/p>\n\n<\/div>\n<\/div>\n<div id=\"faq-question-1653388497872\" class=\"rank-math-list-item\">\n<h3 class=\"rank-math-question \"><strong><strong>Posso jogar Mines no meu celular?<\/strong><\/strong><\/h3>\n<div class=\"rank-math-answer \">\n\n<p>Obviamente, o Mines \u00e9 perfeitamente adaptado para dispositivos m\u00f3veis. Voc\u00ea pode encontrar mais detalhes em nossa se\u00e7\u00e3o <a href=\"https:\/\/mostbetoficial.com\/casino\/mines\/#disponible-en-movil\"><strong>DISPON\u00cdVEL PARA CELULAR<\/strong><\/a>. <\/p>\n\n<\/div>\n<\/div>\n<div id=\"faq-question-1653388510942\" class=\"rank-math-list-item\">\n<h3 class=\"rank-math-question \"><strong><strong>Quais s\u00e3o as melhores estrat\u00e9gias para voc\u00ea vencer em Minas?<\/strong><\/strong><\/h3>\n<div class=\"rank-math-answer \">\n\n<p>Compilamos as pr\u00e1ticas recomendadas em nossa se\u00e7\u00e3o sobre <a href=\"https:\/\/mostbetoficial.com\/casino\/mines\/#estrategias-y-tacticas\"><strong>Estrat\u00e9gias e t\u00e1ticas<\/strong><\/a>incluindo dicas sobre quantas minas voc\u00ea deve escolher, quando desistir e como gerenciar seu bankroll.<\/p>\n\n<\/div>\n<\/div>\n<div id=\"faq-question-1653388532178\" class=\"rank-math-list-item\">\n<h3 class=\"rank-math-question \"><strong>Existe uma vers\u00e3o de demonstra\u00e7\u00e3o do Mines?<\/strong><\/h3>\n<div class=\"rank-math-answer \">\n\n<p>Sim, existe uma vers\u00e3o gratuita. Se voc\u00ea quiser saber mais sobre seus recursos e condi\u00e7\u00f5es, consulte a se\u00e7\u00e3o <a href=\"https:\/\/mostbetoficial.com\/casino\/mines\/#general\"><strong>Informa\u00e7\u00f5es gerais<\/strong><\/a>. <\/p>\n\n<\/div>\n<\/div>\n<div id=\"faq-question-1653388551306\" class=\"rank-math-list-item\">\n<h3 class=\"rank-math-question \"><strong>O que torna o Mines diferente de outros jogos de cassino?<\/strong><\/h3>\n<div class=\"rank-math-answer \">\n\n<p>O Mines tem uma mec\u00e2nica \u00fanica e envolvente. Nossa <a href=\"https:\/\/mostbetoficial.com\/casino\/mines\/#opinion-del-editor\"><strong>opini\u00e3o do editor<\/strong><\/a> resume por que esse jogo \u00e9 especial e por que vale a pena experiment\u00e1-lo. <\/p>\n\n<\/div>\n<\/div>\n<\/div>\n<\/div>\n\n\n<p><\/p>\n","protected":false},"excerpt":{"rendered":"<p>Mines &#8211; ca\u00e7a-n\u00edqueis popular na Col\u00f4mbia O Mines \u00e9 um dos ca\u00e7a-n\u00edqueis mais populares do Spribe, que conquistou uma grande base de jogadores na Col\u00f4mbia. Com uma mec\u00e2nica simples, mas viciante, inspirada nos jogos cl\u00e1ssicos de campo minado, esse ca\u00e7a-n\u00edqueis combina emo\u00e7\u00e3o, estrat\u00e9gia e o potencial de grandes ganhos. Seu formato interativo o tornou um &#8230; <a title=\"Mines\" class=\"read-more\" href=\"https:\/\/mostbetoficial.com\/pt-br\/casino\/mines\/\" aria-label=\"Read more about Mines\">\u0427\u0438\u0442\u0430\u0442\u044c \u0434\u0430\u043b\u0435\u0435<\/a><\/p>\n","protected":false},"author":1,"featured_media":0,"parent":1367,"menu_order":0,"comment_status":"closed","ping_status":"closed","template":"","meta":{"inline_featured_image":false,"_uag_custom_page_level_css":"","footnotes":""},"class_list":["post-1372","page","type-page","status-publish"],"uagb_featured_image_src":{"full":false,"thumbnail":false,"medium":false,"medium_large":false,"large":false,"1536x1536":false,"2048x2048":false},"uagb_author_info":{"display_name":"developer","author_link":"https:\/\/mostbetoficial.com\/pt-br\/author\/developer\/"},"uagb_comment_info":0,"uagb_excerpt":"Mines &#8211; ca\u00e7a-n\u00edqueis popular na Col\u00f4mbia O Mines \u00e9 um dos ca\u00e7a-n\u00edqueis mais populares do Spribe, que conquistou uma grande base de jogadores na Col\u00f4mbia. Com uma mec\u00e2nica simples, mas viciante, inspirada nos jogos cl\u00e1ssicos de campo minado, esse ca\u00e7a-n\u00edqueis combina emo\u00e7\u00e3o, estrat\u00e9gia e o potencial de grandes ganhos. Seu formato interativo o tornou um&hellip;","_links":{"self":[{"href":"https:\/\/mostbetoficial.com\/pt-br\/wp-json\/wp\/v2\/pages\/1372","targetHints":{"allow":["GET"]}}],"collection":[{"href":"https:\/\/mostbetoficial.com\/pt-br\/wp-json\/wp\/v2\/pages"}],"about":[{"href":"https:\/\/mostbetoficial.com\/pt-br\/wp-json\/wp\/v2\/types\/page"}],"author":[{"embeddable":true,"href":"https:\/\/mostbetoficial.com\/pt-br\/wp-json\/wp\/v2\/users\/1"}],"replies":[{"embeddable":true,"href":"https:\/\/mostbetoficial.com\/pt-br\/wp-json\/wp\/v2\/comments?post=1372"}],"version-history":[{"count":24,"href":"https:\/\/mostbetoficial.com\/pt-br\/wp-json\/wp\/v2\/pages\/1372\/revisions"}],"predecessor-version":[{"id":1986,"href":"https:\/\/mostbetoficial.com\/pt-br\/wp-json\/wp\/v2\/pages\/1372\/revisions\/1986"}],"up":[{"embeddable":true,"href":"https:\/\/mostbetoficial.com\/pt-br\/wp-json\/wp\/v2\/pages\/1367"}],"wp:attachment":[{"href":"https:\/\/mostbetoficial.com\/pt-br\/wp-json\/wp\/v2\/media?parent=1372"}],"curies":[{"name":"wp","href":"https:\/\/api.w.org\/{rel}","templated":true}]}}