{"id":1370,"date":"2022-05-11T18:25:56","date_gmt":"2022-05-11T15:25:56","guid":{"rendered":"https:\/\/mostbetoficial.com\/jogo-responsavel\/"},"modified":"2025-08-14T02:08:02","modified_gmt":"2025-08-13T23:08:02","slug":"jogo-responsavel","status":"publish","type":"page","link":"https:\/\/mostbetoficial.com\/pt-br\/jogo-responsavel\/","title":{"rendered":"JOGO RESPONS\u00c1VEL"},"content":{"rendered":"\n<div class=\"wp-block-group after-head\"><div class=\"wp-block-group__inner-container is-layout-flow wp-block-group-is-layout-flow\">\n<h1 class=\"has-accent-color has-text-color wp-block-heading\">JOGO RESPONS\u00c1VEL &#8211; MOSTBET<\/h1>\n\n\n\n<p class=\"has-base-3-color has-text-color\"><\/p>\n<\/div><\/div>\n\n<div class=\"wp-block-cover alignfull is-light\"><span aria-hidden=\"true\" class=\"has-white-background-color has-background-dim-100 wp-block-cover__gradient-background has-background-dim\"><\/span><div class=\"wp-block-cover__inner-container is-layout-flow wp-block-cover-is-layout-flow\">\n<div class=\"wp-block-columns is-layout-flex wp-container-core-columns-is-layout-9d6595d7 wp-block-columns-is-layout-flex\">\n<div class=\"wp-block-column is-layout-flow wp-block-column-is-layout-flow\"><\/div>\n\n\n\n<div class=\"wp-block-column is-layout-flow wp-block-column-is-layout-flow\"><\/div>\n<\/div>\n\n\n\n<hr class=\"wp-block-separator has-text-color has-background\" style=\"background-color:#ff4c00;color:#ff4c00\"\/>\n\n\n\n<div class=\"wp-block-group has-base-2-background-color has-background\"><div class=\"wp-block-group__inner-container is-layout-flow wp-block-group-is-layout-flow\">\n<p>1. hist\u00f3rico de apostas Voc\u00ea pode visualizar o hist\u00f3rico completo de apostas, retiradas e contribui\u00e7\u00f5es anteriores, bem como o saldo atual, nas se\u00e7\u00f5es &#8220;Hist\u00f3rico de apostas&#8221; da conta pessoal. H\u00e1 v\u00e1rios filtros que permitem que voc\u00ea pesquise informa\u00e7\u00f5es mais espec\u00edficas. Aqui voc\u00ea pode ver exatamente o que, quando e quanto apostou, quanto ganhou ou quanto perdeu.  <\/p>\n\n\n\n<p>2. Autocontrole Entendemos que o jogo compulsivo tem um efeito prejudicial n\u00e3o apenas para os pr\u00f3prios jogadores, mas tamb\u00e9m para os membros de suas fam\u00edlias. \u00c9 muito dif\u00edcil lidar com essas situa\u00e7\u00f5es. O principal \u00e9 dar apoio e oferecer aos jogadores op\u00e7\u00f5es adicionais de assist\u00eancia quando eles estiverem prontos para aceit\u00e1-las. Consulte a se\u00e7\u00e3o &#8220;pedir ajuda&#8221; para obter uma lista das principais organiza\u00e7\u00f5es que ajudam diretamente os jogadores compulsivos. Para todas as pessoas pr\u00f3ximas a viciados em jogos de azar que gostariam de ajud\u00e1-los, recomendamos que voc\u00ea visite o site da organiza\u00e7\u00e3o Gam-Anon, especializada em fornecer assist\u00eancia e apoio nessas situa\u00e7\u00f5es: www.gamanon.org.uk    <\/p>\n\n\n\n<p>H\u00e1 perguntas de autoavalia\u00e7\u00e3o abaixo. Voc\u00ea pode us\u00e1-las para avaliar se gasta muito tempo e dinheiro com o jogo. <\/p>\n\n\n\n<ul class=\"wp-block-list\"><li>Voc\u00ea j\u00e1 foi criticado por jogar?<\/li><li>Voc\u00ea j\u00e1 mentiu para esconder a quantidade de dinheiro ou tempo que gastou em jogos de azar?<\/li><li>Voc\u00ea sente vontade de jogar v\u00e1rias brigas, frustra\u00e7\u00f5es ou decep\u00e7\u00f5es?<\/li><li>Voc\u00ea toca por muito tempo sozinho?<\/li><li>Voc\u00ea falta ao trabalho por causa do jogo?<\/li><li>Voc\u00ea joga para se distrair de uma vida entediante ou para evitar um estado de depress\u00e3o?<\/li><li>Voc\u00ea reluta em gastar &#8220;dinheiro fict\u00edcio&#8221; em outras despesas?<\/li><li>Voc\u00ea perdeu o interesse em sua fam\u00edlia, amigos ou hobbies por causa do jogo?<\/li><li>Depois de perder, voc\u00ea sente o desejo de se recuperar o mais r\u00e1pido poss\u00edvel?<\/li><li>Quando voc\u00ea joga e fica sem dinheiro, voc\u00ea sente tristeza, desespero e a necessidade de jogar novamente? &#8211; Voc\u00ea joga at\u00e9 perder os \u00faltimos amendoins? <\/li><li>Voc\u00ea j\u00e1 trapaceou, roubou ou pediu dinheiro emprestado para jogar ou pagar d\u00edvidas de jogo?<\/li><li>Voc\u00ea est\u00e1 deprimido ou inquieto devido ao seu v\u00edcio em jogos de azar? Se voc\u00ea respondeu &#8220;sim&#8221; a pelo menos duas das perguntas acima, recomendamos que entre em contato com uma das organiza\u00e7\u00f5es listadas na se\u00e7\u00e3o a seguir &#8220;Como pedir ajuda&#8221; para discutir sua situa\u00e7\u00e3o. Todas essas organiza\u00e7\u00f5es garantem sigilo absoluto. Use as cinco dicas a seguir para jogar com mais responsabilidade: &#8211; Jogue somente se voc\u00ea achar a atividade agrad\u00e1vel.   <\/li><li>Considere o dinheiro que voc\u00ea perde como uma taxa de entretenimento e aceite a perda como parte integrante do jogo.<\/li><li>Voc\u00ea n\u00e3o deve jogar apenas para ganhar.<\/li><li>Estabele\u00e7a limites para os custos e\/ou o tempo alocado para o jogo e respeite essas restri\u00e7\u00f5es. &#8211; N\u00e3o pe\u00e7a dinheiro emprestado para jogar. <\/li><\/ul>\n\n\n\n<p><strong>3. Pedir ajuda<\/strong><\/p>\n\n\n\n<p>Se voc\u00ea precisar de ajuda e apoio em rela\u00e7\u00e3o ao jogo, h\u00e1 v\u00e1rias organiza\u00e7\u00f5es que oferecem orienta\u00e7\u00e3o e ajuda. Gamcare A GamCare \u00e9 a ag\u00eancia l\u00edder oficial que fornece assist\u00eancia, orienta\u00e7\u00e3o e aconselhamento a pessoas com depend\u00eancia de jogos de azar. <\/p>\n\n\n\n<p>Ligue para +44 808 8020 133 ou visite o site www.gamcare.org.uk. <\/p>\n\n\n\n<p><strong>Terapia l\u00fadica<\/strong><\/p>\n\n\n\n<p>A Gambling Therapy oferece suporte telef\u00f4nico e um f\u00f3rum para jogadores viciados de todo o mundo para discutir quaisquer problemas que possam ter. www.gamblingtherapy.org <\/p>\n\n\n\n<p><strong>Jogadores an\u00f4nimos<\/strong><\/p>\n\n\n\n<p><strong>Jogadores An\u00f4nimos<\/strong> \u00e9 uma associa\u00e7\u00e3o multi\u00e9tnica de mulheres e homens que se uniram para combater seu pr\u00f3prio v\u00edcio de alguma forma e ajudar outros jogadores viciados.<\/p>\n\n\n\n<p>www.gamblersanonymous.org.uk<\/p>\n\n\n\n<p>Esteja ciente dos riscos<\/p>\n\n\n\n<p><strong>O BeGambleAware\u00ae<\/strong> \u00e9 administrado e financiado por uma institui\u00e7\u00e3o beneficente independente, a Responsible Gambling Trust, que opera sob o nome GambleAware.<\/p>\n\n\n\n<p>www.begambleaware.org<\/p>\n\n\n\n<p><strong>GamBlock<\/strong><\/p>\n\n\n\n<p>A organiza\u00e7\u00e3o GamBlock presta servi\u00e7os a viciados em jogos de azar, bloqueando o acesso a sites de jogos.<\/p>\n\n\n\n<p>www.gamblock.com<\/p>\n<\/div><\/div>\n\n\n\n<hr class=\"wp-block-separator has-text-color has-background\" style=\"background-color:#ff4c00;color:#ff4c00\"\/>\n\n\n\n<p><\/p>\n<\/div><\/div>\n","protected":false},"excerpt":{"rendered":"<p>JOGO RESPONS\u00c1VEL &#8211; MOSTBET<\/p>\n","protected":false},"author":1,"featured_media":0,"parent":0,"menu_order":0,"comment_status":"closed","ping_status":"closed","template":"","meta":{"inline_featured_image":false,"_uag_custom_page_level_css":"","footnotes":""},"class_list":["post-1370","page","type-page","status-publish"],"uagb_featured_image_src":{"full":false,"thumbnail":false,"medium":false,"medium_large":false,"large":false,"1536x1536":false,"2048x2048":false},"uagb_author_info":{"display_name":"developer","author_link":"https:\/\/mostbetoficial.com\/pt-br\/author\/developer\/"},"uagb_comment_info":0,"uagb_excerpt":"JOGO RESPONS\u00c1VEL &#8211; MOSTBET","_links":{"self":[{"href":"https:\/\/mostbetoficial.com\/pt-br\/wp-json\/wp\/v2\/pages\/1370","targetHints":{"allow":["GET"]}}],"collection":[{"href":"https:\/\/mostbetoficial.com\/pt-br\/wp-json\/wp\/v2\/pages"}],"about":[{"href":"https:\/\/mostbetoficial.com\/pt-br\/wp-json\/wp\/v2\/types\/page"}],"author":[{"embeddable":true,"href":"https:\/\/mostbetoficial.com\/pt-br\/wp-json\/wp\/v2\/users\/1"}],"replies":[{"embeddable":true,"href":"https:\/\/mostbetoficial.com\/pt-br\/wp-json\/wp\/v2\/comments?post=1370"}],"version-history":[{"count":3,"href":"https:\/\/mostbetoficial.com\/pt-br\/wp-json\/wp\/v2\/pages\/1370\/revisions"}],"predecessor-version":[{"id":2048,"href":"https:\/\/mostbetoficial.com\/pt-br\/wp-json\/wp\/v2\/pages\/1370\/revisions\/2048"}],"wp:attachment":[{"href":"https:\/\/mostbetoficial.com\/pt-br\/wp-json\/wp\/v2\/media?parent=1370"}],"curies":[{"name":"wp","href":"https:\/\/api.w.org\/{rel}","templated":true}]}}