{"id":1349,"date":"2025-06-26T15:28:20","date_gmt":"2025-06-26T12:28:20","guid":{"rendered":"https:\/\/mostbetoficial.com\/blog-2\/"},"modified":"2025-10-01T21:14:06","modified_gmt":"2025-10-01T18:14:06","slug":"blog","status":"publish","type":"page","link":"https:\/\/mostbetoficial.com\/pt-br\/blog\/","title":{"rendered":"Blog"},"content":{"rendered":"\n<div class=\"wp-block-group after-head\"><div class=\"wp-block-group__inner-container is-layout-flow wp-block-group-is-layout-flow\">\n<h1 class=\"wp-block-heading has-accent-color has-text-color\">Not\u00edcias, dicas e guias sobre ca\u00e7a-n\u00edqueis e apostas esportivas<\/h1>\n\n\n\n<p class=\"has-base-3-color has-text-color\">Descubra as \u00faltimas tend\u00eancias, estrat\u00e9gias e not\u00edcias do mundo dos ca\u00e7a-n\u00edqueis, cassinos e jogos de azar on-line. Aqui reunimos artigos informativos que ajudar\u00e3o voc\u00ea a entender melhor os diferentes tipos de jogos, termos-chave como RTP ou volatilidade e a tomar decis\u00f5es mais informadas ao jogar ou apostar.<\/p>\n<\/div><\/div>\n\n\n\n<div class=\"wp-block-cover\"><span aria-hidden=\"true\" class=\"wp-block-cover__background has-base-3-background-color has-background-dim-100 has-background-dim\"><\/span><div class=\"wp-block-cover__inner-container is-layout-constrained wp-block-cover-is-layout-constrained\">\n<p class=\"has-text-align-center has-large-font-size\"><\/p>\n\n\n\n<div class=\"wp-block-group\"><div class=\"wp-block-group__inner-container is-layout-constrained wp-block-group-is-layout-constrained\">\n<div class=\"wp-block-uagb-container uagb-block-032867ed alignfull uagb-is-root-container\"><div class=\"uagb-container-inner-blocks-wrap\">\n<div class=\"wp-block-media-text is-stacked-on-mobile\" style=\"grid-template-columns:29% auto\"><figure class=\"wp-block-media-text__media\"><img loading=\"lazy\" decoding=\"async\" width=\"1280\" height=\"720\" src=\"https:\/\/mostbetoficial.com\/wp-content\/uploads\/2025\/06\/Volatilidad-tragamonedas-1.png\" alt=\"Volatilidade dos ca\u00e7a-n\u00edqueis\" class=\"wp-image-1191 size-full\" srcset=\"https:\/\/mostbetoficial.com\/wp-content\/uploads\/2025\/06\/Volatilidad-tragamonedas-1.png 1280w, https:\/\/mostbetoficial.com\/wp-content\/uploads\/2025\/06\/Volatilidad-tragamonedas-1-300x169.png 300w\" sizes=\"auto, (max-width: 1280px) 100vw, 1280px\" \/><\/figure><div class=\"wp-block-media-text__content\">\n<h2 class=\"wp-block-heading has-accent-color has-text-color has-link-color has-medium-font-size wp-elements-bbe96cd39d7ccc7c73125fa0e37eba2a\">O que \u00e9 volatilidade em ca\u00e7a-n\u00edqueis?<\/h2>\n\n\n\n<p class=\"has-contrast-color has-text-color has-link-color wp-elements-28f29a38ab0b9ed65750fea1ba3a93bb\">Descubra o que significa a volatilidade das m\u00e1quinas ca\u00e7a-n\u00edqueis e como ela influencia sua experi\u00eancia de jogo. Voc\u00ea aprender\u00e1 a diferenciar entre volatilidade alta, m\u00e9dia e baixa para escolher a jogada perfeita.<\/p>\n\n\n\n<div class=\"wp-block-buttons is-layout-flex wp-block-buttons-is-layout-flex\">\n<div class=\"wp-block-button\"><a class=\"wp-block-button__link wp-element-button\" href=\"https:\/\/mostbetoficial.com\/pt-br\/blog\/volatilidade\/\">Veja o guia completo<\/a><\/div>\n<\/div>\n<\/div><\/div>\n\n\n\n<div class=\"wp-block-media-text is-stacked-on-mobile\" style=\"grid-template-columns:29% auto\"><figure class=\"wp-block-media-text__media\"><img loading=\"lazy\" decoding=\"async\" width=\"1024\" height=\"683\" src=\"https:\/\/mostbetoficial.com\/wp-content\/uploads\/2025\/07\/Rtp-tragamonedas-1024x683.png\" alt=\"Slots Rtp\" class=\"wp-image-1469 size-full\" srcset=\"https:\/\/mostbetoficial.com\/wp-content\/uploads\/2025\/07\/Rtp-tragamonedas-1024x683.png 1024w, https:\/\/mostbetoficial.com\/wp-content\/uploads\/2025\/07\/Rtp-tragamonedas-300x200.png 300w, https:\/\/mostbetoficial.com\/wp-content\/uploads\/2025\/07\/Rtp-tragamonedas-768x512.png 768w, https:\/\/mostbetoficial.com\/wp-content\/uploads\/2025\/07\/Rtp-tragamonedas.png 1536w\" sizes=\"auto, (max-width: 1024px) 100vw, 1024px\" \/><\/figure><div class=\"wp-block-media-text__content\">\n<h2 class=\"wp-block-heading has-accent-color has-text-color has-link-color has-medium-font-size wp-elements-f3ebdfb036b6ae7cf14d654d325a0e4d\">O que \u00e9 RTP em ca\u00e7a-n\u00edqueis?<\/h2>\n\n\n\n<p class=\"has-contrast-color has-text-color has-link-color wp-elements-c9e8bebbecd6fddc789fe393feda86a8\">Descubra o que significa RTP, como ele influencia seus resultados e quais slots de RTP alto voc\u00ea pode jogar na Mostbet.<\/p>\n\n\n\n<p><\/p>\n\n\n\n<div class=\"wp-block-buttons is-layout-flex wp-block-buttons-is-layout-flex\">\n<div class=\"wp-block-button\"><a class=\"wp-block-button__link wp-element-button\" href=\"https:\/\/mostbetoficial.com\/pt-br\/blog\/rtp-slots\/\">Veja o guia completo<\/a><\/div>\n<\/div>\n<\/div><\/div>\n\n\n\n<div class=\"wp-block-media-text is-stacked-on-mobile\" style=\"grid-template-columns:29% auto\"><figure class=\"wp-block-media-text__media\"><img loading=\"lazy\" decoding=\"async\" width=\"1536\" height=\"1024\" src=\"https:\/\/mostbetoficial.com\/wp-content\/uploads\/2025\/07\/estrategias-tragamonedas.png\" alt=\"estrat\u00e9gias-slots\" class=\"wp-image-1678 size-full\" srcset=\"https:\/\/mostbetoficial.com\/wp-content\/uploads\/2025\/07\/estrategias-tragamonedas.png 1536w, https:\/\/mostbetoficial.com\/wp-content\/uploads\/2025\/07\/estrategias-tragamonedas-300x200.png 300w\" sizes=\"auto, (max-width: 1536px) 100vw, 1536px\" \/><\/figure><div class=\"wp-block-media-text__content\">\n<h2 class=\"wp-block-heading has-accent-color has-text-color has-link-color has-medium-font-size wp-elements-6dc5468458c1e7273f623cf9796374e2\">Qual \u00e9 a melhor estrat\u00e9gia para voc\u00ea ganhar nos ca\u00e7a-n\u00edqueis?<\/h2>\n\n\n\n<p class=\"has-contrast-color has-text-color has-link-color wp-elements-2b3333d202b3a409c96624e60cecc77e\">Aprenda as estrat\u00e9gias mais eficazes para jogar ca\u00e7a-n\u00edqueis. Descubra dicas pr\u00e1ticas, erros a serem evitados e como aumentar suas chances de ganhar. <\/p>\n\n\n\n<div class=\"wp-block-buttons is-layout-flex wp-block-buttons-is-layout-flex\">\n<div class=\"wp-block-button\"><a class=\"wp-block-button__link wp-element-button\" href=\"https:\/\/mostbetoficial.com\/pt-br\/blog\/estrategias-slots\/\">Veja o guia completo<\/a><\/div>\n<\/div>\n<\/div><\/div>\n\n\n\n<div class=\"wp-block-media-text is-stacked-on-mobile\" style=\"grid-template-columns:29% auto\"><figure class=\"wp-block-media-text__media\"><img loading=\"lazy\" decoding=\"async\" width=\"1024\" height=\"683\" src=\"https:\/\/mostbetoficial.com\/wp-content\/uploads\/2025\/08\/simbolos-especiales-tragamonedas-1024x683.png\" alt=\"slots de s\u00edmbolos especiais\" class=\"wp-image-2013 size-full\" srcset=\"https:\/\/mostbetoficial.com\/wp-content\/uploads\/2025\/08\/simbolos-especiales-tragamonedas-1024x683.png 1024w, https:\/\/mostbetoficial.com\/wp-content\/uploads\/2025\/08\/simbolos-especiales-tragamonedas-300x200.png 300w, https:\/\/mostbetoficial.com\/wp-content\/uploads\/2025\/08\/simbolos-especiales-tragamonedas-768x512.png 768w, https:\/\/mostbetoficial.com\/wp-content\/uploads\/2025\/08\/simbolos-especiales-tragamonedas-150x100.png 150w, https:\/\/mostbetoficial.com\/wp-content\/uploads\/2025\/08\/simbolos-especiales-tragamonedas.png 1536w\" sizes=\"auto, (max-width: 1024px) 100vw, 1024px\" \/><\/figure><div class=\"wp-block-media-text__content\">\n<h2 class=\"wp-block-heading has-accent-color has-text-color has-link-color has-medium-font-size wp-elements-31e828d7fc0a0f42b233b5aba4aa2425\">S\u00edmbolos especiales en tragamonedas que no debes ignorar \ud83c\udfb0<\/h2>\n\n\n\n<p class=\"has-contrast-color has-text-color has-link-color wp-elements-c4f17769f12f63cfcef8117385f211c9\">Conoce los s\u00edmbolos que pueden cambiar el rumbo de tu partida: wilds, scatters, giros gratis y m\u00e1s. Descubre c\u00f3mo aprovecharlos al m\u00e1ximo para vivir una experiencia m\u00e1s emocionante y llena de oportunidades en cada giro. <\/p>\n\n\n\n<div class=\"wp-block-buttons is-layout-flex wp-block-buttons-is-layout-flex\">\n<div class=\"wp-block-button\"><a class=\"wp-block-button__link wp-element-button\" href=\"https:\/\/mostbetoficial.com\/pt-br\/blog\/slots-de-simbolos-especiais\/\">Veja o guia completo<\/a><\/div>\n<\/div>\n<\/div><\/div>\n\n\n\n<div class=\"wp-block-media-text is-stacked-on-mobile\" style=\"grid-template-columns:29% auto\"><figure class=\"wp-block-media-text__media\"><img loading=\"lazy\" decoding=\"async\" width=\"931\" height=\"611\" src=\"https:\/\/mostbetoficial.com\/wp-content\/uploads\/2025\/10\/Proveedores-de-Tragaperras-blog.png\" alt=\"Blog Fornecedores de Ca\u00e7a-N\u00edqueis\" class=\"wp-image-2064 size-full\" srcset=\"https:\/\/mostbetoficial.com\/wp-content\/uploads\/2025\/10\/Proveedores-de-Tragaperras-blog.png 931w, https:\/\/mostbetoficial.com\/wp-content\/uploads\/2025\/10\/Proveedores-de-Tragaperras-blog-300x197.png 300w, https:\/\/mostbetoficial.com\/wp-content\/uploads\/2025\/10\/Proveedores-de-Tragaperras-blog-768x504.png 768w, https:\/\/mostbetoficial.com\/wp-content\/uploads\/2025\/10\/Proveedores-de-Tragaperras-blog-150x98.png 150w\" sizes=\"auto, (max-width: 931px) 100vw, 931px\" \/><\/figure><div class=\"wp-block-media-text__content\">\n<p><\/p>\n\n\n\n<h2 class=\"wp-block-heading has-accent-color has-text-color has-link-color has-medium-font-size wp-elements-0316f7b7da5dc314c437d546580ef513\">Fornecedores de Ca\u00e7a-N\u00edqueis<\/h2>\n\n\n\n<p class=\"has-contrast-color has-text-color has-link-color wp-elements-a8673ca1b6ddae473c73de806c12cec6\">Descubra as mec\u00e2nicas-chave que controlam o seu jogo: Megaways (BTG), xWays (Nolimit City) e Cluster Pays (NetEnt). Conhe\u00e7a o criador e escolha a slot perfeita. <\/p>\n\n\n\n<div class=\"wp-block-buttons is-layout-flex wp-block-buttons-is-layout-flex\">\n<div class=\"wp-block-button\"><a class=\"wp-block-button__link wp-element-button\" href=\"https:\/\/mostbetoficial.com\/pt-br\/blog\/proveedores-de-tragaperras\/\">Veja o guia completo<\/a><\/div>\n<\/div>\n<\/div><\/div>\n<\/div><\/div>\n<\/div><\/div>\n\n\n\n<p class=\"has-text-align-center has-large-font-size\"><\/p>\n<\/div><\/div>\n\n\n\n<div class=\"wp-block-cover\"><span aria-hidden=\"true\" class=\"wp-block-cover__background has-base-3-background-color has-background-dim-100 has-background-dim\"><\/span><div class=\"wp-block-cover__inner-container is-layout-constrained wp-block-cover-is-layout-constrained\">\n<p class=\"has-contrast-color has-text-color has-link-color has-large-font-size wp-elements-60d85869eb69e5f8e37835b38101e0af\">Voc\u00ea tem perguntas ou ideias? Deixe-nos saber nos coment\u00e1rios quais t\u00f3picos voc\u00ea gostaria de ver no blog!<\/p>\n<\/div><\/div>\n","protected":false},"excerpt":{"rendered":"<p>Not\u00edcias, dicas e guias sobre ca\u00e7a-n\u00edqueis e apostas esportivas Descubra as \u00faltimas tend\u00eancias, estrat\u00e9gias e not\u00edcias do mundo dos ca\u00e7a-n\u00edqueis, cassinos e jogos de azar on-line. Aqui reunimos artigos informativos que ajudar\u00e3o voc\u00ea a entender melhor os diferentes tipos de jogos, termos-chave como RTP ou volatilidade e a tomar decis\u00f5es mais informadas ao jogar ou &#8230; <a title=\"Blog\" class=\"read-more\" href=\"https:\/\/mostbetoficial.com\/pt-br\/blog\/\" aria-label=\"Read more about Blog\">\u0427\u0438\u0442\u0430\u0442\u044c \u0434\u0430\u043b\u0435\u0435<\/a><\/p>\n","protected":false},"author":1,"featured_media":0,"parent":0,"menu_order":0,"comment_status":"closed","ping_status":"closed","template":"","meta":{"inline_featured_image":false,"_uag_custom_page_level_css":"","footnotes":""},"class_list":["post-1349","page","type-page","status-publish"],"uagb_featured_image_src":{"full":false,"thumbnail":false,"medium":false,"medium_large":false,"large":false,"1536x1536":false,"2048x2048":false},"uagb_author_info":{"display_name":"developer","author_link":"https:\/\/mostbetoficial.com\/pt-br\/author\/developer\/"},"uagb_comment_info":0,"uagb_excerpt":"Not\u00edcias, dicas e guias sobre ca\u00e7a-n\u00edqueis e apostas esportivas Descubra as \u00faltimas tend\u00eancias, estrat\u00e9gias e not\u00edcias do mundo dos ca\u00e7a-n\u00edqueis, cassinos e jogos de azar on-line. Aqui reunimos artigos informativos que ajudar\u00e3o voc\u00ea a entender melhor os diferentes tipos de jogos, termos-chave como RTP ou volatilidade e a tomar decis\u00f5es mais informadas ao jogar ou&hellip;","_links":{"self":[{"href":"https:\/\/mostbetoficial.com\/pt-br\/wp-json\/wp\/v2\/pages\/1349","targetHints":{"allow":["GET"]}}],"collection":[{"href":"https:\/\/mostbetoficial.com\/pt-br\/wp-json\/wp\/v2\/pages"}],"about":[{"href":"https:\/\/mostbetoficial.com\/pt-br\/wp-json\/wp\/v2\/types\/page"}],"author":[{"embeddable":true,"href":"https:\/\/mostbetoficial.com\/pt-br\/wp-json\/wp\/v2\/users\/1"}],"replies":[{"embeddable":true,"href":"https:\/\/mostbetoficial.com\/pt-br\/wp-json\/wp\/v2\/comments?post=1349"}],"version-history":[{"count":48,"href":"https:\/\/mostbetoficial.com\/pt-br\/wp-json\/wp\/v2\/pages\/1349\/revisions"}],"predecessor-version":[{"id":2086,"href":"https:\/\/mostbetoficial.com\/pt-br\/wp-json\/wp\/v2\/pages\/1349\/revisions\/2086"}],"wp:attachment":[{"href":"https:\/\/mostbetoficial.com\/pt-br\/wp-json\/wp\/v2\/media?parent=1349"}],"curies":[{"name":"wp","href":"https:\/\/api.w.org\/{rel}","templated":true}]}}