{"id":1345,"date":"2022-05-11T18:23:20","date_gmt":"2022-05-11T15:23:20","guid":{"rendered":"https:\/\/mostbetoficial.com\/app\/"},"modified":"2025-07-26T18:16:32","modified_gmt":"2025-07-26T15:16:32","slug":"app","status":"publish","type":"page","link":"https:\/\/mostbetoficial.com\/pt-br\/app\/","title":{"rendered":"APP"},"content":{"rendered":"\n<div class=\"wp-block-group after-head\"><div class=\"wp-block-group__inner-container is-layout-flow wp-block-group-is-layout-flow\">\n<h1 class=\"wp-block-heading has-accent-color has-text-color\">Mostbet App para celular \u2013 Baixar e instalar o APK oficial para Android &amp; iOS<\/h1>\n\n\n\n<p class=\"has-base-3-color has-text-color\">O&nbsp;<em>Mostbet app<\/em>&nbsp;oficial est\u00e1 dispon\u00edvel para Android e iOS, com funcionalidades completas para apostas esportivas e cassino. Ao&nbsp;<em>baixar o aplicativo Mostbet<\/em>&nbsp;no celular, o usu\u00e1rio pode acessar promo\u00e7\u00f5es exclusivas, b\u00f4nus e jogar&nbsp;<em>ao vivo no cassino Mostbet<\/em>. O processo de&nbsp;<em>download do mostbet apk<\/em>&nbsp;\u00e9 simples, seguro e compat\u00edvel com a maioria dos dispositivos m\u00f3veis modernos.<\/p>\n\n\n\n<p class=\"has-base-3-color has-text-color\">Voc\u00ea n\u00e3o sabe como fazer o download? Continue lendo e voc\u00ea descobrir\u00e1 o caminho certo. O mercado de apostas esportivas, o cassino ao vivo, os jogos de azar e muito mais estar\u00e3o esperando por voc\u00ea quando baixar o aplicativo MostBet on-line.  <\/p>\n\n\n\n<p class=\"has-base-3-color has-text-color\"><\/p>\n\n\n\n<p class=\"has-base-3-color has-text-color\"><\/p>\n<\/div><\/div>\n\n\n\n<div class=\"wp-block-cover alignfull is-light\"><span aria-hidden=\"true\" class=\"wp-block-cover__background has-white-background-color has-background-dim-100 has-background-dim\"><\/span><div class=\"wp-block-cover__inner-container is-layout-flow wp-block-cover-is-layout-flow\">\n<h2 class=\"wp-block-heading has-text-align-center has-accent-color has-text-color\" style=\"text-transform:uppercase\">An\u00e1lise da implementa\u00e7\u00e3o<\/h2>\n\n\n\n<p>Al\u00e9m do site MostBet para PC, o aplicativo permite que voc\u00ea fa\u00e7a apostas esportivas com altas probabilidades a partir do seu telefone. O aplicativo m\u00f3vel do cassino tem uma interface intuitiva, \u00e9 otimizado para carregamento r\u00e1pido e tem todos os recursos. <\/p>\n\n\n\n<p>Entre as vantagens de baixar o aplicativo m\u00f3vel MostBet est\u00e3o o menor consumo de dados, o acesso aos mercados esportivos e as apostas ao vivo a apenas alguns cliques de dist\u00e2ncia. Voc\u00ea n\u00e3o est\u00e1 em casa para jogar? Obtenha o aplicativo com o link para baixar o MostBet agora mesmo.  <\/p>\n\n\n\n<figure class=\"wp-block-table\"><table><tbody><tr><td>\u26a1\ufe0f <strong>Vers\u00e3o<\/strong><\/td><td>2.0<\/td><\/tr><tr><td>\u26a1\ufe0f <strong>Seguran\u00e7a<\/strong><\/td><td>Certificado SSL para criptografia de dados e pol\u00edtica de privacidade.<\/td><\/tr><tr><td>\u26a1\ufe0f <strong>Dispositivos (SO)<\/strong><\/td><td>Dispon\u00edvel no Android 5.1 e no iOS 8.0.  <\/td><\/tr><tr><td>\u26a1\ufe0f <strong>Tamanho<\/strong><\/td><td>22,9 MB no Android e 34,52 MB no iOS.<\/td><\/tr><tr><td>\u26a1\ufe0f <strong>Suporte<\/strong><\/td><td>Suporte ao cliente dispon\u00edvel 24 horas por dia.<\/td><\/tr><tr><td>\u26a1\ufe0f <strong>Jogos<\/strong><\/td><td>Apostas esportivas, ao vivo, cassino, cassino ao vivo, Aviator e muito mais.<\/td><\/tr><tr><td>\u26a1\ufe0f <strong>Pre\u00e7o<\/strong><\/td><td>Totalmente gratuito no <a href=\"https:\/\/mostbetoficial.com\/pt-br\/\">site da MostBet<\/a>.<\/td><\/tr><tr><td>\u26a1\ufe0f <strong>Atualiza\u00e7\u00f5es<\/strong> <\/td><td>Nos links para download do aplicativo MostBet, voc\u00ea encontrar\u00e1 a vers\u00e3o mais recente.<\/td><\/tr><tr><td>\u26a1\ufe0f <strong>Idiomas<\/strong><\/td><td>HI, ENG, ES, RU, IN e outros.<\/td><\/tr><\/tbody><\/table><\/figure>\n\n\n<div class=\"wp-block-image is-style-rounded\">\n<figure class=\"aligncenter size-full is-resized\"><a href=\"https:\/\/mostbetoficial.com\/go\/android-app\/\"><img loading=\"lazy\" decoding=\"async\" width=\"1002\" height=\"462\" src=\"https:\/\/mostbetoficial.com\/wp-content\/uploads\/2025\/06\/app-mostbet-2.png\" alt=\"\" class=\"wp-image-934\" style=\"width:995px;height:auto\" srcset=\"https:\/\/mostbetoficial.com\/wp-content\/uploads\/2025\/06\/app-mostbet-2.png 1002w, https:\/\/mostbetoficial.com\/wp-content\/uploads\/2025\/06\/app-mostbet-2-300x138.png 300w, https:\/\/mostbetoficial.com\/wp-content\/uploads\/2025\/06\/app-mostbet-2-768x354.png 768w\" sizes=\"auto, (max-width: 1002px) 100vw, 1002px\" \/><\/a><\/figure>\n<\/div>\n\n\n<div class=\"wp-block-columns is-layout-flex wp-container-core-columns-is-layout-9d6595d7 wp-block-columns-is-layout-flex\">\n<div class=\"wp-block-column is-layout-flow wp-block-column-is-layout-flow\"><\/div>\n\n\n\n<div class=\"wp-block-column is-layout-flow wp-block-column-is-layout-flow\"><\/div>\n<\/div>\n\n\n\n<hr class=\"wp-block-separator has-text-color has-css-opacity has-background\" style=\"background-color:#ff4c00;color:#ff4c00\"\/>\n\n\n\n<div class=\"wp-block-group has-base-2-background-color has-background\"><div class=\"wp-block-group__inner-container is-layout-flow wp-block-group-is-layout-flow\">\n<h2 class=\"wp-block-heading has-text-align-center has-accent-color has-text-color\" style=\"text-transform:uppercase\">Aplicativo Android<\/h2>\n\n\n\n<p>O aplicativo MostBet para <a href=\"https:\/\/mostbetoficial.com\/go\/android-app\/\">Android<\/a> est\u00e1 dispon\u00edvel a partir do software de sistema operacional 5.1 e superior. O aplicativo para Android \u00e9 r\u00e1pido e f\u00e1cil de usar, dando a voc\u00ea acesso a apostas esportivas, jogos de cassino e eSports no seu dispositivo Android.<\/p>\n\n\n\n<p>No aplicativo, voc\u00ea poder\u00e1 acessar m\u00e9todos de pagamento como PayPal, Visa, MasterCard e outros para fazer dep\u00f3sitos e saques. Eventos esportivos como a Liga dos Campe\u00f5es, MLB ou NBA tamb\u00e9m estar\u00e3o dispon\u00edveis no aplicativo para Android. <\/p>\n\n\n\n<p>As etapas para baixar o aplicativo MostBet no Android s\u00e3o as seguintes:<\/p>\n\n\n\n<ul class=\"wp-block-list\">\n<li>Acesse o site oficial da MostBet.<\/li>\n\n\n\n<li>Clique no \u00edcone do Android no banner superior esquerdo.<\/li>\n\n\n\n<li>Clique no bot\u00e3o &#8220;Download for Android&#8221; na nova guia.<\/li>\n\n\n\n<li>Instale o APK correspondente.<\/li>\n<\/ul>\n\n\n\n<p>Os requisitos m\u00ednimos para o aplicativo s\u00e3o pelo menos 150 MB de armazenamento, 1 GB de RAM e um processador com mais de 1,2 GHz. Embora existam muitos dispositivos Android, os usu\u00e1rios que mais usam o aplicativo s\u00e3o Xiaomi Redmi, HTC, Samsung Galaxy, Huawei e outros. <\/p>\n\n\n\n<p>Se voc\u00ea encontrou outro dispositivo para apostar no MostBet, \u00e9 f\u00e1cil desinstalar o aplicativo. Como se trata de um APK, \u00e9 recomend\u00e1vel acessar seus Arquivos e encontrar a pasta onde ele foi instalado; ao exclu\u00ed-lo, voc\u00ea s\u00f3 precisar\u00e1 excluir a pasta e os dados armazenados. <\/p>\n\n\n\n<noindex><p class=\"has-text-align-center has-large-font-size\"><strong><a href=\"https:\/\/mostbetoficial.com\/go\/android-app\/\" target=\"_blank\" data-type=\"link\" data-id=\"https:\/\/mostbetoficial.com\/go\/android-app\/\" rel=\"noreferrer noopener\">Fa\u00e7a o download do aplicativo<\/a><\/strong><\/p><\/noindex>\n<\/div><\/div>\n\n\n\n<hr class=\"wp-block-separator has-text-color has-css-opacity has-background\" style=\"background-color:#ff4c00;color:#ff4c00\"\/>\n\n\n\n<div class=\"wp-block-group has-base-2-background-color has-background\"><div class=\"wp-block-group__inner-container is-layout-flow wp-block-group-is-layout-flow\">\n<h2 class=\"wp-block-heading has-text-align-center has-accent-color has-text-color\" style=\"text-transform:uppercase\">Aplicativo IOS<\/h2>\n\n\n\n<p>Ao instalar o MostBet para iOS, voc\u00ea ver\u00e1 uma interface intuitiva e f\u00e1cil de usar, com a possibilidade de solicitar b\u00f4nus e promo\u00e7\u00f5es ao apostar no conforto do seu iPhone, iPad e outros dispositivos.<\/p>\n\n\n\n<p>Entre as vantagens do MostBet iOS est\u00e1 a desinstala\u00e7\u00e3o r\u00e1pida. Quando voc\u00ea n\u00e3o precisar mais us\u00e1-lo, basta acessar a App Store e exclu\u00ed-lo. Outra vantagem s\u00e3o os jogos de cassino otimizados; as anima\u00e7\u00f5es e os gr\u00e1ficos s\u00e3o de alta qualidade para melhorar a experi\u00eancia. <\/p>\n\n\n\n<p>O processo de instala\u00e7\u00e3o do aplicativo no iOS \u00e9 o seguinte:<\/p>\n\n\n\n<ul class=\"wp-block-list\">\n<li>Fa\u00e7a login no seu perfil m\u00f3vel e acesse sua conta.<\/li>\n\n\n\n<li>Altere o pa\u00eds\/regi\u00e3o para Uzbequist\u00e3o.<\/li>\n\n\n\n<li>Defina &#8220;nenhum&#8221; como m\u00e9todo de pagamento e preencha os dados aleatoriamente.<\/li>\n\n\n\n<li>Clique no bot\u00e3o &#8220;Done&#8221; (Conclu\u00eddo) e feche o menu do perfil.<\/li>\n\n\n\n<li>V\u00e1 para a AppStore e digite &#8220;MostBet&#8221;.<\/li>\n\n\n\n<li>Instale o aplicativo na loja oficial para come\u00e7ar a jogar o jogo<\/li>\n<\/ul>\n\n\n\n<p>Voc\u00ea pode baixar facilmente o MostBet iOS, caso tenha algum erro, recomendamos que voc\u00ea acesse appleid.apple.com para registrar uma nova conta do Uzbequist\u00e3o. Voc\u00ea precisa de 1 GB de RAM, pelo menos o iOS 8.0, 150 MB de armazenamento e um processador com mais de 1,2 GHz. <\/p>\n<\/div><\/div>\n\n\n\n<div style=\"height:25px\" aria-hidden=\"true\" class=\"wp-block-spacer\"><\/div>\n\n\n\n<h2 class=\"wp-block-heading has-text-align-center has-accent-color has-text-color\" style=\"text-transform:uppercase\">Como instalar o aplicativo?<\/h2>\n\n\n<div id=\"rank-math-howto\" class=\"rank-math-block\">\n<div class=\"rank-math-howto-description\">\n\n<\/div>\n\n<div class=\"rank-math-steps \">\n<div id=\"howto-step-1651653197364\" class=\"rank-math-step\">\n<div class=\"rank-math-step-title \"><strong>Acesse o site oficial da MostBet<\/strong><\/div>\n<div class=\"rank-math-step-content \"><p>No seu PC ou na vers\u00e3o m\u00f3vel da MostBet, verifique se voc\u00ea est\u00e1 conectado ao site correto do cassino.<\/p>\n<\/div>\n<\/div>\n<div id=\"howto-step-1651653279969\" class=\"rank-math-step\">\n<div class=\"rank-math-step-title \"><strong>Clique no banner &#8220;Download&#8221; e selecione seu sistema operacional<\/strong><\/div>\n<div class=\"rank-math-step-content \"><p>Escolha Android ou iOS conforme seu dispositivo e clique no bot\u00e3o de download exibido na p\u00e1gina.<\/p>\n<\/div>\n<\/div>\n<div id=\"howto-step-1651653282895\" class=\"rank-math-step\">\n<div class=\"rank-math-step-title \"><strong>Inicie o download e aguarde a instala\u00e7\u00e3o<\/strong><\/div>\n<div class=\"rank-math-step-content \"><p>Para Android, clique em\u00a0<strong>\u201cdescargar Mostbet\u201d<\/strong>\u00a0e o\u00a0<strong>arquivo mostbet apk<\/strong>\u00a0ser\u00e1 baixado automaticamente. No iOS, o processo segue via App Store.<\/p>\n<\/div>\n<\/div>\n<div id=\"howto-step-1652194535069\" class=\"rank-math-step\">\n<div class=\"rank-math-step-title \"><strong>Crie sua conta ou fa\u00e7a login<\/strong><\/div>\n<div class=\"rank-math-step-content \"><p>O registro no aplicativo MostBet \u00e9 simples \u2014 use seu celular, e-mail ou redes sociais. Se j\u00e1 tiver conta, basta fazer login.<\/p>\n<\/div>\n<\/div>\n<div id=\"howto-step-1652194554029\" class=\"rank-math-step\">\n<div class=\"rank-math-step-title \"><strong>Escolha os jogos em que voc\u00ea quer apostar<\/strong><\/div>\n<div class=\"rank-math-step-content \"><p>No aplicativo\u00a0<strong>Mostbet casino app<\/strong>, voc\u00ea encontrar\u00e1 uma ampla variedade de jogos. Escolha entre apostas esportivas, cassino ao vivo, slots e mais.<\/p>\n<\/div>\n<\/div>\n<div id=\"howto-step-1652263354031\" class=\"rank-math-step\">\n<div class=\"rank-math-step-title \"><strong>Complete os requisitos e receba o b\u00f4nus<\/strong><\/div>\n<div class=\"rank-math-step-content \"><p>Ao concluir seu cadastro e realizar o primeiro dep\u00f3sito em at\u00e9 7 dias, voc\u00ea poder\u00e1 receber\u00a0<strong>125% de b\u00f4nus + 250 rodadas gr\u00e1tis<\/strong>.<\/p>\n<\/div>\n<\/div>\n<\/div>\n<\/div>\n\n\n<div class=\"wp-block-group has-base-2-background-color has-background\"><div class=\"wp-block-group__inner-container is-layout-flow wp-block-group-is-layout-flow\">\n<h2 class=\"wp-block-heading has-text-align-center has-accent-color has-text-color\" style=\"text-transform:uppercase\">MostBet Mobile<\/h2>\n\n\n\n<p>O cassino MostBet tem uma vers\u00e3o m\u00f3vel para os usu\u00e1rios que desejam desfrutar da melhor experi\u00eancia a partir do navegador do seu telefone. A vers\u00e3o garante uma interface compat\u00edvel com todos os dispositivos m\u00f3veis e tem todas as ferramentas que voc\u00ea precisa quando se trata de jogos de azar. <\/p>\n\n\n\n<p>A vers\u00e3o MostBet Mobile tem todos os recursos do aplicativo para Android, iOS ou PC; n\u00e3o importa qual navegador voc\u00ea tenha no seu celular, voc\u00ea poder\u00e1 fazer login no cassino e desfrutar da mesma experi\u00eancia que nas outras vers\u00f5es. Voc\u00ea aproveitar\u00e1 os benef\u00edcios e economizar\u00e1 espa\u00e7o e tempo de download nos aplicativos. <\/p>\n\n\n\n<p>Para fazer login na vers\u00e3o m\u00f3vel, voc\u00ea s\u00f3 precisa digitar seu nome de usu\u00e1rio e senha, assim como no site para PC. Os b\u00f4nus e as promo\u00e7\u00f5es dos seus jogos favoritos estar\u00e3o dispon\u00edveis para voc\u00ea a qualquer momento. Voc\u00ea poder\u00e1 acessar as op\u00e7\u00f5es de assist\u00eancia e suporte sempre que precisar.  <\/p>\n\n\n\n<figure class=\"wp-block-image size-full is-style-rounded\"><a href=\"https:\/\/mostbetoficial.com\/go\/android-app\/\"><img loading=\"lazy\" decoding=\"async\" width=\"1200\" height=\"451\" src=\"https:\/\/mostbetoficial.com\/wp-content\/uploads\/2022\/05\/aplicacion-movil-mostbet-1.jpg\" alt=\"aplicativo m\u00f3vel da mostbet\" class=\"wp-image-555\" srcset=\"https:\/\/mostbetoficial.com\/wp-content\/uploads\/2022\/05\/aplicacion-movil-mostbet-1.jpg 1200w, https:\/\/mostbetoficial.com\/wp-content\/uploads\/2022\/05\/aplicacion-movil-mostbet-1-300x113.jpg 300w, https:\/\/mostbetoficial.com\/wp-content\/uploads\/2022\/05\/aplicacion-movil-mostbet-1-1024x385.jpg 1024w, https:\/\/mostbetoficial.com\/wp-content\/uploads\/2022\/05\/aplicacion-movil-mostbet-1-768x289.jpg 768w\" sizes=\"auto, (max-width: 1200px) 100vw, 1200px\" \/><\/a><\/figure>\n<\/div><\/div>\n\n\n\n<h2 class=\"wp-block-heading has-text-align-center has-accent-color has-text-color\" style=\"text-transform:uppercase\">Vantagens do APP Mostbet<\/h2>\n\n\n\n<p>O cassino on-line MostBet \u00e9 ideal para apostas esportivas, jogos de cassino e apostas ao vivo, pois garante as melhores probabilidades do mercado e uma variedade de b\u00f4nus para os usu\u00e1rios. O sistema de aplicativo m\u00f3vel e a vers\u00e3o para PC n\u00e3o t\u00eam muitas diferen\u00e7as, mas voc\u00ea pode contar com suas vantagens. <\/p>\n\n\n\n<p>As vantagens do aplicativo m\u00f3vel incluem o seguinte:<\/p>\n\n\n\n<figure class=\"wp-block-table\"><table><tbody><tr><td>\u26a1\ufe0f <strong>Velocidade<\/strong><\/td><td>A velocidade de carregamento do aplicativo m\u00f3vel MostBet garante tempos de carregamento mais r\u00e1pidos ao pesquisar novos mercados de apostas, jogos de cassino on-line e apostas ao vivo.<\/td><\/tr><tr><td>\u26a1\ufe0f <strong>B\u00f4nus<\/strong>  <\/td><td>O acesso aos b\u00f4nus por meio do aplicativo on-line \u00e9 facilitado por uma variedade de m\u00e9todos de pagamento vinculados ao seu telefone; voc\u00ea pode fazer seus dep\u00f3sitos e receber seus b\u00f4nus.<\/td><\/tr><tr><td>\u26a1\ufe0f <strong>Funcionalidades<\/strong><\/td><td>Assim como na vers\u00e3o para PC, os aplicativos m\u00f3veis oferecem uma s\u00e9rie de recursos para aprimorar o desempenho de suas apostas, como giros autom\u00e1ticos e apostas parlay.<\/td><\/tr><tr><td>\u26a1\ufe0f <strong>Atualiza\u00e7\u00f5es<\/strong><\/td><td>As atualiza\u00e7\u00f5es do aplicativo significam que n\u00e3o \u00e9 necess\u00e1rio desinstalar e baixar novamente o aplicativo m\u00f3vel sempre que houver novos desenvolvimentos. Eles aprimoram a experi\u00eancia e adicionam novos recursos.<\/td><\/tr><tr><td>\u26a1\ufe0f <strong>Assist\u00eancia<\/strong>  <\/td><td>O servi\u00e7o de atendimento ao cliente e o sistema de suporte s\u00e3o r\u00e1pidos no aplicativo m\u00f3vel; voc\u00ea ter\u00e1 a facilidade de responder \u00e0s suas d\u00favidas em minutos entrando em contato com um profissional.<\/td><\/tr><tr><td>\u26a1\ufe0f <strong>Liberdade<\/strong>  <\/td><td>Com o aplicativo m\u00f3vel, voc\u00ea tem a liberdade de apostar a qualquer momento, mesmo se estiver longe de casa, do trabalho ou do mercado. Voc\u00ea s\u00f3 precisa ter internet e o APK.<\/td><\/tr><tr><td>\u26a1\ufe0f <strong>Otimiza\u00e7\u00e3o<\/strong><\/td><td>Independentemente do seu telefone, voc\u00ea provavelmente conseguir\u00e1 fazer o download da MostBet para celular, pois ela \u00e9 bem otimizada e garante um bom desempenho para uma boa experi\u00eancia de apostas.<\/td><\/tr><tr><td>\u26a1\ufe0f <strong>Disponibilidade<\/strong><\/td><td>Os apostadores t\u00eam a oportunidade de acessar o aplicativo m\u00f3vel sem VPN. Voc\u00ea poder\u00e1 acessar os benef\u00edcios, b\u00f4nus e vantagens de qualquer pa\u00eds para participar de um cassino licenciado.<\/td><\/tr><\/tbody><\/table><\/figure>\n\n\n\n<h2 class=\"wp-block-heading has-text-align-center has-accent-color has-text-color\" style=\"text-transform:uppercase\">Perguntas frequentes<\/h2>\n<\/div><\/div>\n\n\n<div id=\"rank-math-faq\" class=\"rank-math-block\">\n<div class=\"rank-math-list \">\n<div id=\"faq-question-1653387102959\" class=\"rank-math-list-item\">\n<div class=\"rank-math-question \"><strong><strong>Como fa\u00e7o para jogar Mostbet no meu celular?<\/strong><\/strong><\/div>\n<div class=\"rank-math-answer \">\n\n<p>Para jogar no cassino MostBet, al\u00e9m dos aplicativos, voc\u00ea tamb\u00e9m pode acessar a vers\u00e3o m\u00f3vel do seu navegador, pois ela se adapta a todos os dispositivos m\u00f3veis.<\/p>\n\n<\/div>\n<\/div>\n<div id=\"faq-question-1653387114039\" class=\"rank-math-list-item\">\n<div class=\"rank-math-question \"><strong><strong>Onde posso baixar o Mostbet gratuitamente?<\/strong><\/strong><\/div>\n<div class=\"rank-math-answer \">\n\n<p>No site oficial, no banner &#8220;Download&#8221; no canto superior esquerdo, voc\u00ea encontrar\u00e1 o aplicativo para Android ou iOS.<\/p>\n\n<\/div>\n<\/div>\n<div id=\"faq-question-1653387128127\" class=\"rank-math-list-item\">\n<div class=\"rank-math-question \"><strong><strong>Quais b\u00f4nus est\u00e3o dispon\u00edveis no APK?<\/strong><\/strong><\/div>\n<div class=\"rank-math-answer \">\n\n<p>No aplicativo para Android, voc\u00ea pode solicitar todos os b\u00f4nus dispon\u00edveis no cassino MostBet e tamb\u00e9m resgatar c\u00f3digos promocionais ativos.<\/p>\n\n<\/div>\n<\/div>\n<div id=\"faq-question-1653387144699\" class=\"rank-math-list-item\">\n<div class=\"rank-math-question \"><strong>Aplicativo oficial para PC<\/strong><\/div>\n<div class=\"rank-math-answer \">\n\n<p>O aplicativo MostBet para PC est\u00e1 dispon\u00edvel para Windows 10, 8 e 7 e MAC a partir da vers\u00e3o 11.0 ou superior do macOS.<\/p>\n\n<\/div>\n<\/div>\n<div id=\"faq-question-1751836484882\" class=\"rank-math-list-item\">\n<div class=\"rank-math-question \">Como posso\u00a0<em>descargar<\/em>\u00a0o Mostbet app no celular?<\/div>\n<div class=\"rank-math-answer \">\n\n<p>Para\u00a0<em>descargar<\/em>\u00a0o aplicativo Mostbet no seu celular, acesse o site oficial, clique no bot\u00e3o \u201cDownload\u201d e selecione seu sistema operacional. A instala\u00e7\u00e3o come\u00e7ar\u00e1 automaticamente, seja no Android ou no iOS.<\/p>\n\n<\/div>\n<\/div>\n<\/div>\n<\/div>","protected":false},"excerpt":{"rendered":"<p>Mostbet App para celular \u2013 Baixar e instalar o APK oficial para Android &amp; iOS O&nbsp;Mostbet app&nbsp;oficial est\u00e1 dispon\u00edvel para Android e iOS, com funcionalidades completas para apostas esportivas e cassino. Ao&nbsp;baixar o aplicativo Mostbet&nbsp;no celular, o usu\u00e1rio pode acessar promo\u00e7\u00f5es exclusivas, b\u00f4nus e jogar&nbsp;ao vivo no cassino Mostbet. O processo de&nbsp;download do mostbet apk&nbsp;\u00e9 &#8230; <a title=\"APP\" class=\"read-more\" href=\"https:\/\/mostbetoficial.com\/pt-br\/app\/\" aria-label=\"Read more about APP\">\u0427\u0438\u0442\u0430\u0442\u044c \u0434\u0430\u043b\u0435\u0435<\/a><\/p>\n","protected":false},"author":1,"featured_media":0,"parent":0,"menu_order":0,"comment_status":"closed","ping_status":"closed","template":"","meta":{"inline_featured_image":false,"_uag_custom_page_level_css":"","footnotes":""},"class_list":["post-1345","page","type-page","status-publish"],"uagb_featured_image_src":{"full":false,"thumbnail":false,"medium":false,"medium_large":false,"large":false,"1536x1536":false,"2048x2048":false},"uagb_author_info":{"display_name":"developer","author_link":"https:\/\/mostbetoficial.com\/pt-br\/author\/developer\/"},"uagb_comment_info":0,"uagb_excerpt":"Mostbet App para celular \u2013 Baixar e instalar o APK oficial para Android &amp; iOS O&nbsp;Mostbet app&nbsp;oficial est\u00e1 dispon\u00edvel para Android e iOS, com funcionalidades completas para apostas esportivas e cassino. Ao&nbsp;baixar o aplicativo Mostbet&nbsp;no celular, o usu\u00e1rio pode acessar promo\u00e7\u00f5es exclusivas, b\u00f4nus e jogar&nbsp;ao vivo no cassino Mostbet. O processo de&nbsp;download do mostbet apk&nbsp;\u00e9&hellip;","_links":{"self":[{"href":"https:\/\/mostbetoficial.com\/pt-br\/wp-json\/wp\/v2\/pages\/1345","targetHints":{"allow":["GET"]}}],"collection":[{"href":"https:\/\/mostbetoficial.com\/pt-br\/wp-json\/wp\/v2\/pages"}],"about":[{"href":"https:\/\/mostbetoficial.com\/pt-br\/wp-json\/wp\/v2\/types\/page"}],"author":[{"embeddable":true,"href":"https:\/\/mostbetoficial.com\/pt-br\/wp-json\/wp\/v2\/users\/1"}],"replies":[{"embeddable":true,"href":"https:\/\/mostbetoficial.com\/pt-br\/wp-json\/wp\/v2\/comments?post=1345"}],"version-history":[{"count":13,"href":"https:\/\/mostbetoficial.com\/pt-br\/wp-json\/wp\/v2\/pages\/1345\/revisions"}],"predecessor-version":[{"id":1971,"href":"https:\/\/mostbetoficial.com\/pt-br\/wp-json\/wp\/v2\/pages\/1345\/revisions\/1971"}],"wp:attachment":[{"href":"https:\/\/mostbetoficial.com\/pt-br\/wp-json\/wp\/v2\/media?parent=1345"}],"curies":[{"name":"wp","href":"https:\/\/api.w.org\/{rel}","templated":true}]}}